{"id":21701,"date":"2019-08-21T19:34:58","date_gmt":"2019-08-21T17:34:58","guid":{"rendered":"https:\/\/macchiaverde-bio.shop\/fizetesi-modok\/"},"modified":"2025-02-03T01:13:53","modified_gmt":"2025-02-03T00:13:53","slug":"fizetesi-modok","status":"publish","type":"page","link":"https:\/\/macchiaverde-bio.shop\/hu\/fizetesi-modok\/","title":{"rendered":"fizet\u00e9si m\u00f3dok"},"content":{"rendered":"\n<div class=\"container section-title-container\" ><h1 class=\"section-title section-title-normal\"><b aria-hidden=\"true\"><\/b><span class=\"section-title-main\" >fizet\u00e9si lehet\u0151s\u00e9gek<\/span><b aria-hidden=\"true\"><\/b><\/h1><\/div>\n\n<section class=\"av_textblock_section\">\n<div class=\"avia_textblock\">\n<p>Rendel\u00e9s lead\u00e1sa ol\u00edvaolaj web\u00e1ruh\u00e1zunkban nagyon egyszer\u0171.  <br>Ak\u00e1r mobileszk\u00f6z\u00f6n, ak\u00e1r PC-n!<br>A legelterjedtebb fizet\u00e9si m\u00f3dok sz\u00e9les v\u00e1laszt\u00e9k\u00e1val k\u00e9nyelmesen feldolgozhatja fizet\u00e9seit platformunkon.<\/p>\n<\/div>\n<\/section>\n<section class=\"av_textblock_section\">\n<div class=\"avia_textblock\">\n<h3>PayPal<\/h3>\n<p>Haszn\u00e1lja <strong>PayPal<\/strong> -fi\u00f3kj\u00e1t, \u00e9s rendeljen a megszokott m\u00f3don.<\/p>\n<h3>hitelk\u00e1rty\u00e1k<strong><br><\/strong><\/h3>\n<p><strong>Mastercard, Visa, American Express<\/strong> k\u00f6z\u00fcl v\u00e1laszthat.<br> K\u00e9rj\u00fck, vegye figyelembe, hogy sz\u00fcks\u00e9ge lehet hitelk\u00e1rtya hozz\u00e1f\u00e9r\u00e9si jelszav\u00e1ra<br> (Visa vagy MasterCard 3D-Secure \u00e1ltal igazolt).<\/p>\n<h3>Giropay<\/h3>\n<p>A fizet\u00e9st k\u00f6zvetlen\u00fcl az <strong>online banki<\/strong> szolg\u00e1ltat\u00e1sokon kereszt\u00fcl kezdem\u00e9nyezheti.<\/p>\n<\/div>\n<\/section>\n\t<div class=\"img has-hover x md-x lg-x y md-y lg-y\" id=\"image_575860069\">\n\t\t\t\t\t\t\t\t<div class=\"img-inner dark\" >\n\t\t\t<img loading=\"lazy\" decoding=\"async\" width=\"920\" height=\"90\" src=\"https:\/\/macchiaverde-bio.shop\/wp-content\/uploads\/2022\/03\/olivenoel-zahlungsmethoden.webp\" class=\"attachment-large size-large\" alt=\"\" srcset=\"https:\/\/macchiaverde-bio.shop\/wp-content\/uploads\/2022\/03\/olivenoel-zahlungsmethoden.webp 920w, https:\/\/macchiaverde-bio.shop\/wp-content\/uploads\/2022\/03\/olivenoel-zahlungsmethoden-800x78.webp 800w, https:\/\/macchiaverde-bio.shop\/wp-content\/uploads\/2022\/03\/olivenoel-zahlungsmethoden-768x75.webp 768w, https:\/\/macchiaverde-bio.shop\/wp-content\/uploads\/2022\/03\/olivenoel-zahlungsmethoden-510x50.webp 510w\" sizes=\"auto, (max-width: 920px) 100vw, 920px\" \/>\t\t\t\t\t\t\n\t\t\t\t\t<\/div>\n\t\t\t\t\t\t\t\t\n<style>\n#image_575860069 {\n  width: 100%;\n}\n<\/style>\n\t<\/div>\n\t\n\n\n","protected":false},"excerpt":{"rendered":"","protected":false},"author":1,"featured_media":0,"parent":0,"menu_order":11,"comment_status":"closed","ping_status":"closed","template":"","meta":{"footnotes":""},"class_list":["post-21701","page","type-page","status-publish","hentry"],"_links":{"self":[{"href":"https:\/\/macchiaverde-bio.shop\/hu\/wp-json\/wp\/v2\/pages\/21701","targetHints":{"allow":["GET"]}}],"collection":[{"href":"https:\/\/macchiaverde-bio.shop\/hu\/wp-json\/wp\/v2\/pages"}],"about":[{"href":"https:\/\/macchiaverde-bio.shop\/hu\/wp-json\/wp\/v2\/types\/page"}],"author":[{"embeddable":true,"href":"https:\/\/macchiaverde-bio.shop\/hu\/wp-json\/wp\/v2\/users\/1"}],"replies":[{"embeddable":true,"href":"https:\/\/macchiaverde-bio.shop\/hu\/wp-json\/wp\/v2\/comments?post=21701"}],"version-history":[{"count":0,"href":"https:\/\/macchiaverde-bio.shop\/hu\/wp-json\/wp\/v2\/pages\/21701\/revisions"}],"wp:attachment":[{"href":"https:\/\/macchiaverde-bio.shop\/hu\/wp-json\/wp\/v2\/media?parent=21701"}],"curies":[{"name":"wp","href":"https:\/\/api.w.org\/{rel}","templated":true}]}}