{"id":21699,"date":"2019-08-21T19:34:58","date_gmt":"2019-08-21T17:34:58","guid":{"rendered":"https:\/\/macchiaverde-bio.shop\/szallitasi-modok\/"},"modified":"2025-02-03T01:13:21","modified_gmt":"2025-02-03T00:13:21","slug":"szallitasi-modok","status":"publish","type":"page","link":"https:\/\/macchiaverde-bio.shop\/hu\/szallitasi-modok\/","title":{"rendered":"sz\u00e1ll\u00edt\u00e1si m\u00f3dok"},"content":{"rendered":"\n<div class=\"container section-title-container\" ><h1 class=\"section-title section-title-normal\"><b aria-hidden=\"true\"><\/b><span class=\"section-title-main\" >sz\u00e1ll\u00edt\u00e1si m\u00f3dok<\/span><b aria-hidden=\"true\"><\/b><\/h1><\/div>\n\n<p> <\/p>\n<h3><span style=\"color: #555555;\"><span style=\"caret-color: #555555;\">Orsz\u00e1gos Rendek<br><\/span><\/span><\/h3>\n<p><strong>Nem sz\u00e1m\u00edtunk fel sz\u00e1ll\u00edt\u00e1si k\u00f6lts\u00e9get<\/strong> a macchiaverde-bio.shop <strong>N\u00e9metorsz\u00e1gon<\/strong> \u00e9s <strong>Ausztri\u00e1n<\/strong> bel\u00fcli \u00f6sszes megrendel\u00e9s\u00e9\u00e9rt.<br> Ez minden legfeljebb 16,5 kg \u00f6sszt\u00f6meg\u0171 sz\u00e1ll\u00edtm\u00e1nyra vonatkozik.<br> Ol\u00edvaolaj-rendel\u00e9s\u00e9t k\u00f6zvetlen\u00fcl Olaszorsz\u00e1gb\u00f3l sz\u00e1ll\u00edtjuk ki k\u00fcl\u00f6nb\u00f6z\u0151 fut\u00e1rok seg\u00edts\u00e9g\u00e9vel.<\/p>\n<p> <\/p>\n<h3><span style=\"color: #555555;\"><span style=\"caret-color: #555555;\">Nemzetk\u00f6zi rendel\u00e9sek<br><\/span><\/span><\/h3>\n<p>A k\u00f6vetkez\u0151 orsz\u00e1gokba sz\u00e1ll\u00edtunk\/sz\u00e1ll\u00edtunk:<\/p>\n<div class=\"row row-small\" style=\"max-width:75%\" id=\"row-241632746\">\n\n\n\t<div id=\"col-1470546752\" class=\"col medium-3 small-12 large-3\"  >\n\t\t\t\t<div class=\"col-inner\"  >\n\t\t\t\n\t\t\t\n\n<ul>\n<li class=\"av-special-heading-tag\">Belgium<\/li>\n<li>D\u00e1nia<\/li>\n<li>Anglia<\/li>\n<li>Finnorsz\u00e1g<\/li>\n<li>Franciaorsz\u00e1g<\/li>\n<li class=\"av-special-heading-tag\">Liechtenstein<\/li>\n<\/ul>\n\n\t\t<\/div>\n\t\t\t\t\t<\/div>\n\n\t\n\n\t<div id=\"col-773426526\" class=\"col medium-3 small-12 large-3\"  >\n\t\t\t\t<div class=\"col-inner\"  >\n\t\t\t\n\t\t\t\n\n<ul>\n<li class=\"av-special-heading-tag\">Luxemburg<\/li>\n<li class=\"av-special-heading-tag\">Hollandia<\/li>\n<li>Norv\u00e9gia<\/li>\n<li class=\"av-special-heading-tag\">Lengyelorsz\u00e1g<\/li>\n<li>Sv\u00e9dorsz\u00e1g<\/li>\n<\/ul>\n\n\t\t<\/div>\n\t\t\t\t\t<\/div>\n\n\t\n\n\t<div id=\"col-218060306\" class=\"col medium-3 small-12 large-3\"  >\n\t\t\t\t<div class=\"col-inner\"  >\n\t\t\t\n\t\t\t\n\n<ul>\n<li class=\"av-special-heading-tag\">Sv\u00e1jc<\/li>\n<li class=\"av-special-heading-tag\">Szlov\u00e1kia<\/li>\n<li class=\"av-special-heading-tag\">Szlov\u00e9nia<\/li>\n<li class=\"av-special-heading-tag\">Csehorsz\u00e1g<\/li>\n<li class=\"av-special-heading-tag\">Magyarorsz\u00e1g<\/li>\n<\/ul>\n\n\t\t<\/div>\n\t\t\t\t\t<\/div>\n\n\t\n\n<\/div>\n<h3>Nemzetk\u00f6zi sz\u00e1ll\u00edt\u00e1si k\u00f6lts\u00e9gek<\/h3>\n<p>A magasabb sz\u00e1ll\u00edt\u00e1si k\u00f6lts\u00e9gek miatt 14,90 EUR sz\u00e1ll\u00edt\u00e1si d\u00edjat sz\u00e1m\u00edtunk fel.<\/p>\n<div class=\"is-divider divider clearfix\" style=\"max-width:100%;height:1px;\"><\/div>\n\n<h3 class=\"av-special-heading-tag\">Sz\u00e1ll\u00edt\u00e1si partnereink<\/h3>\n<div class=\"row align-middle align-center\"  id=\"row-825870360\">\n\n\n\t<div id=\"col-1168256228\" class=\"col medium-3 small-6 large-3\"  >\n\t\t\t\t<div class=\"col-inner\"  >\n\t\t\t\n\t\t\t\n\n\t<div class=\"img has-hover x md-x lg-x y md-y lg-y\" id=\"image_827905013\">\n\t\t\t\t\t\t\t\t<div class=\"img-inner dark\" >\n\t\t\t\t\t\t\t\t\t\n\t\t\t\t\t<\/div>\n\t\t\t\t\t\t\t\t\n<style>\n#image_827905013 {\n  width: 100%;\n}\n<\/style>\n\t<\/div>\n\t\n\n\n\t\t<\/div>\n\t\t\t\t\t<\/div>\n\n\t\n\n\t<div id=\"col-607255837\" class=\"col medium-3 small-6 large-3\"  >\n\t\t\t\t<div class=\"col-inner\"  >\n\t\t\t\n\t\t\t\n\n\t<div class=\"img has-hover x md-x lg-x y md-y lg-y\" id=\"image_1101336352\">\n\t\t\t\t\t\t\t\t<div class=\"img-inner dark\" >\n\t\t\t\t\t\t\t\t\t\n\t\t\t\t\t<\/div>\n\t\t\t\t\t\t\t\t\n<style>\n#image_1101336352 {\n  width: 100%;\n}\n<\/style>\n\t<\/div>\n\t\n\n\n\t\t<\/div>\n\t\t\t\t\t<\/div>\n\n\t\n\n\t<div id=\"col-242818559\" class=\"col medium-3 small-6 large-3\"  >\n\t\t\t\t<div class=\"col-inner\"  >\n\t\t\t\n\t\t\t\n\n\t<div class=\"img has-hover x md-x lg-x y md-y lg-y\" id=\"image_1623894280\">\n\t\t\t\t\t\t\t\t<div class=\"img-inner dark\" >\n\t\t\t\t\t\t\t\t\t\n\t\t\t\t\t<\/div>\n\t\t\t\t\t\t\t\t\n<style>\n#image_1623894280 {\n  width: 100%;\n}\n<\/style>\n\t<\/div>\n\t\n\n\n\t\t<\/div>\n\t\t\t\t\t<\/div>\n\n\t\n\n\t<div id=\"col-2003027881\" class=\"col medium-3 small-6 large-3\"  >\n\t\t\t\t<div class=\"col-inner\"  >\n\t\t\t\n\t\t\t\n\n\t<div class=\"img has-hover x md-x lg-x y md-y lg-y\" id=\"image_374369172\">\n\t\t\t\t\t\t\t\t<div class=\"img-inner dark\" >\n\t\t\t\t\t\t\t\t\t\n\t\t\t\t\t<\/div>\n\t\t\t\t\t\t\t\t\n<style>\n#image_374369172 {\n  width: 100%;\n}\n<\/style>\n\t<\/div>\n\t\n\n\n\t\t<\/div>\n\t\t\t\t\t<\/div>\n\n\t\n\n<\/div>\n\n","protected":false},"excerpt":{"rendered":"","protected":false},"author":1,"featured_media":0,"parent":0,"menu_order":12,"comment_status":"closed","ping_status":"closed","template":"","meta":{"footnotes":""},"class_list":["post-21699","page","type-page","status-publish","hentry"],"_links":{"self":[{"href":"https:\/\/macchiaverde-bio.shop\/hu\/wp-json\/wp\/v2\/pages\/21699","targetHints":{"allow":["GET"]}}],"collection":[{"href":"https:\/\/macchiaverde-bio.shop\/hu\/wp-json\/wp\/v2\/pages"}],"about":[{"href":"https:\/\/macchiaverde-bio.shop\/hu\/wp-json\/wp\/v2\/types\/page"}],"author":[{"embeddable":true,"href":"https:\/\/macchiaverde-bio.shop\/hu\/wp-json\/wp\/v2\/users\/1"}],"replies":[{"embeddable":true,"href":"https:\/\/macchiaverde-bio.shop\/hu\/wp-json\/wp\/v2\/comments?post=21699"}],"version-history":[{"count":0,"href":"https:\/\/macchiaverde-bio.shop\/hu\/wp-json\/wp\/v2\/pages\/21699\/revisions"}],"wp:attachment":[{"href":"https:\/\/macchiaverde-bio.shop\/hu\/wp-json\/wp\/v2\/media?parent=21699"}],"curies":[{"name":"wp","href":"https:\/\/api.w.org\/{rel}","templated":true}]}}