{"id":21697,"date":"2015-11-19T10:40:52","date_gmt":"2015-11-19T09:40:52","guid":{"rendered":"https:\/\/macchiaverde-bio.shop\/bevasarlokocsi\/"},"modified":"2025-02-03T01:11:55","modified_gmt":"2025-02-03T00:11:55","slug":"bevasarlokocsi","status":"publish","type":"page","link":"https:\/\/macchiaverde-bio.shop\/hu\/bevasarlokocsi\/","title":{"rendered":"bev\u00e1s\u00e1rl\u00f3kocsi"},"content":{"rendered":"\n\n","protected":false},"excerpt":{"rendered":"","protected":false},"author":179,"featured_media":0,"parent":0,"menu_order":16,"comment_status":"closed","ping_status":"closed","template":"","meta":{"footnotes":""},"class_list":["post-21697","page","type-page","status-publish","hentry"],"_links":{"self":[{"href":"https:\/\/macchiaverde-bio.shop\/hu\/wp-json\/wp\/v2\/pages\/21697","targetHints":{"allow":["GET"]}}],"collection":[{"href":"https:\/\/macchiaverde-bio.shop\/hu\/wp-json\/wp\/v2\/pages"}],"about":[{"href":"https:\/\/macchiaverde-bio.shop\/hu\/wp-json\/wp\/v2\/types\/page"}],"author":[{"embeddable":true,"href":"https:\/\/macchiaverde-bio.shop\/hu\/wp-json\/wp\/v2\/users\/179"}],"replies":[{"embeddable":true,"href":"https:\/\/macchiaverde-bio.shop\/hu\/wp-json\/wp\/v2\/comments?post=21697"}],"version-history":[{"count":0,"href":"https:\/\/macchiaverde-bio.shop\/hu\/wp-json\/wp\/v2\/pages\/21697\/revisions"}],"wp:attachment":[{"href":"https:\/\/macchiaverde-bio.shop\/hu\/wp-json\/wp\/v2\/media?parent=21697"}],"curies":[{"name":"wp","href":"https:\/\/api.w.org\/{rel}","templated":true}]}}