{"id":21689,"date":"2019-08-21T19:34:58","date_gmt":"2019-08-21T17:34:58","guid":{"rendered":"https:\/\/macchiaverde-bio.shop\/impresszum\/"},"modified":"2025-02-03T00:59:42","modified_gmt":"2025-02-02T23:59:42","slug":"impresszum","status":"publish","type":"page","link":"https:\/\/macchiaverde-bio.shop\/hu\/impresszum\/","title":{"rendered":"impresszum"},"content":{"rendered":"\n<div class=\"container section-title-container\" ><h3 class=\"section-title section-title-normal\"><b aria-hidden=\"true\"><\/b><span class=\"section-title-main\" >impresszum<\/span><b aria-hidden=\"true\"><\/b><\/h3><\/div>\n\n<p><strong>Oper\u00e1tor:<br><\/strong> MACCHIA VERDE BIO<br> <strong>szerz\u0151:<\/strong> Caterina Scarola<\/p>\n<p><strong>C\u00edm:<\/strong><br> Via Soldato Pasquale Giovanniello No. 1<br> 70025&nbsp; Grumo Appula (BA)<br> Olaszorsz\u00e1g<\/p>\n<p><strong>Bari Ker\u00fcleti B\u00edr\u00f3s\u00e1g<\/strong> (BA)<br> <strong>\u00c1fasz\u00e1m:<\/strong> IT07100320725<br> <strong>Felel\u0151s ad\u00f3hivatal:<\/strong> Bari<br> <strong>A TMG 5. \u00a7-a szerinti tartalom\u00e9rt felel\u0151s szem\u00e9ly:<\/strong> Caterina Scarola<\/p>\n<p>Telefon: +39 328 672 9896<br>Email:  <a>contatto@macchiaverdebio.it<\/p>\n<p><\/a>Biotan\u00fas\u00edtv\u00e1ny \u00e9s ellen\u0151rz\u00e9si sz\u00e1m:<\/p>\n\t<div class=\"img has-hover x md-x lg-x y md-y lg-y\" id=\"image_1140660593\">\n\t\t\t\t\t\t\t\t<div class=\"img-inner dark\" >\n\t\t\t<img loading=\"lazy\" decoding=\"async\" width=\"770\" height=\"451\" src=\"https:\/\/macchiaverde-bio.shop\/wp-content\/uploads\/2024\/07\/bio-siegel.png\" class=\"attachment-original size-original\" alt=\"\" srcset=\"https:\/\/macchiaverde-bio.shop\/wp-content\/uploads\/2024\/07\/bio-siegel.png 770w, https:\/\/macchiaverde-bio.shop\/wp-content\/uploads\/2024\/07\/bio-siegel-683x400.png 683w, https:\/\/macchiaverde-bio.shop\/wp-content\/uploads\/2024\/07\/bio-siegel-768x450.png 768w, https:\/\/macchiaverde-bio.shop\/wp-content\/uploads\/2024\/07\/bio-siegel-510x299.png 510w, https:\/\/macchiaverde-bio.shop\/wp-content\/uploads\/2024\/07\/bio-siegel-102x60.png 102w, https:\/\/macchiaverde-bio.shop\/wp-content\/uploads\/2024\/07\/bio-siegel-154x90.png 154w\" sizes=\"auto, (max-width: 770px) 100vw, 770px\" \/>\t\t\t\t\t\t\n\t\t\t\t\t<\/div>\n\t\t\t\t\t\t\t\t\n<style>\n#image_1140660593 {\n  width: 34%;\n}\n<\/style>\n\t<\/div>\n\t\n\n\t<div class=\"img has-hover x md-x lg-x y md-y lg-y\" id=\"image_577004244\">\n\t\t\t\t\t\t\t\t<div class=\"img-inner dark\" style=\"margin:0px 0px 24px 0px;\">\n\t\t\t\t\t\t\t\t\t\n\t\t\t\t\t<\/div>\n\t\t\t\t\t\t\t\t\n<style>\n#image_577004244 {\n  width: 47%;\n}\n<\/style>\n\t<\/div>\n\t\n\n<p><strong>Koncepci\u00f3\/Art Design\/Programoz\u00e1s:<\/strong><\/p>\n<p>Pure Goodness GmbH<br> Hivatal:<br> Badestra\u00dfe 14<br> 63628 Bad Soden-Salm\u00fcnster<br> info@pure-goodness.com<br> N\u00e9metorsz\u00e1g<\/p>\n\n\n","protected":false},"excerpt":{"rendered":"","protected":false},"author":1,"featured_media":0,"parent":0,"menu_order":6,"comment_status":"closed","ping_status":"closed","template":"","meta":{"footnotes":""},"class_list":["post-21689","page","type-page","status-publish","hentry"],"_links":{"self":[{"href":"https:\/\/macchiaverde-bio.shop\/hu\/wp-json\/wp\/v2\/pages\/21689","targetHints":{"allow":["GET"]}}],"collection":[{"href":"https:\/\/macchiaverde-bio.shop\/hu\/wp-json\/wp\/v2\/pages"}],"about":[{"href":"https:\/\/macchiaverde-bio.shop\/hu\/wp-json\/wp\/v2\/types\/page"}],"author":[{"embeddable":true,"href":"https:\/\/macchiaverde-bio.shop\/hu\/wp-json\/wp\/v2\/users\/1"}],"replies":[{"embeddable":true,"href":"https:\/\/macchiaverde-bio.shop\/hu\/wp-json\/wp\/v2\/comments?post=21689"}],"version-history":[{"count":0,"href":"https:\/\/macchiaverde-bio.shop\/hu\/wp-json\/wp\/v2\/pages\/21689\/revisions"}],"wp:attachment":[{"href":"https:\/\/macchiaverde-bio.shop\/hu\/wp-json\/wp\/v2\/media?parent=21689"}],"curies":[{"name":"wp","href":"https:\/\/api.w.org\/{rel}","templated":true}]}}