{"id":21687,"date":"2015-03-03T02:10:42","date_gmt":"2015-03-03T01:10:42","guid":{"rendered":"https:\/\/macchiaverde-bio.shop\/erintkezes\/"},"modified":"2025-02-03T00:57:04","modified_gmt":"2025-02-02T23:57:04","slug":"erintkezes","status":"publish","type":"page","link":"https:\/\/macchiaverde-bio.shop\/hu\/erintkezes\/","title":{"rendered":"\u00e9rintkez\u00e9s"},"content":{"rendered":"\n\n\t<section class=\"section\" id=\"section_787539382\">\n\t\t<div class=\"section-bg fill\" >\n\t\t\t\t\t\t\t\t\t\n\t\t\t\n\n\t\t<\/div>\n\n\t\t\n\n\t\t<div class=\"section-content relative\">\n\t\t\t\n\n<div class=\"row\"  id=\"row-1587016814\">\n\n\n\t<div id=\"col-90758271\" class=\"col small-12 large-12\"  >\n\t\t\t\t<div class=\"col-inner\"  >\n\t\t\t\n\t\t\t\n\n<div class=\"row align-equal\"  id=\"row-613340824\">\n\n\n\t<div id=\"col-1531069240\" class=\"col small-12 large-12\"  >\n\t\t\t\t<div class=\"col-inner text-center\" style=\"background-color:rgb(255,255,255);\" >\n\t\t\t\n\t\t\t\n\n<h3>Kapcsolat &#8211; K\u00e9rd\u00e9sei vannak hozz\u00e1nk:<\/h3>\n<div class=\"is-divider divider clearfix\" ><\/div>\n\n<div class=\"row align-center\"  id=\"row-2049951116\">\n\n\n\t<div id=\"col-823422113\" class=\"col medium-11 small-12 large-9\"  >\n\t\t\t\t<div class=\"col-inner text-left\"  >\n\t\t\t\n\t\t\t\n\n<p>\n[contact-form-7 id=&#8221;18278&#8243;]\n\n\n\t\t<\/div>\n\t\t\t\t\t<\/div>\n\n\t\n\n<\/div>\n\n\t\t<\/div>\n\t\t\t\t\t<\/div>\n\n\t\n\n\n<style>\n#row-613340824 > .col > .col-inner {\n  padding: 40px 40px 40px 40px;\n  background-color: rgb(255,255,255);\n}\n<\/style>\n<\/div>\n\n\t\t<\/div>\n\t\t\t\t\n<style>\n#col-90758271 > .col-inner {\n  margin: -100px 0px 0px 0px;\n}\n<\/style>\n\t<\/div>\n\n\t\n\n<\/div>\n<div class=\"row\"  id=\"row-2012464134\">\n\n\n\t<div id=\"col-861443055\" class=\"col small-12 large-12\"  >\n\t\t\t\t<div class=\"col-inner text-center\"  >\n\t\t\t\n\t\t\t\n\n<\/p>\n<h4 style=\"text-align: center;\">C\u00e9g\u00fcnk<\/h4>\n<h3 style=\"text-align: center;\">ol\u00edvaolaj malom<\/h3>\n<p style=\"text-align: center;\"><span style=\"font-size: 14pt;\"><strong>MACCHIA VERDE BIO<\/strong><\/span><br> Caterina Scarola<\/p>\n<p style=\"text-align: center;\">Via Soldato Pasquale Giovanniello No. 1<br> 70025&nbsp; Grumo Appula (BA)<br> Olaszorsz\u00e1g<\/p>\n\n\t\t<\/div>\n\t\t\t\t\t<\/div>\n\n\t\n\n<\/div>\n\n\t\t<\/div>\n\n\t\t\n<style>\n#section_787539382 {\n  padding-top: 30px;\n  padding-bottom: 30px;\n  background-color: rgb(244, 244, 244);\n}\n<\/style>\n\t<\/section>\n\t\n\n","protected":false},"excerpt":{"rendered":"","protected":false},"author":1,"featured_media":0,"parent":0,"menu_order":5,"comment_status":"closed","ping_status":"closed","template":"","meta":{"footnotes":""},"class_list":["post-21687","page","type-page","status-publish","hentry"],"_links":{"self":[{"href":"https:\/\/macchiaverde-bio.shop\/hu\/wp-json\/wp\/v2\/pages\/21687","targetHints":{"allow":["GET"]}}],"collection":[{"href":"https:\/\/macchiaverde-bio.shop\/hu\/wp-json\/wp\/v2\/pages"}],"about":[{"href":"https:\/\/macchiaverde-bio.shop\/hu\/wp-json\/wp\/v2\/types\/page"}],"author":[{"embeddable":true,"href":"https:\/\/macchiaverde-bio.shop\/hu\/wp-json\/wp\/v2\/users\/1"}],"replies":[{"embeddable":true,"href":"https:\/\/macchiaverde-bio.shop\/hu\/wp-json\/wp\/v2\/comments?post=21687"}],"version-history":[{"count":0,"href":"https:\/\/macchiaverde-bio.shop\/hu\/wp-json\/wp\/v2\/pages\/21687\/revisions"}],"wp:attachment":[{"href":"https:\/\/macchiaverde-bio.shop\/hu\/wp-json\/wp\/v2\/media?parent=21687"}],"curies":[{"name":"wp","href":"https:\/\/api.w.org\/{rel}","templated":true}]}}