{"id":15887,"date":"2023-03-06T19:25:46","date_gmt":"2023-03-06T18:25:46","guid":{"rendered":"https:\/\/macchiaverde-bio.shop\/?post_type=product&#038;p=15887"},"modified":"2024-06-22T12:09:26","modified_gmt":"2024-06-22T10:09:26","slug":"ologa-measctha-i-proca-1-kg-gourmet-chaighdean-3x","status":"publish","type":"product","link":"https:\/\/macchiaverde-bio.shop\/ga\/produkt\/ologa-measctha-i-proca-1-kg-gourmet-chaighdean-3x\/","title":{"rendered":"Ol\u00f3ga measctha i bpr\u00f3ca 1 kg &#8211; c\u00e1il\u00edocht gourmet (3x)"},"content":{"rendered":"<p>Olives in a jar 1 kg (2x) &#8211; gourmet quality<\/p>\n","protected":false},"excerpt":{"rendered":"<p><strong>Ol\u00f3ga measctha i bpr\u00f3ca 1 kg &#8211; c\u00e1il\u00edocht gourmet (3x)<\/strong><br \/>\nSraith de na tr\u00ed chine\u00e1lacha do gourmets:<br \/>\n1x ol\u00f3ga<br \/>\n1x ol\u00f3ga l\u00edonta le alm\u00f3inn\u00ed<br \/>\n1x ol\u00f3ga spicy<\/p>\n","protected":false},"featured_media":15948,"comment_status":"open","ping_status":"closed","template":"","meta":[],"product_brand":[],"product_cat":[1489],"product_tag":[],"class_list":{"0":"post-15887","1":"product","2":"type-product","3":"status-publish","4":"has-post-thumbnail","6":"product_cat-olives","8":"first","9":"instock","10":"taxable","11":"shipping-taxable","12":"purchasable","13":"product-type-simple"},"_links":{"self":[{"href":"https:\/\/macchiaverde-bio.shop\/ga\/wp-json\/wp\/v2\/product\/15887","targetHints":{"allow":["GET"]}}],"collection":[{"href":"https:\/\/macchiaverde-bio.shop\/ga\/wp-json\/wp\/v2\/product"}],"about":[{"href":"https:\/\/macchiaverde-bio.shop\/ga\/wp-json\/wp\/v2\/types\/product"}],"replies":[{"embeddable":true,"href":"https:\/\/macchiaverde-bio.shop\/ga\/wp-json\/wp\/v2\/comments?post=15887"}],"wp:featuredmedia":[{"embeddable":true,"href":"https:\/\/macchiaverde-bio.shop\/ga\/wp-json\/wp\/v2\/media\/15948"}],"wp:attachment":[{"href":"https:\/\/macchiaverde-bio.shop\/ga\/wp-json\/wp\/v2\/media?parent=15887"}],"wp:term":[{"taxonomy":"product_brand","embeddable":true,"href":"https:\/\/macchiaverde-bio.shop\/ga\/wp-json\/wp\/v2\/product_brand?post=15887"},{"taxonomy":"product_cat","embeddable":true,"href":"https:\/\/macchiaverde-bio.shop\/ga\/wp-json\/wp\/v2\/product_cat?post=15887"},{"taxonomy":"product_tag","embeddable":true,"href":"https:\/\/macchiaverde-bio.shop\/ga\/wp-json\/wp\/v2\/product_tag?post=15887"}],"curies":[{"name":"wp","href":"https:\/\/api.w.org\/{rel}","templated":true}]}}