{"id":15836,"date":"2023-03-06T19:07:46","date_gmt":"2023-03-06T18:07:46","guid":{"rendered":"https:\/\/macchiaverde-bio.shop\/?post_type=product&#038;p=15836"},"modified":"2024-06-22T12:09:59","modified_gmt":"2024-06-22T10:09:59","slug":"ologa-spicy-in-a-proca-1-kg-gourmet-chaighdean-2x","status":"publish","type":"product","link":"https:\/\/macchiaverde-bio.shop\/ga\/produkt\/ologa-spicy-in-a-proca-1-kg-gourmet-chaighdean-2x\/","title":{"rendered":"Ol\u00f3ga spicy i jar 1 kg &#8211; c\u00e1il\u00edocht gourmet (2x)"},"content":{"rendered":"<p>Olives in a jar 1 kg (2x) &#8211; gourmet quality<\/p>\n","protected":false},"excerpt":{"rendered":"<p><strong>Ol\u00f3ga i bpr\u00f3ca, stoned agus picilte 1 kg<\/strong><br \/>\nIs t\u00e1irge barr ceirde amh\u00e1in iad na ol\u00f3ga MACCHIA VERDE, d\u00e9antar na hola\u00ed beaga \u00e1iti\u00fala seo a phiochadh agus a phioc go c\u00faramach le luibheanna agus le chili, ar nd\u00f3igh agus \u00e1r n-ola ol\u00f3ige curtha leis. T\u00e1 na ol\u00f3ga saor \u00f3 aon ionramh\u00e1il cheimiceach agus d\u00e9antar iad a phr\u00f3ise\u00e1il de r\u00e9ir caighde\u00e1in thraidisi\u00fanta, d\u00e9antar iad a chaomhn\u00fa le hola ol\u00f3ige org\u00e1nach Macchia Verde, ba cheart an ola spicy seo a \u00fas\u00e1id freisin tar \u00e9is na ol\u00f3ga a ithe.<\/p>\n","protected":false},"featured_media":15898,"comment_status":"open","ping_status":"closed","template":"","meta":[],"product_brand":[],"product_cat":[1489],"product_tag":[],"class_list":{"0":"post-15836","1":"product","2":"type-product","3":"status-publish","4":"has-post-thumbnail","6":"product_cat-olives","8":"first","9":"instock","10":"taxable","11":"shipping-taxable","12":"purchasable","13":"product-type-simple"},"_links":{"self":[{"href":"https:\/\/macchiaverde-bio.shop\/ga\/wp-json\/wp\/v2\/product\/15836","targetHints":{"allow":["GET"]}}],"collection":[{"href":"https:\/\/macchiaverde-bio.shop\/ga\/wp-json\/wp\/v2\/product"}],"about":[{"href":"https:\/\/macchiaverde-bio.shop\/ga\/wp-json\/wp\/v2\/types\/product"}],"replies":[{"embeddable":true,"href":"https:\/\/macchiaverde-bio.shop\/ga\/wp-json\/wp\/v2\/comments?post=15836"}],"wp:featuredmedia":[{"embeddable":true,"href":"https:\/\/macchiaverde-bio.shop\/ga\/wp-json\/wp\/v2\/media\/15898"}],"wp:attachment":[{"href":"https:\/\/macchiaverde-bio.shop\/ga\/wp-json\/wp\/v2\/media?parent=15836"}],"wp:term":[{"taxonomy":"product_brand","embeddable":true,"href":"https:\/\/macchiaverde-bio.shop\/ga\/wp-json\/wp\/v2\/product_brand?post=15836"},{"taxonomy":"product_cat","embeddable":true,"href":"https:\/\/macchiaverde-bio.shop\/ga\/wp-json\/wp\/v2\/product_cat?post=15836"},{"taxonomy":"product_tag","embeddable":true,"href":"https:\/\/macchiaverde-bio.shop\/ga\/wp-json\/wp\/v2\/product_tag?post=15836"}],"curies":[{"name":"wp","href":"https:\/\/api.w.org\/{rel}","templated":true}]}}