{"id":15443,"date":"2022-12-22T22:53:08","date_gmt":"2022-12-22T21:53:08","guid":{"rendered":"https:\/\/macchiaverde-bio.shop\/?post_type=product&#038;p=15443"},"modified":"2024-06-22T12:10:15","modified_gmt":"2024-06-22T10:10:15","slug":"bosca-bronntanais-ola-oloige-leagtha-4x","status":"publish","type":"product","link":"https:\/\/macchiaverde-bio.shop\/ga\/produkt\/bosca-bronntanais-ola-oloige-leagtha-4x\/","title":{"rendered":"Bosca bronntanais ola ol\u00f3ige (4x)"},"content":{"rendered":"","protected":false},"excerpt":{"rendered":"<p><strong>&#8211; Bosca bronntanais ola ol\u00f3ige (4x) &#8211; corpar\u00e1ideach agus pr\u00edobh\u00e1ideach<br \/>\n<\/strong><\/p>\n<p>Beidh an bosca bronntanais foodie seo an-iontach agus t\u00fa ag tabhairt bronntanais do dhaoine g\u00e9arch\u00faiseacha.<\/p>\n<p>T\u00e1 rogha de na bosca\u00ed bronntanais a thairgtear sa tacar, roghnaigh agus<br \/>\nI r\u00e9imse na n\u00f3ta\u00ed agus t\u00fa ag ord\u00fa, \u00fas\u00e1id an t\u00e9arma:<br \/>\n<strong>Bosca bronntanais 1<\/strong> <strong>x 4 n\u00f3 2<\/strong> n\u00f3 rogha de na 4 bhosca ar fad<strong><br \/>\n<\/strong>le m.sh. scr\u00edobh <strong>bosca bronntanais 1<\/strong> <strong>x 1, bosca bronntanais 2 x 1, bosca bronntanais 3 x 1, bosca bronntanais 4 x 1<\/strong><\/p>\n<p>Smeraldo, ola glas saibhir, l\u00e1n-chorpach den chaighde\u00e1n is airde<br \/>\nbr\u00faite \u00f3 ol\u00f3ga Coratina 100%. Bliain i ndiaidh bliana ghlac s\u00e9 p\u00e1irt i ngach com\u00f3rtas n\u00e1isi\u00fanta agus idirn\u00e1isi\u00fanta agus bronnadh suas le boinn platanam sa chatag\u00f3ir Healthclaim agus &#8220;Full Fruity&#8221;. Agus a suas le 1081mg\/kg polyphenols (f\u00f3mhair 2021\/2022) t\u00e1 s\u00e9 ag barr na t\u00e1irgeachta ola idirn\u00e1isi\u00fanta.<br \/>\n1x Eliodoro, ola chothromaithe bu\u00ed \u00f3rga den chaighde\u00e1n is airde<br \/>\na fhaightear \u00f3 70% Coratina agus 30% ol\u00f3ga Ogliarola. Ghlac s\u00e9 p\u00e1irt i ngach com\u00f3rtas n\u00e1isi\u00fanta agus idirn\u00e1isi\u00fanta agus bronnadh boinn \u00f3ir uirthi sa chatag\u00f3ir \u201cme\u00e1n-thortha\u00ed\u201d.<\/p>\n","protected":false},"featured_media":15374,"comment_status":"open","ping_status":"closed","template":"","meta":[],"product_brand":[],"product_cat":[1425,1424],"product_tag":[1419,1426,1427,1420],"class_list":{"0":"post-15443","1":"product","2":"type-product","3":"status-publish","4":"has-post-thumbnail","6":"product_cat-gift-boxes-ga","7":"product_cat-olive-oil-bottles-ga","8":"product_tag-fruity-ga","9":"product_tag-intense-ga","10":"product_tag-offer-ga","11":"product_tag-olivenoel-ga","13":"first","14":"instock","15":"taxable","16":"shipping-taxable","17":"purchasable","18":"product-type-simple"},"_links":{"self":[{"href":"https:\/\/macchiaverde-bio.shop\/ga\/wp-json\/wp\/v2\/product\/15443","targetHints":{"allow":["GET"]}}],"collection":[{"href":"https:\/\/macchiaverde-bio.shop\/ga\/wp-json\/wp\/v2\/product"}],"about":[{"href":"https:\/\/macchiaverde-bio.shop\/ga\/wp-json\/wp\/v2\/types\/product"}],"replies":[{"embeddable":true,"href":"https:\/\/macchiaverde-bio.shop\/ga\/wp-json\/wp\/v2\/comments?post=15443"}],"wp:featuredmedia":[{"embeddable":true,"href":"https:\/\/macchiaverde-bio.shop\/ga\/wp-json\/wp\/v2\/media\/15374"}],"wp:attachment":[{"href":"https:\/\/macchiaverde-bio.shop\/ga\/wp-json\/wp\/v2\/media?parent=15443"}],"wp:term":[{"taxonomy":"product_brand","embeddable":true,"href":"https:\/\/macchiaverde-bio.shop\/ga\/wp-json\/wp\/v2\/product_brand?post=15443"},{"taxonomy":"product_cat","embeddable":true,"href":"https:\/\/macchiaverde-bio.shop\/ga\/wp-json\/wp\/v2\/product_cat?post=15443"},{"taxonomy":"product_tag","embeddable":true,"href":"https:\/\/macchiaverde-bio.shop\/ga\/wp-json\/wp\/v2\/product_tag?post=15443"}],"curies":[{"name":"wp","href":"https:\/\/api.w.org\/{rel}","templated":true}]}}