{"id":15403,"date":"2022-12-22T22:43:48","date_gmt":"2022-12-22T21:43:48","guid":{"rendered":"https:\/\/macchiaverde-bio.shop\/?post_type=product&#038;p=15403"},"modified":"2024-06-22T12:10:23","modified_gmt":"2024-06-22T10:10:23","slug":"ola-oloige-organach-lo-buideil-smeraldo-12-x-250-ml","status":"publish","type":"product","link":"https:\/\/macchiaverde-bio.shop\/ga\/produkt\/ola-oloige-organach-lo-buideil-smeraldo-12-x-250-ml\/","title":{"rendered":"Ola Ol\u00f3ige Org\u00e1nach &#8211; Lo Smeraldo &#8211; Buid\u00e9il 12 x 250 ml"},"content":{"rendered":"","protected":false},"excerpt":{"rendered":"<p><strong>&#8211; Cart\u00fan agus 12 bottiglie &#8211;<\/strong><\/p>\n<p id=\"tw-target-text\" class=\"tw-data-text tw-text-large tw-ta\" dir=\"ltr\" data-placeholder=\"\u00dcbersetzung\"><span lang=\"de\">Is ola ol\u00f3ige glas \u00e9 an Smeraldo le comhlacht ardchaighde\u00e1in, freisin \u00f3 ol\u00f3ige 100% Coratina. An bhliain seo caite, ghlacamar p\u00e1irt i gcom\u00f3rtais n\u00e1isi\u00fanta agus idirn\u00e1isi\u00fanta araon agus bronnadh duais leis an Duais Platanam sna catag\u00f3ir\u00ed &#8220;Full Fruity&#8221; agus &#8220;\u00c9ileamh Sl\u00e1inte&#8221;, at\u00e1 bunaithe ar th\u00e1irgeadh idirn\u00e1isi\u00fanta ola ol\u00f3ige.<\/span><\/p>\n<p class=\"tw-data-text tw-text-large tw-ta\" dir=\"ltr\" data-placeholder=\"\u00dcbersetzung\"><span lang=\"de\">Grazie all&#8217;utilizzo esclusivo di <strong>olive Coratina<\/strong> , an Smeraldo si caratterizza per <strong>l&#8217;altissimo<\/strong> <strong>content di polifenoli<\/strong> . Soprattutto an t-\u00e1bhar alto de polifenoli bronntar all&#8217;olio di Coratina a gusto <strong>dian, fruttato agus fresco<\/strong> . T\u00e1 cumhr\u00e1n an ol\u00f3ige limpid agus deacair, an n\u00f3ta chiare c\u00e9anna de tortha\u00ed cruda al gusto agus n\u00f3ta d&#8217;\u00faire mandorle verdi.<\/span><\/p>\n<p dir=\"ltr\" data-placeholder=\"\u00dcbersetzung\">T\u00e1 Lo Smeraldo oiri\u00fanach do <strong>ph\u00edotsa<\/strong> agus <strong>primi<\/strong> piatti, lena n-\u00e1ir\u00edtear focacce, <strong>briosca\u00ed<\/strong> agus <strong>piatti alla griglia<\/strong> . D\u00e9anann s\u00e9 seo freisin an ola ol\u00f3ige id\u00e9alach chun <strong>marinating grigliate<\/strong> agus decapitation, ionas go dt\u00e9ann an t-\u00e1bhar ollmh\u00f3r polifenoli isteach sa charne agus iompra\u00edonn an aroma an speicis.<\/p>\n","protected":false},"featured_media":15434,"comment_status":"closed","ping_status":"closed","template":"","meta":[],"product_brand":[],"product_cat":[1424],"product_tag":[],"class_list":{"0":"post-15403","1":"product","2":"type-product","3":"status-publish","4":"has-post-thumbnail","6":"product_cat-olive-oil-bottles-ga","8":"first","9":"instock","10":"taxable","11":"shipping-taxable","12":"purchasable","13":"product-type-simple"},"_links":{"self":[{"href":"https:\/\/macchiaverde-bio.shop\/ga\/wp-json\/wp\/v2\/product\/15403","targetHints":{"allow":["GET"]}}],"collection":[{"href":"https:\/\/macchiaverde-bio.shop\/ga\/wp-json\/wp\/v2\/product"}],"about":[{"href":"https:\/\/macchiaverde-bio.shop\/ga\/wp-json\/wp\/v2\/types\/product"}],"replies":[{"embeddable":true,"href":"https:\/\/macchiaverde-bio.shop\/ga\/wp-json\/wp\/v2\/comments?post=15403"}],"wp:featuredmedia":[{"embeddable":true,"href":"https:\/\/macchiaverde-bio.shop\/ga\/wp-json\/wp\/v2\/media\/15434"}],"wp:attachment":[{"href":"https:\/\/macchiaverde-bio.shop\/ga\/wp-json\/wp\/v2\/media?parent=15403"}],"wp:term":[{"taxonomy":"product_brand","embeddable":true,"href":"https:\/\/macchiaverde-bio.shop\/ga\/wp-json\/wp\/v2\/product_brand?post=15403"},{"taxonomy":"product_cat","embeddable":true,"href":"https:\/\/macchiaverde-bio.shop\/ga\/wp-json\/wp\/v2\/product_cat?post=15403"},{"taxonomy":"product_tag","embeddable":true,"href":"https:\/\/macchiaverde-bio.shop\/ga\/wp-json\/wp\/v2\/product_tag?post=15403"}],"curies":[{"name":"wp","href":"https:\/\/api.w.org\/{rel}","templated":true}]}}