{"id":15393,"date":"2022-12-22T22:41:34","date_gmt":"2022-12-22T21:41:34","guid":{"rendered":"https:\/\/macchiaverde-bio.shop\/?post_type=product&#038;p=15393"},"modified":"2024-06-22T12:10:54","modified_gmt":"2024-06-22T10:10:54","slug":"buideil-leliodoro-ola-oloige-organach-12-x-250-ml","status":"publish","type":"product","link":"https:\/\/macchiaverde-bio.shop\/ga\/produkt\/buideil-leliodoro-ola-oloige-organach-12-x-250-ml\/","title":{"rendered":"Ola Ol\u00f3ige Org\u00e1nach &#8211; L&#8217;Eliodoro &#8211; Buid\u00e9il 12 x 250 ml"},"content":{"rendered":"","protected":false},"excerpt":{"rendered":"<p>&#8211;  <span><strong>Cart\u00fain da 12 bottiglie &#8211;<\/strong><br \/>\nIs ola ol\u00f3ige chothromaithe \u00e9 an Eliodoro, leis an gcaighde\u00e1n is airde, lena n-\u00e1ir\u00edtear 70% de ol\u00f3ige Coratina agus 30% de Ogliarola. \u00c8 stato premiato in concorsi nazionali agus internazionali, tra cui una medaglia d&#8217;argento nella categoria &#8220;Fruttato medio&#8221;, ed \u00e8 uno dei migliori della sua categoria con un contenuto di polifenoli de 714 mg\/kg.<\/span><\/p>\n","protected":false},"featured_media":15354,"comment_status":"open","ping_status":"closed","template":"","meta":[],"product_brand":[],"product_cat":[1424],"product_tag":[1419,1426,1420],"class_list":{"0":"post-15393","1":"product","2":"type-product","3":"status-publish","4":"has-post-thumbnail","6":"product_cat-olive-oil-bottles-ga","7":"product_tag-fruity-ga","8":"product_tag-intense-ga","9":"product_tag-olivenoel-ga","11":"first","12":"instock","13":"taxable","14":"shipping-taxable","15":"purchasable","16":"product-type-simple"},"_links":{"self":[{"href":"https:\/\/macchiaverde-bio.shop\/ga\/wp-json\/wp\/v2\/product\/15393","targetHints":{"allow":["GET"]}}],"collection":[{"href":"https:\/\/macchiaverde-bio.shop\/ga\/wp-json\/wp\/v2\/product"}],"about":[{"href":"https:\/\/macchiaverde-bio.shop\/ga\/wp-json\/wp\/v2\/types\/product"}],"replies":[{"embeddable":true,"href":"https:\/\/macchiaverde-bio.shop\/ga\/wp-json\/wp\/v2\/comments?post=15393"}],"wp:featuredmedia":[{"embeddable":true,"href":"https:\/\/macchiaverde-bio.shop\/ga\/wp-json\/wp\/v2\/media\/15354"}],"wp:attachment":[{"href":"https:\/\/macchiaverde-bio.shop\/ga\/wp-json\/wp\/v2\/media?parent=15393"}],"wp:term":[{"taxonomy":"product_brand","embeddable":true,"href":"https:\/\/macchiaverde-bio.shop\/ga\/wp-json\/wp\/v2\/product_brand?post=15393"},{"taxonomy":"product_cat","embeddable":true,"href":"https:\/\/macchiaverde-bio.shop\/ga\/wp-json\/wp\/v2\/product_cat?post=15393"},{"taxonomy":"product_tag","embeddable":true,"href":"https:\/\/macchiaverde-bio.shop\/ga\/wp-json\/wp\/v2\/product_tag?post=15393"}],"curies":[{"name":"wp","href":"https:\/\/api.w.org\/{rel}","templated":true}]}}