{"id":15383,"date":"2022-12-22T22:38:56","date_gmt":"2022-12-22T21:38:56","guid":{"rendered":"https:\/\/macchiaverde-bio.shop\/?post_type=product&#038;p=15383"},"modified":"2024-06-22T12:11:03","modified_gmt":"2024-06-22T10:11:03","slug":"organach-oloige-ola-clasaiceach-canister-5-l","status":"publish","type":"product","link":"https:\/\/macchiaverde-bio.shop\/ga\/produkt\/organach-oloige-ola-clasaiceach-canister-5-l\/","title":{"rendered":"Ola Ol\u00f3ige Org\u00e1nach &#8211; Clasaiceach &#8211; Canister 5 L"},"content":{"rendered":"","protected":false},"excerpt":{"rendered":"<p><strong>\u2013 Ola Ol\u00f3ige Org\u00e1nach &#8211; Clasaiceach &#8211; Canister 5 L \u2013<\/strong><br \/>\nIs ola ol\u00f3ige cothrom ardchaighde\u00e1in \u00e9 clasaiceach, measc\u00e1n d&#8217;ol\u00f3ga Coratina agus Ogliarola. T\u00e1 dath bu\u00ed \u00f3rga air le machnaimh glasa, me\u00e1nmh\u00e9ide fruity, l\u00e1n-bodied, le n\u00f3ta\u00ed alm\u00f3inn\u00ed agus blios\u00e1in. T\u00e1 s\u00e9 oiri\u00fanach do raon leathan miasa agus d&#8217;fh\u00e9adfa\u00ed cur s\u00edos a dh\u00e9anamh air freisin mar &#8220;an ola ol\u00f3ige le haghaidh gach l\u00e1&#8221;.<\/p>\n","protected":false},"featured_media":15364,"comment_status":"open","ping_status":"closed","template":"","meta":[],"product_brand":[],"product_cat":[1437],"product_tag":[1419,1426,1420],"class_list":{"0":"post-15383","1":"product","2":"type-product","3":"status-publish","4":"has-post-thumbnail","6":"product_cat-olive-oil-canister-ga","7":"product_tag-fruity-ga","8":"product_tag-intense-ga","9":"product_tag-olivenoel-ga","11":"first","12":"instock","13":"taxable","14":"shipping-taxable","15":"purchasable","16":"product-type-simple"},"_links":{"self":[{"href":"https:\/\/macchiaverde-bio.shop\/ga\/wp-json\/wp\/v2\/product\/15383","targetHints":{"allow":["GET"]}}],"collection":[{"href":"https:\/\/macchiaverde-bio.shop\/ga\/wp-json\/wp\/v2\/product"}],"about":[{"href":"https:\/\/macchiaverde-bio.shop\/ga\/wp-json\/wp\/v2\/types\/product"}],"replies":[{"embeddable":true,"href":"https:\/\/macchiaverde-bio.shop\/ga\/wp-json\/wp\/v2\/comments?post=15383"}],"wp:featuredmedia":[{"embeddable":true,"href":"https:\/\/macchiaverde-bio.shop\/ga\/wp-json\/wp\/v2\/media\/15364"}],"wp:attachment":[{"href":"https:\/\/macchiaverde-bio.shop\/ga\/wp-json\/wp\/v2\/media?parent=15383"}],"wp:term":[{"taxonomy":"product_brand","embeddable":true,"href":"https:\/\/macchiaverde-bio.shop\/ga\/wp-json\/wp\/v2\/product_brand?post=15383"},{"taxonomy":"product_cat","embeddable":true,"href":"https:\/\/macchiaverde-bio.shop\/ga\/wp-json\/wp\/v2\/product_cat?post=15383"},{"taxonomy":"product_tag","embeddable":true,"href":"https:\/\/macchiaverde-bio.shop\/ga\/wp-json\/wp\/v2\/product_tag?post=15383"}],"curies":[{"name":"wp","href":"https:\/\/api.w.org\/{rel}","templated":true}]}}