{"id":15279,"date":"2022-12-16T19:14:28","date_gmt":"2022-12-16T18:14:28","guid":{"rendered":"https:\/\/macchiaverde-bio.shop\/produkt\/ologa-measctha-220-g-3x\/"},"modified":"2024-06-22T12:04:29","modified_gmt":"2024-06-22T10:04:29","slug":"ologa-measctha-220-g-3x","status":"publish","type":"product","link":"https:\/\/macchiaverde-bio.shop\/ga\/produkt\/ologa-measctha-220-g-3x\/","title":{"rendered":"Ol\u00f3ga measctha 220 g (3x)"},"content":{"rendered":"<p><strong>Olives in a jar 3 types 220 g (3x)<\/strong><br \/>\nMaACCHIA VERDE organic olives are a purely handcrafted top product, you get 3 different types of olives: 1. Large olives stuffed with almonds 2. Mixed, stoned and pickled small olives 3. The local gourmet variety &#8220;Termiti di Bitetto&#8221; pickled with laurel. All 3 varieties are free of any chemical manipulation and processed according to traditional standards, they are all packed with Macchia Verde organic olive oil, you should also use this spicy oil if the olives have been eaten in it. The set contains 1 glass of each variety.<\/p>\n","protected":false},"excerpt":{"rendered":"<p><strong>Ol\u00f3ga i bpr\u00f3ca 3 chine\u00e1l 220 g (3x)<\/strong><\/p>\n<p>Is t\u00e1irge barrdh\u00e9anta amh\u00e1in iad ol\u00f3ga MACCHIA VERDE, faigheann t\u00fa 3 chine\u00e1l \u00e9ags\u00fail ol\u00f3ga:<\/p>\n<p>1. Ol\u00f3ga m\u00f3ra l\u00edonta le alm\u00f3inn\u00ed<br \/>\n2. Ol\u00f3ga beaga measctha, claonta agus picilte<br \/>\n3. An \u00e9ags\u00falacht gourmet \u00e1iti\u00fail &#8220;Termiti di Bitetto&#8221; picilte le labhrais.<\/p>\n<p>T\u00e1 na 3 chine\u00e1lacha go l\u00e9ir saor \u00f3 aon ionramh\u00e1il cheimiceach agus pr\u00f3ise\u00e1ilte de r\u00e9ir na gcaighde\u00e1n traidisi\u00fanta. T\u00e1 siad go l\u00e9ir l\u00edonta le hola ol\u00f3ige MACCHIA VERDE BIO. Ba cheart duit an ola spicy seo a \u00fas\u00e1id freisin m\u00e1 ith na ol\u00f3ga at\u00e1 ann.<\/p>\n<p>T\u00e1 1 ghloine de gach \u00e9ags\u00falacht sa tacar.<\/p>\n","protected":false},"featured_media":15160,"comment_status":"closed","ping_status":"closed","template":"","meta":[],"product_brand":[],"product_cat":[1488],"product_tag":[],"class_list":{"0":"post-15279","1":"product","2":"type-product","3":"status-publish","4":"has-post-thumbnail","6":"product_cat-gourmet-set-ir","8":"first","9":"instock","10":"taxable","11":"shipping-taxable","12":"purchasable","13":"product-type-simple"},"_links":{"self":[{"href":"https:\/\/macchiaverde-bio.shop\/ga\/wp-json\/wp\/v2\/product\/15279","targetHints":{"allow":["GET"]}}],"collection":[{"href":"https:\/\/macchiaverde-bio.shop\/ga\/wp-json\/wp\/v2\/product"}],"about":[{"href":"https:\/\/macchiaverde-bio.shop\/ga\/wp-json\/wp\/v2\/types\/product"}],"replies":[{"embeddable":true,"href":"https:\/\/macchiaverde-bio.shop\/ga\/wp-json\/wp\/v2\/comments?post=15279"}],"wp:featuredmedia":[{"embeddable":true,"href":"https:\/\/macchiaverde-bio.shop\/ga\/wp-json\/wp\/v2\/media\/15160"}],"wp:attachment":[{"href":"https:\/\/macchiaverde-bio.shop\/ga\/wp-json\/wp\/v2\/media?parent=15279"}],"wp:term":[{"taxonomy":"product_brand","embeddable":true,"href":"https:\/\/macchiaverde-bio.shop\/ga\/wp-json\/wp\/v2\/product_brand?post=15279"},{"taxonomy":"product_cat","embeddable":true,"href":"https:\/\/macchiaverde-bio.shop\/ga\/wp-json\/wp\/v2\/product_cat?post=15279"},{"taxonomy":"product_tag","embeddable":true,"href":"https:\/\/macchiaverde-bio.shop\/ga\/wp-json\/wp\/v2\/product_tag?post=15279"}],"curies":[{"name":"wp","href":"https:\/\/api.w.org\/{rel}","templated":true}]}}