{"id":15278,"date":"2022-12-16T19:05:51","date_gmt":"2022-12-16T18:05:51","guid":{"rendered":"https:\/\/macchiaverde-bio.shop\/produkt\/scaip-uachtar-measctha-220-g-6x\/"},"modified":"2024-06-22T12:04:37","modified_gmt":"2024-06-22T10:04:37","slug":"scaipeadh-measctha-220-g-6x","status":"publish","type":"product","link":"https:\/\/macchiaverde-bio.shop\/ga\/produkt\/scaipeadh-measctha-220-g-6x\/","title":{"rendered":"Scaip, uachtar measctha 220 g (6x)"},"content":{"rendered":"","protected":false},"excerpt":{"rendered":"<p><strong>Cremes\/uachtair i bpr\u00f3ca 3 chine\u00e1l 220 g (6x)<\/strong><\/p>\n<p>Is t\u00e1irge barr iad na huachtair inleata org\u00e1nach \u00f3 MACCHIA VERDE a dh\u00e9antar go hioml\u00e1n de l\u00e1imh.<br \/>\nFaightear 3 chine\u00e1l uachtair \u00e9ags\u00fala:<\/p>\n<p>1. d\u00e9anta as tr\u00e1ta\u00ed sil\u00edn\u00ed triomaithe<br \/>\n2. \u00f3 ol\u00f3ga m\u00f3ra glasa<br \/>\n3. \u00f3 chine\u00e1lacha \u00e9ags\u00fala glasra\u00ed le sp\u00edosra\u00ed spicy.<\/p>\n<p>T\u00e1 na 3 chine\u00e1lacha go l\u00e9ir saor \u00f3 aon ionramh\u00e1il cheimiceach agus d\u00e9antar iad a phr\u00f3ise\u00e1il de r\u00e9ir caighde\u00e1in thraidisi\u00fanta agus d\u00e9antar iad go l\u00e9ir le hola ol\u00f3ige org\u00e1nach MACCHIA VERDE BIO.<\/p>\n<p>T\u00e1 1 ghloine de gach \u00e9ags\u00falacht sa tacar.<\/p>\n","protected":false},"featured_media":15190,"comment_status":"open","ping_status":"closed","template":"","meta":[],"product_brand":[],"product_cat":[1488,1491],"product_tag":[],"class_list":{"0":"post-15278","1":"product","2":"type-product","3":"status-publish","4":"has-post-thumbnail","6":"product_cat-gourmet-set-ir","7":"product_cat-spreads-creams","9":"first","10":"instock","11":"taxable","12":"shipping-taxable","13":"purchasable","14":"product-type-simple"},"_links":{"self":[{"href":"https:\/\/macchiaverde-bio.shop\/ga\/wp-json\/wp\/v2\/product\/15278","targetHints":{"allow":["GET"]}}],"collection":[{"href":"https:\/\/macchiaverde-bio.shop\/ga\/wp-json\/wp\/v2\/product"}],"about":[{"href":"https:\/\/macchiaverde-bio.shop\/ga\/wp-json\/wp\/v2\/types\/product"}],"replies":[{"embeddable":true,"href":"https:\/\/macchiaverde-bio.shop\/ga\/wp-json\/wp\/v2\/comments?post=15278"}],"wp:featuredmedia":[{"embeddable":true,"href":"https:\/\/macchiaverde-bio.shop\/ga\/wp-json\/wp\/v2\/media\/15190"}],"wp:attachment":[{"href":"https:\/\/macchiaverde-bio.shop\/ga\/wp-json\/wp\/v2\/media?parent=15278"}],"wp:term":[{"taxonomy":"product_brand","embeddable":true,"href":"https:\/\/macchiaverde-bio.shop\/ga\/wp-json\/wp\/v2\/product_brand?post=15278"},{"taxonomy":"product_cat","embeddable":true,"href":"https:\/\/macchiaverde-bio.shop\/ga\/wp-json\/wp\/v2\/product_cat?post=15278"},{"taxonomy":"product_tag","embeddable":true,"href":"https:\/\/macchiaverde-bio.shop\/ga\/wp-json\/wp\/v2\/product_tag?post=15278"}],"curies":[{"name":"wp","href":"https:\/\/api.w.org\/{rel}","templated":true}]}}