{"id":15276,"date":"2022-12-16T18:51:29","date_gmt":"2022-12-16T17:51:29","guid":{"rendered":"https:\/\/macchiaverde-bio.shop\/produkt\/ologa-i-bproca-1-kg-3x\/"},"modified":"2024-06-22T12:04:53","modified_gmt":"2024-06-22T10:04:53","slug":"ologa-i-proca-1-kg-3x","status":"publish","type":"product","link":"https:\/\/macchiaverde-bio.shop\/ga\/produkt\/ologa-i-proca-1-kg-3x\/","title":{"rendered":"Ol\u00f3ga i pr\u00f3ca 1 kg (3x) &#8211; c\u00e1il\u00edocht gourmet"},"content":{"rendered":"<p>Ol\u00f3ga i bpr\u00f3ca 1 kg (3x)<\/p>\n","protected":false},"excerpt":{"rendered":"<p><strong>Ol\u00f3ga i bpr\u00f3ca, \u00e9ags\u00falacht &#8220;Termiti di Bitetto&#8221; 1 kg x 3<\/strong><br \/>\n Is t\u00e1irge barr artisanal amh\u00e1in iad na ol\u00f3ga MACCHIA VERDE, an \u00e9ags\u00falacht gourmet \u00e1iti\u00fail &#8220;Termiti di Bitetto&#8221;, picilte le ola labhrais. T\u00e1 na ol\u00f3ga saor \u00f3 aon ionramh\u00e1il cheimiceach agus d\u00e9antar iad a phr\u00f3ise\u00e1il de r\u00e9ir caighde\u00e1in thraidisi\u00fanta, t\u00e1 siad marinated le ola ol\u00f3ige org\u00e1nach Macchia Verde, ba ch\u00f3ir an ola labhrais spicy seo a \u00fas\u00e1id freisin tar \u00e9is na ol\u00f3ga a ithe.<\/p>\n","protected":false},"featured_media":14919,"comment_status":"open","ping_status":"closed","template":"","meta":[],"product_brand":[],"product_cat":[1488,1489],"product_tag":[],"class_list":{"0":"post-15276","1":"product","2":"type-product","3":"status-publish","4":"has-post-thumbnail","6":"product_cat-gourmet-set-ir","7":"product_cat-olives","9":"first","10":"instock","11":"taxable","12":"shipping-taxable","13":"purchasable","14":"product-type-simple"},"_links":{"self":[{"href":"https:\/\/macchiaverde-bio.shop\/ga\/wp-json\/wp\/v2\/product\/15276","targetHints":{"allow":["GET"]}}],"collection":[{"href":"https:\/\/macchiaverde-bio.shop\/ga\/wp-json\/wp\/v2\/product"}],"about":[{"href":"https:\/\/macchiaverde-bio.shop\/ga\/wp-json\/wp\/v2\/types\/product"}],"replies":[{"embeddable":true,"href":"https:\/\/macchiaverde-bio.shop\/ga\/wp-json\/wp\/v2\/comments?post=15276"}],"wp:featuredmedia":[{"embeddable":true,"href":"https:\/\/macchiaverde-bio.shop\/ga\/wp-json\/wp\/v2\/media\/14919"}],"wp:attachment":[{"href":"https:\/\/macchiaverde-bio.shop\/ga\/wp-json\/wp\/v2\/media?parent=15276"}],"wp:term":[{"taxonomy":"product_brand","embeddable":true,"href":"https:\/\/macchiaverde-bio.shop\/ga\/wp-json\/wp\/v2\/product_brand?post=15276"},{"taxonomy":"product_cat","embeddable":true,"href":"https:\/\/macchiaverde-bio.shop\/ga\/wp-json\/wp\/v2\/product_cat?post=15276"},{"taxonomy":"product_tag","embeddable":true,"href":"https:\/\/macchiaverde-bio.shop\/ga\/wp-json\/wp\/v2\/product_tag?post=15276"}],"curies":[{"name":"wp","href":"https:\/\/api.w.org\/{rel}","templated":true}]}}