{"id":15273,"date":"2022-12-16T18:34:08","date_gmt":"2022-12-16T17:34:08","guid":{"rendered":"https:\/\/macchiaverde-bio.shop\/produkt\/sraith-gourmet-11-phiosa\/"},"modified":"2024-06-22T12:05:20","modified_gmt":"2024-06-22T10:05:20","slug":"sraith-gourmet-11-piosa","status":"publish","type":"product","link":"https:\/\/macchiaverde-bio.shop\/ga\/produkt\/sraith-gourmet-11-piosa\/","title":{"rendered":"Sraith gourmet (11 ph\u00edosa)"},"content":{"rendered":"","protected":false},"excerpt":{"rendered":"<p><strong><span style=\"vertical-align: inherit\"><span style=\"vertical-align: inherit\"><span style=\"vertical-align: inherit\"><span style=\"vertical-align: inherit\">Socraigh ola ol\u00f3ige gourmet, 11 pezzi<\/span><\/span><\/span><\/span><\/strong><br \/>\n<span style=\"vertical-align: inherit\"><span style=\"vertical-align: inherit\"><span style=\"vertical-align: inherit\"><span style=\"vertical-align: inherit\">  T\u00e1 go leor t\u00e1irg\u00ed f\u00edor sa tsraith nua de th\u00e1irg\u00ed gourmet, lena n-\u00e1ir\u00edtear l\u00e1mhleabhar agus dea-chaighde\u00e1n, go hid\u00e9alach le caighde\u00e1n ard.  <\/span><\/span><\/span><span style=\"vertical-align: inherit\"><span style=\"vertical-align: inherit\"><span style=\"vertical-align: inherit\">Riceverai i ola ol\u00f3ige nostri 3, 3 leideanna de ol\u00f3ige i Salamoia i m\u00f3d\u00falachta\u00ed \u00e9ags\u00fala, 3 leideanna de Macad\u00f3inis agus \u00e9ags\u00falacht bhitheola\u00edoch Mandorle den \u00e9ags\u00falacht &#8220;Filippo Cea&#8221;, an \u00e9ags\u00falacht is m\u00f3 de na pasticceri pugliesi.  <\/span><\/span><\/span><span style=\"vertical-align: inherit\"><span style=\"vertical-align: inherit\"><span style=\"vertical-align: inherit\">T\u00e1 na t\u00e1irg\u00ed at\u00e1 i gceist bunaithe ar ionramh\u00e1il cheimiceach c\u00e1ilithe agus lavorati dara h\u00e1it le can\u00f3in an traidisi\u00fain, ach d\u00e9antar iad a bhaint amach freisin le hola ol\u00f3ige org\u00e1nach Macchia Verde.  <\/span><\/span><\/span><\/span><br \/>\n<span style=\"vertical-align: inherit\"><span style=\"vertical-align: inherit\"><span style=\"vertical-align: inherit\"><span style=\"vertical-align: inherit\">R\u00edona:  <\/span><\/span><\/span><\/span><br \/>\n<span style=\"vertical-align: inherit\"><span style=\"vertical-align: inherit\"><span style=\"vertical-align: inherit\"><span style=\"vertical-align: inherit\">3 bhuid\u00e9al ola ol\u00f3ige (500 ml ciascuna)  <\/span><\/span><\/span><\/span><br \/>\n<span style=\"vertical-align: inherit\"><span style=\"vertical-align: inherit\"><span style=\"vertical-align: inherit\"><span style=\"vertical-align: inherit\">3 v\u00e1sa ol\u00f3ige (220 g ciascuna)  <\/span><\/span><\/span><\/span><br \/>\n<span style=\"vertical-align: inherit\"><span style=\"vertical-align: inherit\"><span style=\"vertical-align: inherit\"><span style=\"vertical-align: inherit\">3 v\u00e1sa pasta (220 g ciascuna)  <\/span><\/span><\/span><\/span><br \/>\n<span style=\"vertical-align: inherit\"><span style=\"vertical-align: inherit\"><span style=\"vertical-align: inherit\"><span style=\"vertical-align: inherit\">2 meirge mandorle (250 g ciascuna)<\/span><\/span><\/span><\/span><\/p>\n","protected":false},"featured_media":15100,"comment_status":"open","ping_status":"closed","template":"","meta":[],"product_brand":[],"product_cat":[1490,1488,1424,1489,1491],"product_tag":[],"class_list":{"0":"post-15273","1":"product","2":"type-product","3":"status-publish","4":"has-post-thumbnail","6":"product_cat-almoinni-ga","7":"product_cat-gourmet-set-ir","8":"product_cat-olive-oil-bottles-ga","9":"product_cat-olives","10":"product_cat-spreads-creams","12":"first","13":"instock","14":"taxable","15":"shipping-taxable","16":"purchasable","17":"product-type-simple"},"_links":{"self":[{"href":"https:\/\/macchiaverde-bio.shop\/ga\/wp-json\/wp\/v2\/product\/15273","targetHints":{"allow":["GET"]}}],"collection":[{"href":"https:\/\/macchiaverde-bio.shop\/ga\/wp-json\/wp\/v2\/product"}],"about":[{"href":"https:\/\/macchiaverde-bio.shop\/ga\/wp-json\/wp\/v2\/types\/product"}],"replies":[{"embeddable":true,"href":"https:\/\/macchiaverde-bio.shop\/ga\/wp-json\/wp\/v2\/comments?post=15273"}],"wp:featuredmedia":[{"embeddable":true,"href":"https:\/\/macchiaverde-bio.shop\/ga\/wp-json\/wp\/v2\/media\/15100"}],"wp:attachment":[{"href":"https:\/\/macchiaverde-bio.shop\/ga\/wp-json\/wp\/v2\/media?parent=15273"}],"wp:term":[{"taxonomy":"product_brand","embeddable":true,"href":"https:\/\/macchiaverde-bio.shop\/ga\/wp-json\/wp\/v2\/product_brand?post=15273"},{"taxonomy":"product_cat","embeddable":true,"href":"https:\/\/macchiaverde-bio.shop\/ga\/wp-json\/wp\/v2\/product_cat?post=15273"},{"taxonomy":"product_tag","embeddable":true,"href":"https:\/\/macchiaverde-bio.shop\/ga\/wp-json\/wp\/v2\/product_tag?post=15273"}],"curies":[{"name":"wp","href":"https:\/\/api.w.org\/{rel}","templated":true}]}}