{"id":15272,"date":"2022-12-16T18:26:19","date_gmt":"2022-12-16T17:26:19","guid":{"rendered":"https:\/\/macchiaverde-bio.shop\/produkt\/almonds-organach-4-x-500-g\/"},"modified":"2024-06-22T12:05:28","modified_gmt":"2024-06-22T10:05:28","slug":"organach-almonds-4-x-500-g","status":"publish","type":"product","link":"https:\/\/macchiaverde-bio.shop\/ga\/produkt\/organach-almonds-4-x-500-g\/","title":{"rendered":"Almonds Org\u00e1nach 4 x 500 g"},"content":{"rendered":"","protected":false},"excerpt":{"rendered":"<p><strong>\u00c9ags\u00falacht alm\u00f3inn\u00ed org\u00e1nacha &#8220;Filippo Cea&#8221; 500 gx 4<\/strong><br \/>\n Aithn\u00edonn connoisseurs alm\u00f3inn\u00ed den \u00e9ags\u00falacht &#8220;Filippo Cea&#8221; mar bhanr\u00edon na n-almonds, i Puglia, \u00e1it a bhf\u00e1star go pr\u00edomha \u00e9, is \u00e9 an almond par excellence na milseot\u00f3ir\u00ed \u00e9. N\u00ed hamh\u00e1in i dt\u00e9arma\u00ed blas, ach freisin i dt\u00e9arma\u00ed \u00e1bhar vitim\u00edn\u00ed agus riand\u00faile, t\u00e1 s\u00e9 gan s\u00e1r\u00fa. Gheobhaidh t\u00fa iad uainn i gc\u00e1il\u00edocht org\u00e1nach, scafa agus pac\u00e1istithe \u00fara.<\/p>\n","protected":false},"featured_media":15120,"comment_status":"open","ping_status":"closed","template":"","meta":[],"product_brand":[],"product_cat":[1490,1488],"product_tag":[],"class_list":{"0":"post-15272","1":"product","2":"type-product","3":"status-publish","4":"has-post-thumbnail","6":"product_cat-almoinni-ga","7":"product_cat-gourmet-set-ir","9":"first","10":"instock","11":"taxable","12":"shipping-taxable","13":"purchasable","14":"product-type-simple"},"_links":{"self":[{"href":"https:\/\/macchiaverde-bio.shop\/ga\/wp-json\/wp\/v2\/product\/15272","targetHints":{"allow":["GET"]}}],"collection":[{"href":"https:\/\/macchiaverde-bio.shop\/ga\/wp-json\/wp\/v2\/product"}],"about":[{"href":"https:\/\/macchiaverde-bio.shop\/ga\/wp-json\/wp\/v2\/types\/product"}],"replies":[{"embeddable":true,"href":"https:\/\/macchiaverde-bio.shop\/ga\/wp-json\/wp\/v2\/comments?post=15272"}],"wp:featuredmedia":[{"embeddable":true,"href":"https:\/\/macchiaverde-bio.shop\/ga\/wp-json\/wp\/v2\/media\/15120"}],"wp:attachment":[{"href":"https:\/\/macchiaverde-bio.shop\/ga\/wp-json\/wp\/v2\/media?parent=15272"}],"wp:term":[{"taxonomy":"product_brand","embeddable":true,"href":"https:\/\/macchiaverde-bio.shop\/ga\/wp-json\/wp\/v2\/product_brand?post=15272"},{"taxonomy":"product_cat","embeddable":true,"href":"https:\/\/macchiaverde-bio.shop\/ga\/wp-json\/wp\/v2\/product_cat?post=15272"},{"taxonomy":"product_tag","embeddable":true,"href":"https:\/\/macchiaverde-bio.shop\/ga\/wp-json\/wp\/v2\/product_tag?post=15272"}],"curies":[{"name":"wp","href":"https:\/\/api.w.org\/{rel}","templated":true}]}}