{"id":15271,"date":"2022-12-16T18:25:46","date_gmt":"2022-12-16T17:25:46","guid":{"rendered":"https:\/\/macchiaverde-bio.shop\/produkt\/almonds-organach-2-x-500-g\/"},"modified":"2024-06-22T12:05:36","modified_gmt":"2024-06-22T10:05:36","slug":"organach-almonds-2-x-500-g","status":"publish","type":"product","link":"https:\/\/macchiaverde-bio.shop\/ga\/produkt\/organach-almonds-2-x-500-g\/","title":{"rendered":"Almonds Org\u00e1nach 2 x 500 g"},"content":{"rendered":"","protected":false},"excerpt":{"rendered":"<p>Alm\u00f3inn\u00ed org\u00e1nacha den \u00e9ags\u00falacht &#8220;Filippo Cea&#8221; 500 gx 2<br \/>\nMeasann connoisseurs gurb \u00e9 almond an \u00e9ags\u00falacht &#8220;Filippo Cea&#8221; banr\u00edon na n-almonds agus is \u00e9 an almond par excellence \u00e9 do milseogra in Apulia, \u00e1it a shaothra\u00edtear go pr\u00edomha \u00e9. T\u00e1 s\u00e9 unsurpassed, n\u00ed hamh\u00e1in i dt\u00e9arma\u00ed blas, ach freisin i dt\u00e9arma\u00ed \u00e1bhar na vitim\u00edn\u00ed agus riand\u00faile. Tagann siad chugainn i gc\u00e1il\u00edocht org\u00e1nach, scafa agus pac\u00e1ilte go h\u00far.<\/p>\n","protected":false},"featured_media":15110,"comment_status":"open","ping_status":"closed","template":"","meta":[],"product_brand":[],"product_cat":[1490,1488],"product_tag":[],"class_list":{"0":"post-15271","1":"product","2":"type-product","3":"status-publish","4":"has-post-thumbnail","6":"product_cat-almoinni-ga","7":"product_cat-gourmet-set-ir","8":"product_shipping_class-reduzierte-pauschale-ga","10":"first","11":"instock","12":"taxable","13":"shipping-taxable","14":"purchasable","15":"product-type-simple"},"_links":{"self":[{"href":"https:\/\/macchiaverde-bio.shop\/ga\/wp-json\/wp\/v2\/product\/15271","targetHints":{"allow":["GET"]}}],"collection":[{"href":"https:\/\/macchiaverde-bio.shop\/ga\/wp-json\/wp\/v2\/product"}],"about":[{"href":"https:\/\/macchiaverde-bio.shop\/ga\/wp-json\/wp\/v2\/types\/product"}],"replies":[{"embeddable":true,"href":"https:\/\/macchiaverde-bio.shop\/ga\/wp-json\/wp\/v2\/comments?post=15271"}],"wp:featuredmedia":[{"embeddable":true,"href":"https:\/\/macchiaverde-bio.shop\/ga\/wp-json\/wp\/v2\/media\/15110"}],"wp:attachment":[{"href":"https:\/\/macchiaverde-bio.shop\/ga\/wp-json\/wp\/v2\/media?parent=15271"}],"wp:term":[{"taxonomy":"product_brand","embeddable":true,"href":"https:\/\/macchiaverde-bio.shop\/ga\/wp-json\/wp\/v2\/product_brand?post=15271"},{"taxonomy":"product_cat","embeddable":true,"href":"https:\/\/macchiaverde-bio.shop\/ga\/wp-json\/wp\/v2\/product_cat?post=15271"},{"taxonomy":"product_tag","embeddable":true,"href":"https:\/\/macchiaverde-bio.shop\/ga\/wp-json\/wp\/v2\/product_tag?post=15271"}],"curies":[{"name":"wp","href":"https:\/\/api.w.org\/{rel}","templated":true}]}}