{"id":14733,"date":"2015-03-08T22:24:30","date_gmt":"2015-03-08T21:24:30","guid":{"rendered":"https:\/\/macchiaverde-bio.shop\/produkt\/organic-olive-oil-lo-smeraldo-bottles-3-x-500-ml\/"},"modified":"2026-02-09T23:08:58","modified_gmt":"2026-02-09T22:08:58","slug":"ola-oloige-organach-lo-buideil-smeraldo-3-x-500-ml","status":"publish","type":"product","link":"https:\/\/macchiaverde-bio.shop\/ga\/produkt\/ola-oloige-organach-lo-buideil-smeraldo-3-x-500-ml\/","title":{"rendered":"Ola Ol\u00f3ige Org\u00e1nach &#8211; Lo Smeraldo &#8211; Buid\u00e9il 3 x 500 ml"},"content":{"rendered":"","protected":false},"excerpt":{"rendered":"<p>OLA ol\u00f3ige Maighdean BREISE<br \/>\n&#8211; BR\u00da fuar &#8211;<br \/>\n<strong>&#8211; cart\u00e1n 3 bhuid\u00e9il &#8211;<\/strong><\/p>\n<p id=\"tw-target-text\" class=\"tw-data-text tw-text-large tw-ta\" dir=\"ltr\" data-placeholder=\"\u00dcbersetzung\"><span lang=\"de\">Is \u00e9 an Smeraldo (An Emerald) ola ol\u00f3ige lush glas agus l\u00e1n-bodied den chaighde\u00e1n is airde, t\u00e1 s\u00e9 br\u00faite \u00f3 100% ol\u00f3ga Coratina. Bliain i ndiaidh bliana ghlac s\u00e9 p\u00e1irt i ngach com\u00f3rtas n\u00e1isi\u00fanta agus idirn\u00e1isi\u00fanta agus bronnadh <strong>bonn platanam<\/strong> air sa chatag\u00f3ir <strong>\u201cFull Fruity\u201d<\/strong> .<br \/>\n<\/span><\/p>\n<p class=\"tw-data-text tw-text-large tw-ta\" dir=\"ltr\" data-placeholder=\"\u00dcbersetzung\"><span lang=\"de\">Mar gheall ar \u00fas\u00e1id eisiach <strong>ol\u00f3ga Coratina,<\/strong> t\u00e1 an Smeraldo tr\u00e9ithrithe ag a <strong>\u00e1bhar polyphenol<\/strong> an- <strong>ard<\/strong> . Tugann an t-\u00e1bhar ard polyphenol go h\u00e1irithe blas <strong>dian, fruity, \u00far don ola<\/strong> \u00f3 Coratina. T\u00e1 boladh na n-ol\u00f3ga soil\u00e9ir agus dothuigthe, t\u00e1 n\u00f3ta\u00ed soil\u00e9ire de thortha\u00ed amh le blas agus leideanna alm\u00f3inn\u00ed glas \u00fara.<\/span><\/p>\n<p dir=\"ltr\" data-placeholder=\"\u00dcbersetzung\">T\u00e1 an Smeraldo oiri\u00fanach do <strong>pizza<\/strong> agus miasa <strong>pasta<\/strong> , chomh maith le focaccia, <strong>st\u00e9ig<\/strong> agus <strong>miasa grilled<\/strong> . Is \u00e9 an ola ol\u00f3ige id\u00e9alach \u00e9 freisin chun <strong>marinades agus picil\u00edn\u00ed barbeque<\/strong> a dh\u00e9anamh, toisc go gcialla\u00edonn an t-\u00e1bhar uasta polyphenols go dt\u00e9ann s\u00e9 go domhain isteach san fheoil agus go n-iompra\u00edonn s\u00e9 aromas na sp\u00edosra\u00ed.<\/p>\n","protected":false},"featured_media":14598,"comment_status":"open","ping_status":"closed","template":"","meta":[],"product_brand":[],"product_cat":[1424],"product_tag":[1419,1426,1420],"class_list":{"0":"post-14733","1":"product","2":"type-product","3":"status-publish","4":"has-post-thumbnail","6":"product_cat-olive-oil-bottles-ga","7":"product_tag-fruity-ga","8":"product_tag-intense-ga","9":"product_tag-olivenoel-ga","11":"first","12":"instock","13":"taxable","14":"shipping-taxable","15":"purchasable","16":"product-type-simple"},"_links":{"self":[{"href":"https:\/\/macchiaverde-bio.shop\/ga\/wp-json\/wp\/v2\/product\/14733","targetHints":{"allow":["GET"]}}],"collection":[{"href":"https:\/\/macchiaverde-bio.shop\/ga\/wp-json\/wp\/v2\/product"}],"about":[{"href":"https:\/\/macchiaverde-bio.shop\/ga\/wp-json\/wp\/v2\/types\/product"}],"replies":[{"embeddable":true,"href":"https:\/\/macchiaverde-bio.shop\/ga\/wp-json\/wp\/v2\/comments?post=14733"}],"wp:featuredmedia":[{"embeddable":true,"href":"https:\/\/macchiaverde-bio.shop\/ga\/wp-json\/wp\/v2\/media\/14598"}],"wp:attachment":[{"href":"https:\/\/macchiaverde-bio.shop\/ga\/wp-json\/wp\/v2\/media?parent=14733"}],"wp:term":[{"taxonomy":"product_brand","embeddable":true,"href":"https:\/\/macchiaverde-bio.shop\/ga\/wp-json\/wp\/v2\/product_brand?post=14733"},{"taxonomy":"product_cat","embeddable":true,"href":"https:\/\/macchiaverde-bio.shop\/ga\/wp-json\/wp\/v2\/product_cat?post=14733"},{"taxonomy":"product_tag","embeddable":true,"href":"https:\/\/macchiaverde-bio.shop\/ga\/wp-json\/wp\/v2\/product_tag?post=14733"}],"curies":[{"name":"wp","href":"https:\/\/api.w.org\/{rel}","templated":true}]}}