{"id":14694,"date":"2019-12-09T18:20:33","date_gmt":"2019-12-09T17:20:33","guid":{"rendered":"https:\/\/macchiaverde-bio.shop\/produkt\/organic-olive-oil-liodoro-bottles-6-x-250-ml\/"},"modified":"2024-06-22T12:08:08","modified_gmt":"2024-06-22T10:08:08","slug":"buideil-leliodoro-ola-oloige-organach-6-x-250-ml","status":"publish","type":"product","link":"https:\/\/macchiaverde-bio.shop\/ga\/produkt\/buideil-leliodoro-ola-oloige-organach-6-x-250-ml\/","title":{"rendered":"Ola Ol\u00f3ige Org\u00e1nach &#8211; L&#8217;Eliodoro &#8211; Buid\u00e9il 6 x 250 ml"},"content":{"rendered":"","protected":false},"excerpt":{"rendered":"<p>OLIO BREISE<br \/>\nVERGINE DI OLIVA &#8211; SpREMUTO A FREDDO &#8211; <strong>CARTONE DA 6 bottiglie &#8211;<\/strong><\/p>\n<p>L&#8217;Eliodoro \u00e8 un ola equilibrato, giallo dorato di altissima qualit\u00e0, ottenuto dal 70% di ol\u00f3ige Coratina agus 30% Ogliarola. \u00c8 stato premiato in concorsi nazionali agus internazionali, tra cui una medaglia d&#8217;argento nella categoria &#8220;Fruttato medio&#8221;, ed \u00e8 uno dei migliori della sua categoria con un contenuto di polifenoli de 714 mg\/kg.<\/p>\n","protected":false},"featured_media":14596,"comment_status":"open","ping_status":"closed","template":"","meta":[],"product_brand":[],"product_cat":[1424],"product_tag":[1419,1426,1420],"class_list":{"0":"post-14694","1":"product","2":"type-product","3":"status-publish","4":"has-post-thumbnail","6":"product_cat-olive-oil-bottles-ga","7":"product_tag-fruity-ga","8":"product_tag-intense-ga","9":"product_tag-olivenoel-ga","11":"first","12":"instock","13":"taxable","14":"shipping-taxable","15":"purchasable","16":"product-type-simple"},"_links":{"self":[{"href":"https:\/\/macchiaverde-bio.shop\/ga\/wp-json\/wp\/v2\/product\/14694","targetHints":{"allow":["GET"]}}],"collection":[{"href":"https:\/\/macchiaverde-bio.shop\/ga\/wp-json\/wp\/v2\/product"}],"about":[{"href":"https:\/\/macchiaverde-bio.shop\/ga\/wp-json\/wp\/v2\/types\/product"}],"replies":[{"embeddable":true,"href":"https:\/\/macchiaverde-bio.shop\/ga\/wp-json\/wp\/v2\/comments?post=14694"}],"wp:featuredmedia":[{"embeddable":true,"href":"https:\/\/macchiaverde-bio.shop\/ga\/wp-json\/wp\/v2\/media\/14596"}],"wp:attachment":[{"href":"https:\/\/macchiaverde-bio.shop\/ga\/wp-json\/wp\/v2\/media?parent=14694"}],"wp:term":[{"taxonomy":"product_brand","embeddable":true,"href":"https:\/\/macchiaverde-bio.shop\/ga\/wp-json\/wp\/v2\/product_brand?post=14694"},{"taxonomy":"product_cat","embeddable":true,"href":"https:\/\/macchiaverde-bio.shop\/ga\/wp-json\/wp\/v2\/product_cat?post=14694"},{"taxonomy":"product_tag","embeddable":true,"href":"https:\/\/macchiaverde-bio.shop\/ga\/wp-json\/wp\/v2\/product_tag?post=14694"}],"curies":[{"name":"wp","href":"https:\/\/api.w.org\/{rel}","templated":true}]}}