{"id":14693,"date":"2019-12-09T18:40:29","date_gmt":"2019-12-09T17:40:29","guid":{"rendered":"https:\/\/macchiaverde-bio.shop\/produkt\/organic-olive-oil-eliodoro-bottles-3-x-500-ml\/"},"modified":"2024-06-22T12:08:00","modified_gmt":"2024-06-22T10:08:00","slug":"buideil-leliodoro-ola-oloige-organach-3-x-500-ml","status":"publish","type":"product","link":"https:\/\/macchiaverde-bio.shop\/ga\/produkt\/buideil-leliodoro-ola-oloige-organach-3-x-500-ml\/","title":{"rendered":"Ola Ol\u00f3ige Org\u00e1nach &#8211; L&#8217;Eliodoro &#8211; Buid\u00e9il 3 x 500 ml"},"content":{"rendered":"","protected":false},"excerpt":{"rendered":"<p>OLA ol\u00f3ige Maighdean BREISE<br \/>\n&#8211; BR\u00da fuar &#8211;<br \/>\n<strong>&#8211; cart\u00e1n 3 bhuid\u00e9il &#8211;<\/strong><br \/>\nOla ol\u00f3ige ardchaighde\u00e1in den rang breise, a fhaightear go d\u00edreach \u00f3n\u00e1r ol\u00f3ga agus gan ach i bpr\u00f3iseas meicni\u00fail. Is t\u00e1irge cearda\u00edochta \u00e9 \u00e1r n-ola ol\u00f3ige EXTRA VIRGIN MACCHIA VERDE BIO d\u00e9anta as tortha\u00ed an traidisi\u00fain, an paisean agus an gr\u00e1 don talamh. Faightear \u00e9 go heisiach \u00f3 ol\u00f3ga org\u00e1nacha chun an d\u00falra agus an comhshaol a chosaint agus d\u00e9antar \u00e9 a rial\u00fa go c\u00faramach ag gach c\u00e9im t\u00e1irgthe.<\/p>\n","protected":false},"featured_media":14600,"comment_status":"open","ping_status":"closed","template":"","meta":[],"product_brand":[],"product_cat":[1424],"product_tag":[1419,1426,1420],"class_list":{"0":"post-14693","1":"product","2":"type-product","3":"status-publish","4":"has-post-thumbnail","6":"product_cat-olive-oil-bottles-ga","7":"product_tag-fruity-ga","8":"product_tag-intense-ga","9":"product_tag-olivenoel-ga","11":"first","12":"instock","13":"taxable","14":"shipping-taxable","15":"purchasable","16":"product-type-simple"},"_links":{"self":[{"href":"https:\/\/macchiaverde-bio.shop\/ga\/wp-json\/wp\/v2\/product\/14693","targetHints":{"allow":["GET"]}}],"collection":[{"href":"https:\/\/macchiaverde-bio.shop\/ga\/wp-json\/wp\/v2\/product"}],"about":[{"href":"https:\/\/macchiaverde-bio.shop\/ga\/wp-json\/wp\/v2\/types\/product"}],"replies":[{"embeddable":true,"href":"https:\/\/macchiaverde-bio.shop\/ga\/wp-json\/wp\/v2\/comments?post=14693"}],"wp:featuredmedia":[{"embeddable":true,"href":"https:\/\/macchiaverde-bio.shop\/ga\/wp-json\/wp\/v2\/media\/14600"}],"wp:attachment":[{"href":"https:\/\/macchiaverde-bio.shop\/ga\/wp-json\/wp\/v2\/media?parent=14693"}],"wp:term":[{"taxonomy":"product_brand","embeddable":true,"href":"https:\/\/macchiaverde-bio.shop\/ga\/wp-json\/wp\/v2\/product_brand?post=14693"},{"taxonomy":"product_cat","embeddable":true,"href":"https:\/\/macchiaverde-bio.shop\/ga\/wp-json\/wp\/v2\/product_cat?post=14693"},{"taxonomy":"product_tag","embeddable":true,"href":"https:\/\/macchiaverde-bio.shop\/ga\/wp-json\/wp\/v2\/product_tag?post=14693"}],"curies":[{"name":"wp","href":"https:\/\/api.w.org\/{rel}","templated":true}]}}