{"id":14691,"date":"2019-12-09T19:53:07","date_gmt":"2019-12-09T18:53:07","guid":{"rendered":"https:\/\/macchiaverde-bio.shop\/produkt\/bio-olive-oil-classic-canister-2-x-3-l\/"},"modified":"2025-02-25T18:26:43","modified_gmt":"2025-02-25T17:26:43","slug":"organach-oloige-ola-clasaiceach-canister-2-x-3-l","status":"publish","type":"product","link":"https:\/\/macchiaverde-bio.shop\/ga\/produkt\/organach-oloige-ola-clasaiceach-canister-2-x-3-l\/","title":{"rendered":"Ola Ol\u00f3ige Org\u00e1nach &#8211; Clasaiceach &#8211; Canister 2 x 3 L"},"content":{"rendered":"","protected":false},"excerpt":{"rendered":"<p><strong>\u2013 Ola Ol\u00f3ige Org\u00e1nach &#8211; Clasaiceach &#8211; Canister 2 x 3 L &#8211;<\/strong><br \/>\nIs \u00e9 an Classic ar ardchaighde\u00e1n, ola ol\u00f3ige cothrom, measc\u00e1n de ol\u00f3ga Coratina agus Ogliarola. T\u00e1 dath bu\u00ed \u00f3rga air le machnaimh glasa, me\u00e1nmh\u00e9ide fruity, l\u00e1n-bodied, le n\u00f3ta\u00ed alm\u00f3inn\u00ed agus blios\u00e1in. T\u00e1 s\u00e9 oiri\u00fanach do raon leathan miasa agus d&#8217;fh\u00e9adfa\u00ed cur s\u00edos a dh\u00e9anamh air freisin mar &#8220;an ola ol\u00f3ige le haghaidh gach l\u00e1&#8221;.<\/p>\n","protected":false},"featured_media":14588,"comment_status":"open","ping_status":"closed","template":"","meta":[],"product_brand":[],"product_cat":[1437],"product_tag":[1419,1426,1420],"class_list":{"0":"post-14691","1":"product","2":"type-product","3":"status-publish","4":"has-post-thumbnail","6":"product_cat-olive-oil-canister-ga","7":"product_tag-fruity-ga","8":"product_tag-intense-ga","9":"product_tag-olivenoel-ga","11":"first","12":"instock","13":"taxable","14":"shipping-taxable","15":"purchasable","16":"product-type-simple"},"_links":{"self":[{"href":"https:\/\/macchiaverde-bio.shop\/ga\/wp-json\/wp\/v2\/product\/14691","targetHints":{"allow":["GET"]}}],"collection":[{"href":"https:\/\/macchiaverde-bio.shop\/ga\/wp-json\/wp\/v2\/product"}],"about":[{"href":"https:\/\/macchiaverde-bio.shop\/ga\/wp-json\/wp\/v2\/types\/product"}],"replies":[{"embeddable":true,"href":"https:\/\/macchiaverde-bio.shop\/ga\/wp-json\/wp\/v2\/comments?post=14691"}],"wp:featuredmedia":[{"embeddable":true,"href":"https:\/\/macchiaverde-bio.shop\/ga\/wp-json\/wp\/v2\/media\/14588"}],"wp:attachment":[{"href":"https:\/\/macchiaverde-bio.shop\/ga\/wp-json\/wp\/v2\/media?parent=14691"}],"wp:term":[{"taxonomy":"product_brand","embeddable":true,"href":"https:\/\/macchiaverde-bio.shop\/ga\/wp-json\/wp\/v2\/product_brand?post=14691"},{"taxonomy":"product_cat","embeddable":true,"href":"https:\/\/macchiaverde-bio.shop\/ga\/wp-json\/wp\/v2\/product_cat?post=14691"},{"taxonomy":"product_tag","embeddable":true,"href":"https:\/\/macchiaverde-bio.shop\/ga\/wp-json\/wp\/v2\/product_tag?post=14691"}],"curies":[{"name":"wp","href":"https:\/\/api.w.org\/{rel}","templated":true}]}}