{"id":14690,"date":"2020-01-12T21:59:11","date_gmt":"2020-01-12T20:59:11","guid":{"rendered":"https:\/\/macchiaverde-bio.shop\/produkt\/olive-oil-trio-tasting-set\/"},"modified":"2025-02-25T18:26:43","modified_gmt":"2025-02-25T17:26:43","slug":"sraith-blaiseadh-tri-ola-oloige","status":"publish","type":"product","link":"https:\/\/macchiaverde-bio.shop\/ga\/produkt\/sraith-blaiseadh-tri-ola-oloige\/","title":{"rendered":"Tri\u00far ola ol\u00f3ige &#8211; tacar samplach &#8211; 3 x 500 ml"},"content":{"rendered":"","protected":false},"excerpt":{"rendered":"<p>Tosaitheoir ola ol\u00f3ige socraithe len\u00e1r 3 ola\u00ed ol\u00f3ige org\u00e1nacha d\u00f3ibh si\u00fad nach bhfuil cinnte! Buid\u00e9al 500 ml gach ceann de &#8220;Smeraldo&#8221;, &#8220;Eliodoro&#8221; agus 500 ml &#8220;Classico&#8221; chun iarracht a dh\u00e9anamh. D\u00e9an cinneadh c\u00e9 acu de na 3 ola is fearr leat.<\/p>\n","protected":false},"featured_media":14592,"comment_status":"open","ping_status":"closed","template":"","meta":[],"product_brand":[],"product_cat":[1424,1418],"product_tag":[1443,1442,1420,1444],"class_list":{"0":"post-14690","1":"product","2":"type-product","3":"status-publish","4":"has-post-thumbnail","6":"product_cat-olive-oil-bottles-ga","7":"product_cat-oliveoil-specials-ga","8":"product_tag-bestellen-ga","9":"product_tag-bio-ga","10":"product_tag-olivenoel-ga","11":"product_tag-tasting-set","13":"first","14":"instock","15":"taxable","16":"shipping-taxable","17":"purchasable","18":"product-type-simple"},"_links":{"self":[{"href":"https:\/\/macchiaverde-bio.shop\/ga\/wp-json\/wp\/v2\/product\/14690","targetHints":{"allow":["GET"]}}],"collection":[{"href":"https:\/\/macchiaverde-bio.shop\/ga\/wp-json\/wp\/v2\/product"}],"about":[{"href":"https:\/\/macchiaverde-bio.shop\/ga\/wp-json\/wp\/v2\/types\/product"}],"replies":[{"embeddable":true,"href":"https:\/\/macchiaverde-bio.shop\/ga\/wp-json\/wp\/v2\/comments?post=14690"}],"wp:featuredmedia":[{"embeddable":true,"href":"https:\/\/macchiaverde-bio.shop\/ga\/wp-json\/wp\/v2\/media\/14592"}],"wp:attachment":[{"href":"https:\/\/macchiaverde-bio.shop\/ga\/wp-json\/wp\/v2\/media?parent=14690"}],"wp:term":[{"taxonomy":"product_brand","embeddable":true,"href":"https:\/\/macchiaverde-bio.shop\/ga\/wp-json\/wp\/v2\/product_brand?post=14690"},{"taxonomy":"product_cat","embeddable":true,"href":"https:\/\/macchiaverde-bio.shop\/ga\/wp-json\/wp\/v2\/product_cat?post=14690"},{"taxonomy":"product_tag","embeddable":true,"href":"https:\/\/macchiaverde-bio.shop\/ga\/wp-json\/wp\/v2\/product_tag?post=14690"}],"curies":[{"name":"wp","href":"https:\/\/api.w.org\/{rel}","templated":true}]}}