{"id":14689,"date":"2020-01-14T22:32:03","date_gmt":"2020-01-14T21:32:03","guid":{"rendered":"https:\/\/macchiaverde-bio.shop\/produkt\/organic-olive-oil-classic-bottles-3x-750-ml\/"},"modified":"2026-02-09T23:09:03","modified_gmt":"2026-02-09T22:09:03","slug":"buideil-clasaiceach-ola-oloige-organach-3x-750-ml","status":"publish","type":"product","link":"https:\/\/macchiaverde-bio.shop\/ga\/produkt\/buideil-clasaiceach-ola-oloige-organach-3x-750-ml\/","title":{"rendered":"Ola ol\u00f3ige Org\u00e1nach &#8211; Clasaiceach &#8211; Buid\u00e9il 3 x 750 ml"},"content":{"rendered":"","protected":false},"excerpt":{"rendered":"<p><strong>&#8211; Carton 3 buid\u00e9il 750ml &#8211;<\/strong><br \/>\nIs ola ol\u00f3ige bhreise chothromaithe ardchaighde\u00e1in \u00e9 an Classico, measc\u00e1n d\u2019ol\u00f3ga Coratina agus Ogliarola. T\u00e1 s\u00e9 bu\u00ed \u00f3rga le machnaimh glas, me\u00e1n-tortha\u00ed, l\u00e1n-bodied, le n\u00f3ta\u00ed almond agus bhlios\u00e1n gr\u00e9ine. T\u00e1 s\u00e9 oiri\u00fanach do raon leathan miasa agus d&#8217;fh\u00e9adfa\u00ed cur s\u00edos a dh\u00e9anamh air freisin mar &#8220;an ola ol\u00f3ige laeth\u00fail&#8221;.<\/p>\n","protected":false},"featured_media":14593,"comment_status":"open","ping_status":"closed","template":"","meta":[],"product_brand":[],"product_cat":[1424],"product_tag":[1419,1433],"class_list":{"0":"post-14689","1":"product","2":"type-product","3":"status-publish","4":"has-post-thumbnail","6":"product_cat-olive-oil-bottles-ga","7":"product_tag-fruity-ga","8":"product_tag-full-bodied-ga","10":"first","11":"instock","12":"taxable","13":"shipping-taxable","14":"purchasable","15":"product-type-simple"},"_links":{"self":[{"href":"https:\/\/macchiaverde-bio.shop\/ga\/wp-json\/wp\/v2\/product\/14689","targetHints":{"allow":["GET"]}}],"collection":[{"href":"https:\/\/macchiaverde-bio.shop\/ga\/wp-json\/wp\/v2\/product"}],"about":[{"href":"https:\/\/macchiaverde-bio.shop\/ga\/wp-json\/wp\/v2\/types\/product"}],"replies":[{"embeddable":true,"href":"https:\/\/macchiaverde-bio.shop\/ga\/wp-json\/wp\/v2\/comments?post=14689"}],"wp:featuredmedia":[{"embeddable":true,"href":"https:\/\/macchiaverde-bio.shop\/ga\/wp-json\/wp\/v2\/media\/14593"}],"wp:attachment":[{"href":"https:\/\/macchiaverde-bio.shop\/ga\/wp-json\/wp\/v2\/media?parent=14689"}],"wp:term":[{"taxonomy":"product_brand","embeddable":true,"href":"https:\/\/macchiaverde-bio.shop\/ga\/wp-json\/wp\/v2\/product_brand?post=14689"},{"taxonomy":"product_cat","embeddable":true,"href":"https:\/\/macchiaverde-bio.shop\/ga\/wp-json\/wp\/v2\/product_cat?post=14689"},{"taxonomy":"product_tag","embeddable":true,"href":"https:\/\/macchiaverde-bio.shop\/ga\/wp-json\/wp\/v2\/product_tag?post=14689"}],"curies":[{"name":"wp","href":"https:\/\/api.w.org\/{rel}","templated":true}]}}