{"id":14686,"date":"2020-03-12T00:00:28","date_gmt":"2020-03-11T23:00:28","guid":{"rendered":"https:\/\/macchiaverde-bio.shop\/produkt\/organic-olive-oil-lo-smeraldo-bag-in-box-5-l\/"},"modified":"2024-06-22T12:07:01","modified_gmt":"2024-06-22T10:07:01","slug":"bith-oloige-ola-lo-smeraldo-mala-i-bosca-5-l","status":"publish","type":"product","link":"https:\/\/macchiaverde-bio.shop\/ga\/produkt\/bith-oloige-ola-lo-smeraldo-mala-i-bosca-5-l\/","title":{"rendered":"Ola Ol\u00f3ige Org\u00e1nach &#8211; Lo Smeraldo &#8211; M\u00e1la I mBosca 5 L"},"content":{"rendered":"","protected":false},"excerpt":{"rendered":"<p><strong>&#8211; Lo Smeraldo &#8211; M\u00e1la I mBosca 5 L &#8211;<\/strong><br \/>\nIs ola glas agus l\u00e1n-bodied den chaighde\u00e1n is airde \u00e9 Smeraldo, br\u00faite \u00f3 ol\u00f3ga Coratina 100%. Ghlac s\u00e9 p\u00e1irt i ngach com\u00f3rtas n\u00e1isi\u00fanta agus idirn\u00e1isi\u00fanta bliain i ndiaidh bliana agus bronnadh \u00d3r agus Platanam air sa chatag\u00f3ir \u201cFull Fruit\u201d. Le 1246 mg\/kg polyphenols, t\u00e1 s\u00e9 ar cheann de na t\u00e1irgeoir\u00ed idirn\u00e1isi\u00fanta ola ol\u00f3ige is fearr. Sa &#8220;M\u00e1la sa Bhosca&#8221; praitici\u00fail, fanann an ola ol\u00f3ige chomh \u00far leis an gc\u00e9ad l\u00e1, d\u00edreach s\u00edos go dt\u00ed an titim dheireanach.<\/p>\n","protected":false},"featured_media":14586,"comment_status":"open","ping_status":"closed","template":"","meta":[],"product_brand":[],"product_cat":[1417,1418],"product_tag":[1419,1426,1427,1420],"class_list":{"0":"post-14686","1":"product","2":"type-product","3":"status-publish","4":"has-post-thumbnail","6":"product_cat-oliveoil-bag-in-box-ga","7":"product_cat-oliveoil-specials-ga","8":"product_tag-fruity-ga","9":"product_tag-intense-ga","10":"product_tag-offer-ga","11":"product_tag-olivenoel-ga","13":"first","14":"instock","15":"taxable","16":"shipping-taxable","17":"purchasable","18":"product-type-simple"},"_links":{"self":[{"href":"https:\/\/macchiaverde-bio.shop\/ga\/wp-json\/wp\/v2\/product\/14686","targetHints":{"allow":["GET"]}}],"collection":[{"href":"https:\/\/macchiaverde-bio.shop\/ga\/wp-json\/wp\/v2\/product"}],"about":[{"href":"https:\/\/macchiaverde-bio.shop\/ga\/wp-json\/wp\/v2\/types\/product"}],"replies":[{"embeddable":true,"href":"https:\/\/macchiaverde-bio.shop\/ga\/wp-json\/wp\/v2\/comments?post=14686"}],"wp:featuredmedia":[{"embeddable":true,"href":"https:\/\/macchiaverde-bio.shop\/ga\/wp-json\/wp\/v2\/media\/14586"}],"wp:attachment":[{"href":"https:\/\/macchiaverde-bio.shop\/ga\/wp-json\/wp\/v2\/media?parent=14686"}],"wp:term":[{"taxonomy":"product_brand","embeddable":true,"href":"https:\/\/macchiaverde-bio.shop\/ga\/wp-json\/wp\/v2\/product_brand?post=14686"},{"taxonomy":"product_cat","embeddable":true,"href":"https:\/\/macchiaverde-bio.shop\/ga\/wp-json\/wp\/v2\/product_cat?post=14686"},{"taxonomy":"product_tag","embeddable":true,"href":"https:\/\/macchiaverde-bio.shop\/ga\/wp-json\/wp\/v2\/product_tag?post=14686"}],"curies":[{"name":"wp","href":"https:\/\/api.w.org\/{rel}","templated":true}]}}