{"id":14685,"date":"2020-03-12T00:26:16","date_gmt":"2020-03-11T23:26:16","guid":{"rendered":"https:\/\/macchiaverde-bio.shop\/produkt\/organic-olive-oil-leliodoro-bag-in-box-5-l\/"},"modified":"2024-06-22T12:06:53","modified_gmt":"2024-06-22T10:06:53","slug":"organic-olive-oil-leliodoro-bag-in-box-5-l","status":"publish","type":"product","link":"https:\/\/macchiaverde-bio.shop\/ga\/produkt\/organic-olive-oil-leliodoro-bag-in-box-5-l\/","title":{"rendered":"Ola Ol\u00f3ige Org\u00e1nach &#8211; L&#8217;Eliodoro &#8211; M\u00e1la I mBosca 5 L"},"content":{"rendered":"","protected":false},"excerpt":{"rendered":"<p>\u2013 <strong>Sacchetto in scatola da 5 l\u00edtear \u2013<\/strong><br \/>\nIs ola ol\u00f3ige \u00f3rga bu\u00ed agus chothromaithe \u00e9 L&#8217;Eliodoro (An Heliodor) den chaighde\u00e1n is airde, faightear \u00e9 \u00f3 70% Coratina agus 30% \u00f3 ol\u00f3ga Ogliarola. T\u00e1 duaiseanna buaite aige i gcom\u00f3rtais n\u00e1isi\u00fanta agus idirn\u00e1isi\u00fanta, lena n-\u00e1ir\u00edtear bonn airgid sa chatag\u00f3ir \u201cMe\u00e1nach Tortha\u00ed\u201d; Sa \u201cM\u00e1la sa Bhosca\u201d praitici\u00fail, fanann an ola ol\u00f3ige chomh \u00far leis an gc\u00e9ad l\u00e1 d\u00edreach s\u00edos go dt\u00ed an titim dheireanach.<\/p>\n","protected":false},"featured_media":14583,"comment_status":"open","ping_status":"closed","template":"","meta":[],"product_brand":[],"product_cat":[1417,1418],"product_tag":[1419,1426,1427,1420],"class_list":{"0":"post-14685","1":"product","2":"type-product","3":"status-publish","4":"has-post-thumbnail","6":"product_cat-oliveoil-bag-in-box-ga","7":"product_cat-oliveoil-specials-ga","8":"product_tag-fruity-ga","9":"product_tag-intense-ga","10":"product_tag-offer-ga","11":"product_tag-olivenoel-ga","13":"first","14":"instock","15":"taxable","16":"shipping-taxable","17":"purchasable","18":"product-type-simple"},"_links":{"self":[{"href":"https:\/\/macchiaverde-bio.shop\/ga\/wp-json\/wp\/v2\/product\/14685","targetHints":{"allow":["GET"]}}],"collection":[{"href":"https:\/\/macchiaverde-bio.shop\/ga\/wp-json\/wp\/v2\/product"}],"about":[{"href":"https:\/\/macchiaverde-bio.shop\/ga\/wp-json\/wp\/v2\/types\/product"}],"replies":[{"embeddable":true,"href":"https:\/\/macchiaverde-bio.shop\/ga\/wp-json\/wp\/v2\/comments?post=14685"}],"wp:featuredmedia":[{"embeddable":true,"href":"https:\/\/macchiaverde-bio.shop\/ga\/wp-json\/wp\/v2\/media\/14583"}],"wp:attachment":[{"href":"https:\/\/macchiaverde-bio.shop\/ga\/wp-json\/wp\/v2\/media?parent=14685"}],"wp:term":[{"taxonomy":"product_brand","embeddable":true,"href":"https:\/\/macchiaverde-bio.shop\/ga\/wp-json\/wp\/v2\/product_brand?post=14685"},{"taxonomy":"product_cat","embeddable":true,"href":"https:\/\/macchiaverde-bio.shop\/ga\/wp-json\/wp\/v2\/product_cat?post=14685"},{"taxonomy":"product_tag","embeddable":true,"href":"https:\/\/macchiaverde-bio.shop\/ga\/wp-json\/wp\/v2\/product_tag?post=14685"}],"curies":[{"name":"wp","href":"https:\/\/api.w.org\/{rel}","templated":true}]}}