{"id":14684,"date":"2020-03-13T00:39:55","date_gmt":"2020-03-12T23:39:55","guid":{"rendered":"https:\/\/macchiaverde-bio.shop\/produkt\/organic-olive-oil-classic-bottles-6x-750-ml\/"},"modified":"2025-02-25T18:28:41","modified_gmt":"2025-02-25T17:28:41","slug":"buideil-clasaiceach-ola-oloige-organach-6x-750-ml","status":"publish","type":"product","link":"https:\/\/macchiaverde-bio.shop\/ga\/produkt\/buideil-clasaiceach-ola-oloige-organach-6x-750-ml\/","title":{"rendered":"Ola ol\u00f3ige Org\u00e1nach &#8211; Clasaiceach &#8211; Buid\u00e9il 6 x 750 ml"},"content":{"rendered":"","protected":false},"excerpt":{"rendered":"<p><strong>\u2013 cart\u00e1n 6 x buid\u00e9al 750ml \u2013<\/strong><br \/>\nIs ola ol\u00f3ige breise cothrom ardchaighde\u00e1in \u00e9 an Classic, measc\u00e1n d&#8217;ol\u00f3ga Coratina agus Ogliarola. Dealra\u00edonn s\u00e9 bu\u00ed \u00f3rga le frithchaitheamh glas, me\u00e1n-tortha\u00ed, l\u00e1n-bodied, le n\u00f3ta\u00ed alm\u00f3inn\u00ed agus blios\u00e1in. T\u00e1 s\u00e9 oiri\u00fanach do raon leathan miasa agus d&#8217;fh\u00e9adfa\u00ed &#8220;ola ol\u00f3ige gach l\u00e1&#8221; a thabhairt air freisin.<\/p>\n","protected":false},"featured_media":14594,"comment_status":"closed","ping_status":"closed","template":"","meta":[],"product_brand":[],"product_cat":[1424],"product_tag":[1419,1433,1427],"class_list":{"0":"post-14684","1":"product","2":"type-product","3":"status-publish","4":"has-post-thumbnail","6":"product_cat-olive-oil-bottles-ga","7":"product_tag-fruity-ga","8":"product_tag-full-bodied-ga","9":"product_tag-offer-ga","11":"first","12":"instock","13":"taxable","14":"shipping-taxable","15":"purchasable","16":"product-type-simple"},"_links":{"self":[{"href":"https:\/\/macchiaverde-bio.shop\/ga\/wp-json\/wp\/v2\/product\/14684","targetHints":{"allow":["GET"]}}],"collection":[{"href":"https:\/\/macchiaverde-bio.shop\/ga\/wp-json\/wp\/v2\/product"}],"about":[{"href":"https:\/\/macchiaverde-bio.shop\/ga\/wp-json\/wp\/v2\/types\/product"}],"replies":[{"embeddable":true,"href":"https:\/\/macchiaverde-bio.shop\/ga\/wp-json\/wp\/v2\/comments?post=14684"}],"wp:featuredmedia":[{"embeddable":true,"href":"https:\/\/macchiaverde-bio.shop\/ga\/wp-json\/wp\/v2\/media\/14594"}],"wp:attachment":[{"href":"https:\/\/macchiaverde-bio.shop\/ga\/wp-json\/wp\/v2\/media?parent=14684"}],"wp:term":[{"taxonomy":"product_brand","embeddable":true,"href":"https:\/\/macchiaverde-bio.shop\/ga\/wp-json\/wp\/v2\/product_brand?post=14684"},{"taxonomy":"product_cat","embeddable":true,"href":"https:\/\/macchiaverde-bio.shop\/ga\/wp-json\/wp\/v2\/product_cat?post=14684"},{"taxonomy":"product_tag","embeddable":true,"href":"https:\/\/macchiaverde-bio.shop\/ga\/wp-json\/wp\/v2\/product_tag?post=14684"}],"curies":[{"name":"wp","href":"https:\/\/api.w.org\/{rel}","templated":true}]}}