{"id":14683,"date":"2020-03-13T00:49:11","date_gmt":"2020-03-12T23:49:11","guid":{"rendered":"https:\/\/macchiaverde-bio.shop\/produkt\/organic-olive-oil-lo-smeraldo-bottles-6-x-500-ml\/"},"modified":"2025-02-25T18:26:59","modified_gmt":"2025-02-25T17:26:59","slug":"ola-oloige-organach-lo-buideil-smeraldo-6-x-500-ml","status":"publish","type":"product","link":"https:\/\/macchiaverde-bio.shop\/ga\/produkt\/ola-oloige-organach-lo-buideil-smeraldo-6-x-500-ml\/","title":{"rendered":"Ola Ol\u00f3ige Org\u00e1nach &#8211; Lo Smeraldo &#8211; Buid\u00e9il 6 x 500 ml"},"content":{"rendered":"","protected":false},"excerpt":{"rendered":"<p>OLA ol\u00f3ige Maighdean BREISE<br \/>\n&#8211; BR\u00da fuar &#8211;<br \/>\n<strong>&#8211; cart\u00e1n le 6 bhuid\u00e9al &#8211;<\/strong><\/p>\n<p>Is ola ol\u00f3ige glas saibhir, l\u00e1n-chorpach, ardchaighde\u00e1in \u00e9 Smeraldo, br\u00faite \u00f3 ol\u00f3ga Coratina 100%. Ghlac s\u00e9 p\u00e1irt i ngach com\u00f3rtas n\u00e1isi\u00fanta agus idirn\u00e1isi\u00fanta bliain i ndiaidh bliana agus t\u00e1 s\u00e9 ar cheann de na t\u00e1irgeoir\u00ed idirn\u00e1isi\u00fanta is fearr. A bhu\u00edochas le h\u00fas\u00e1id eisiach <strong>ol\u00f3ga Coratina,<\/strong> is sainair\u00edonna \u00e9 an Smeraldo <strong>\u00e1bhar polyphenol an-ard<\/strong> . Thar aon n\u00ed eile, tugann an t-\u00e1bhar ard polyphenol blas dian, fruity agus \u00far don ola Coratina. T\u00e1 boladh na n-ol\u00f3ga soil\u00e9ir agus dothuigthe, ar an carball scoilte t\u00e1 n\u00f3ta\u00ed de thortha\u00ed amh agus leid de alm\u00f3inn\u00ed glas \u00far.<\/p>\n<p>T\u00e1 Smeraldo oiri\u00fanach do <strong>ph\u00edotsa<\/strong> agus do ch\u00e9ad ch\u00farsa\u00ed, focaccia, <strong>steaks agus miasa grilled<\/strong> . Is \u00e9 an ola ol\u00f3ige id\u00e9alach \u00e9 freisin chun <strong>marinades agus blastanas barbeque a ullmh\u00fa<\/strong> , toisc go gcinnt\u00edonn an t-\u00e1bhar ard polyphenol go dt\u00e9ann s\u00e9 isteach go domhain san fheoil agus go dtarchuireann s\u00e9 blasanna na feola.<\/p>\n","protected":false},"featured_media":14597,"comment_status":"open","ping_status":"closed","template":"","meta":[],"product_brand":[],"product_cat":[1424,1418],"product_tag":[1419,1426,1427,1420],"class_list":{"0":"post-14683","1":"product","2":"type-product","3":"status-publish","4":"has-post-thumbnail","6":"product_cat-olive-oil-bottles-ga","7":"product_cat-oliveoil-specials-ga","8":"product_tag-fruity-ga","9":"product_tag-intense-ga","10":"product_tag-offer-ga","11":"product_tag-olivenoel-ga","12":"product_shipping_class-speditions-kosten-ga","14":"first","15":"instock","16":"taxable","17":"shipping-taxable","18":"purchasable","19":"product-type-simple"},"_links":{"self":[{"href":"https:\/\/macchiaverde-bio.shop\/ga\/wp-json\/wp\/v2\/product\/14683","targetHints":{"allow":["GET"]}}],"collection":[{"href":"https:\/\/macchiaverde-bio.shop\/ga\/wp-json\/wp\/v2\/product"}],"about":[{"href":"https:\/\/macchiaverde-bio.shop\/ga\/wp-json\/wp\/v2\/types\/product"}],"replies":[{"embeddable":true,"href":"https:\/\/macchiaverde-bio.shop\/ga\/wp-json\/wp\/v2\/comments?post=14683"}],"wp:featuredmedia":[{"embeddable":true,"href":"https:\/\/macchiaverde-bio.shop\/ga\/wp-json\/wp\/v2\/media\/14597"}],"wp:attachment":[{"href":"https:\/\/macchiaverde-bio.shop\/ga\/wp-json\/wp\/v2\/media?parent=14683"}],"wp:term":[{"taxonomy":"product_brand","embeddable":true,"href":"https:\/\/macchiaverde-bio.shop\/ga\/wp-json\/wp\/v2\/product_brand?post=14683"},{"taxonomy":"product_cat","embeddable":true,"href":"https:\/\/macchiaverde-bio.shop\/ga\/wp-json\/wp\/v2\/product_cat?post=14683"},{"taxonomy":"product_tag","embeddable":true,"href":"https:\/\/macchiaverde-bio.shop\/ga\/wp-json\/wp\/v2\/product_tag?post=14683"}],"curies":[{"name":"wp","href":"https:\/\/api.w.org\/{rel}","templated":true}]}}