{"id":14682,"date":"2020-03-16T00:31:53","date_gmt":"2020-03-15T23:31:53","guid":{"rendered":"https:\/\/macchiaverde-bio.shop\/produkt\/organic-olive-oil-eliodoro-bag-in-box-2-x-5-l\/"},"modified":"2024-06-22T12:06:24","modified_gmt":"2024-06-22T10:06:24","slug":"organic-olive-oil-eliodoro-bag-in-box-2-x-5-l","status":"publish","type":"product","link":"https:\/\/macchiaverde-bio.shop\/ga\/produkt\/organic-olive-oil-eliodoro-bag-in-box-2-x-5-l\/","title":{"rendered":"Ola ol\u00f3ige org\u00e1nach &#8211; L&#8217;Eliodoro &#8211; M\u00e1la I mBosca 2 x 5 L"},"content":{"rendered":"","protected":false},"excerpt":{"rendered":"<p>&#8211; <strong>sacchetto 2 x 5 l\u00edtear i scatola &#8211;<\/strong><br \/>\nIs ola ol\u00f3ige \u00f3rga \u00e9 an Eliodoro le cothroma\u00edocht ardchaighde\u00e1in den scoth, le 70% de Coratina agus 30% d&#8217;ola ol\u00f3ige Ogliarola. Is duais \u00e9 i gcom\u00f3rtais n\u00e1isi\u00fanta agus idirn\u00e1isi\u00fanta do gach bonn airgid sa chatag\u00f3ir &#8220;Frutato medium&#8221;, le huasmh\u00e9id 714 mg\/kg de pholafenoli agus t\u00e1 s\u00e9 ar cheann de cheannair\u00ed na catag\u00f3ire seo. Sa &#8220;m\u00e1la sa bhosca&#8221; praitici\u00fail, t\u00e1 ola an ol\u00f3ige cr\u00edochnaithe go \u00far gach l\u00e1, teacht ar an gc\u00e9ad l\u00e1.<\/p>\n","protected":false},"featured_media":14584,"comment_status":"open","ping_status":"closed","template":"","meta":[],"product_brand":[],"product_cat":[1417,1418],"product_tag":[1419,1426,1427,1420],"class_list":{"0":"post-14682","1":"product","2":"type-product","3":"status-publish","4":"has-post-thumbnail","6":"product_cat-oliveoil-bag-in-box-ga","7":"product_cat-oliveoil-specials-ga","8":"product_tag-fruity-ga","9":"product_tag-intense-ga","10":"product_tag-offer-ga","11":"product_tag-olivenoel-ga","13":"first","14":"instock","15":"taxable","16":"shipping-taxable","17":"purchasable","18":"product-type-simple"},"_links":{"self":[{"href":"https:\/\/macchiaverde-bio.shop\/ga\/wp-json\/wp\/v2\/product\/14682","targetHints":{"allow":["GET"]}}],"collection":[{"href":"https:\/\/macchiaverde-bio.shop\/ga\/wp-json\/wp\/v2\/product"}],"about":[{"href":"https:\/\/macchiaverde-bio.shop\/ga\/wp-json\/wp\/v2\/types\/product"}],"replies":[{"embeddable":true,"href":"https:\/\/macchiaverde-bio.shop\/ga\/wp-json\/wp\/v2\/comments?post=14682"}],"wp:featuredmedia":[{"embeddable":true,"href":"https:\/\/macchiaverde-bio.shop\/ga\/wp-json\/wp\/v2\/media\/14584"}],"wp:attachment":[{"href":"https:\/\/macchiaverde-bio.shop\/ga\/wp-json\/wp\/v2\/media?parent=14682"}],"wp:term":[{"taxonomy":"product_brand","embeddable":true,"href":"https:\/\/macchiaverde-bio.shop\/ga\/wp-json\/wp\/v2\/product_brand?post=14682"},{"taxonomy":"product_cat","embeddable":true,"href":"https:\/\/macchiaverde-bio.shop\/ga\/wp-json\/wp\/v2\/product_cat?post=14682"},{"taxonomy":"product_tag","embeddable":true,"href":"https:\/\/macchiaverde-bio.shop\/ga\/wp-json\/wp\/v2\/product_tag?post=14682"}],"curies":[{"name":"wp","href":"https:\/\/api.w.org\/{rel}","templated":true}]}}