{"id":14681,"date":"2020-03-16T01:32:16","date_gmt":"2020-03-16T00:32:16","guid":{"rendered":"https:\/\/macchiaverde-bio.shop\/produkt\/bio-olive-oil-lo-smeraldo-bag-in-box-2-x-5-l\/"},"modified":"2024-06-22T12:06:16","modified_gmt":"2024-06-22T10:06:16","slug":"bio-olive-oil-lo-smeraldo-bag-in-box-2-x-5-l","status":"publish","type":"product","link":"https:\/\/macchiaverde-bio.shop\/ga\/produkt\/bio-olive-oil-lo-smeraldo-bag-in-box-2-x-5-l\/","title":{"rendered":"Ola ol\u00f3ige org\u00e1nach &#8211; Lo Smeraldo &#8211; M\u00e1la sa Bhosca 2 x 5 L"},"content":{"rendered":"","protected":false},"excerpt":{"rendered":"<p>&#8211; <strong>2 BaginBox agus 5 l\u00edtear i gcairtchl\u00e1r<\/strong> &#8211;<br \/>\nIs ol\u00f3ige glas iontach \u00e9 an Smeraldo, le comhlacht ardchaighde\u00e1in, d\u00e9anta as ol\u00f3ige 100% Coratina. Anuraidh, ghlacamar p\u00e1irt i gcom\u00f3rtais n\u00e1isi\u00fanta agus idirn\u00e1isi\u00fanta araon, ag buachan bonn airgid agus bonn platanam sa chatag\u00f3ir &#8220;Tortha\u00ed Tr\u00e9an&#8221;, le huasmh\u00e9id <strong>1246 mg<\/strong> \/ kg de polyphenols, le huasmh\u00e9id de 5-6 ola ol\u00f3ige. Sa &#8216;M\u00e1la sa Bhosca&#8217; praitici\u00fail, tagann an ola ol\u00f3ige \u00far \u00f3n gc\u00e9ad l\u00e1 den bhliain.<\/p>\n","protected":false},"featured_media":14587,"comment_status":"closed","ping_status":"closed","template":"","meta":[],"product_brand":[],"product_cat":[1417,1418],"product_tag":[1419,1426,1427,1420],"class_list":{"0":"post-14681","1":"product","2":"type-product","3":"status-publish","4":"has-post-thumbnail","6":"product_cat-oliveoil-bag-in-box-ga","7":"product_cat-oliveoil-specials-ga","8":"product_tag-fruity-ga","9":"product_tag-intense-ga","10":"product_tag-offer-ga","11":"product_tag-olivenoel-ga","12":"product_shipping_class-speditions-kosten-ga","14":"first","15":"instock","16":"taxable","17":"shipping-taxable","18":"purchasable","19":"product-type-simple"},"_links":{"self":[{"href":"https:\/\/macchiaverde-bio.shop\/ga\/wp-json\/wp\/v2\/product\/14681","targetHints":{"allow":["GET"]}}],"collection":[{"href":"https:\/\/macchiaverde-bio.shop\/ga\/wp-json\/wp\/v2\/product"}],"about":[{"href":"https:\/\/macchiaverde-bio.shop\/ga\/wp-json\/wp\/v2\/types\/product"}],"replies":[{"embeddable":true,"href":"https:\/\/macchiaverde-bio.shop\/ga\/wp-json\/wp\/v2\/comments?post=14681"}],"wp:featuredmedia":[{"embeddable":true,"href":"https:\/\/macchiaverde-bio.shop\/ga\/wp-json\/wp\/v2\/media\/14587"}],"wp:attachment":[{"href":"https:\/\/macchiaverde-bio.shop\/ga\/wp-json\/wp\/v2\/media?parent=14681"}],"wp:term":[{"taxonomy":"product_brand","embeddable":true,"href":"https:\/\/macchiaverde-bio.shop\/ga\/wp-json\/wp\/v2\/product_brand?post=14681"},{"taxonomy":"product_cat","embeddable":true,"href":"https:\/\/macchiaverde-bio.shop\/ga\/wp-json\/wp\/v2\/product_cat?post=14681"},{"taxonomy":"product_tag","embeddable":true,"href":"https:\/\/macchiaverde-bio.shop\/ga\/wp-json\/wp\/v2\/product_tag?post=14681"}],"curies":[{"name":"wp","href":"https:\/\/api.w.org\/{rel}","templated":true}]}}