{"id":14680,"date":"2020-03-16T01:48:54","date_gmt":"2020-03-16T00:48:54","guid":{"rendered":"https:\/\/macchiaverde-bio.shop\/produkt\/organic-olive-oil-leliodoro-bottles-6-x-500-ml\/"},"modified":"2024-06-22T12:06:08","modified_gmt":"2024-06-22T10:06:08","slug":"buideil-leliodoro-ola-oloige-organach-6-x-500-ml","status":"publish","type":"product","link":"https:\/\/macchiaverde-bio.shop\/ga\/produkt\/buideil-leliodoro-ola-oloige-organach-6-x-500-ml\/","title":{"rendered":"Ola Ol\u00f3ige Org\u00e1nach &#8211; L&#8217;Eliodoro &#8211; Buid\u00e9il 6 x 500 ml"},"content":{"rendered":"","protected":false},"excerpt":{"rendered":"<p>OLA ol\u00f3ige Maighdean BREISE<br \/>\n&#8211; BR\u00da fuar &#8211;<br \/>\n<strong>&#8211; cart\u00e1n le 6 bhuid\u00e9al &#8211;<\/strong><br \/>\nIs ola ol\u00f3ige cothrom, bu\u00ed \u00f3rga \u00e9 L&#8217;Eliodoro den chaighde\u00e1n is airde, a fhaightear \u00f3 ol\u00f3ga 70% Coratina agus 30% Ogliarola. T\u00e1 d\u00e1mhachtain\u00ed buaite aige ag com\u00f3rtais n\u00e1isi\u00fanta agus idirn\u00e1isi\u00fanta, lena n-\u00e1ir\u00edtear bonn airgid sa chatag\u00f3ir &#8220;Me\u00e1nach Tortha\u00ed&#8221;, agus t\u00e1 s\u00e9 i measc na cinn is fearr ina chatag\u00f3ir le cion polyphenol de 714 mg\/kg.<\/p>\n","protected":false},"featured_media":14599,"comment_status":"closed","ping_status":"closed","template":"","meta":[],"product_brand":[],"product_cat":[1424,1418],"product_tag":[1419,1426,1420],"class_list":{"0":"post-14680","1":"product","2":"type-product","3":"status-publish","4":"has-post-thumbnail","6":"product_cat-olive-oil-bottles-ga","7":"product_cat-oliveoil-specials-ga","8":"product_tag-fruity-ga","9":"product_tag-intense-ga","10":"product_tag-olivenoel-ga","12":"first","13":"instock","14":"taxable","15":"shipping-taxable","16":"purchasable","17":"product-type-simple"},"_links":{"self":[{"href":"https:\/\/macchiaverde-bio.shop\/ga\/wp-json\/wp\/v2\/product\/14680","targetHints":{"allow":["GET"]}}],"collection":[{"href":"https:\/\/macchiaverde-bio.shop\/ga\/wp-json\/wp\/v2\/product"}],"about":[{"href":"https:\/\/macchiaverde-bio.shop\/ga\/wp-json\/wp\/v2\/types\/product"}],"replies":[{"embeddable":true,"href":"https:\/\/macchiaverde-bio.shop\/ga\/wp-json\/wp\/v2\/comments?post=14680"}],"wp:featuredmedia":[{"embeddable":true,"href":"https:\/\/macchiaverde-bio.shop\/ga\/wp-json\/wp\/v2\/media\/14599"}],"wp:attachment":[{"href":"https:\/\/macchiaverde-bio.shop\/ga\/wp-json\/wp\/v2\/media?parent=14680"}],"wp:term":[{"taxonomy":"product_brand","embeddable":true,"href":"https:\/\/macchiaverde-bio.shop\/ga\/wp-json\/wp\/v2\/product_brand?post=14680"},{"taxonomy":"product_cat","embeddable":true,"href":"https:\/\/macchiaverde-bio.shop\/ga\/wp-json\/wp\/v2\/product_cat?post=14680"},{"taxonomy":"product_tag","embeddable":true,"href":"https:\/\/macchiaverde-bio.shop\/ga\/wp-json\/wp\/v2\/product_tag?post=14680"}],"curies":[{"name":"wp","href":"https:\/\/api.w.org\/{rel}","templated":true}]}}