{"id":14678,"date":"2020-04-05T04:05:37","date_gmt":"2020-04-05T02:05:37","guid":{"rendered":"https:\/\/macchiaverde-bio.shop\/produkt\/olive-oil-gift-box-1\/"},"modified":"2024-06-22T12:06:00","modified_gmt":"2024-06-22T10:06:00","slug":"bosca-bronntanais-ola-oloige-1","status":"publish","type":"product","link":"https:\/\/macchiaverde-bio.shop\/ga\/produkt\/bosca-bronntanais-ola-oloige-1\/","title":{"rendered":"Bosca bronntanais ola ol\u00f3ige 1"},"content":{"rendered":"","protected":false},"excerpt":{"rendered":"<p><strong>&#8211; Pac\u00e1iste Bronntanais Ola ol\u00f3ige &#8211;<\/strong><br \/>\nT\u00e1 an pac\u00e1iste bronntanais gourmet seo buailte ag bronntanais do dhaoine g\u00e9arch\u00faiseacha.<\/p>\n<p>T\u00e1:<br \/>\nBuid\u00e9al 500ml de Smeraldo, ola glas saibhir, l\u00e1n-bodied den chaighde\u00e1n is airde, br\u00faite \u00f3 ol\u00f3ga Coratina 100%. Ghlac s\u00e9 p\u00e1irt bliain i ndiaidh bliana i ngach com\u00f3rtas n\u00e1isi\u00fanta agus idirn\u00e1isi\u00fanta, agus bhuaigh s\u00e9 boinn \u00f3ir sa chatag\u00f3ir &#8220;Tortha\u00ed Ioml\u00e1na&#8221; agus t\u00e1 s\u00e9 ar th\u00fas cadhna\u00edochta i dt\u00e1irgeadh idirn\u00e1isi\u00fanta ola ol\u00f3ige lena polyphenols de 1081 mg\/kg (f\u00f3mhair 2021\/2022).<\/p>\n<p>alm\u00f3inn\u00ed Filippo Cea&#8221;, r\u00ed na almonds i dt\u00e9arma\u00ed blas agus comh\u00e1bhair (a bhu\u00edochas d\u00e1 \u00e1bhar cailciam, maign\u00e9isiam, potaisiam agus vitim\u00edn E agus B),<\/p>\n<p>agus \u00e1r n-ol\u00f3ga ollmh\u00f3ra l\u00edonta faoi sh\u00e1ile in\u00e1r n-ola ol\u00f3ige.<\/p>\n","protected":false},"featured_media":14559,"comment_status":"open","ping_status":"closed","template":"","meta":[],"product_brand":[],"product_cat":[1425,1424],"product_tag":[1419,1426,1427,1420],"class_list":{"0":"post-14678","1":"product","2":"type-product","3":"status-publish","4":"has-post-thumbnail","6":"product_cat-gift-boxes-ga","7":"product_cat-olive-oil-bottles-ga","8":"product_tag-fruity-ga","9":"product_tag-intense-ga","10":"product_tag-offer-ga","11":"product_tag-olivenoel-ga","13":"first","14":"instock","15":"taxable","16":"shipping-taxable","17":"purchasable","18":"product-type-simple"},"_links":{"self":[{"href":"https:\/\/macchiaverde-bio.shop\/ga\/wp-json\/wp\/v2\/product\/14678","targetHints":{"allow":["GET"]}}],"collection":[{"href":"https:\/\/macchiaverde-bio.shop\/ga\/wp-json\/wp\/v2\/product"}],"about":[{"href":"https:\/\/macchiaverde-bio.shop\/ga\/wp-json\/wp\/v2\/types\/product"}],"replies":[{"embeddable":true,"href":"https:\/\/macchiaverde-bio.shop\/ga\/wp-json\/wp\/v2\/comments?post=14678"}],"wp:featuredmedia":[{"embeddable":true,"href":"https:\/\/macchiaverde-bio.shop\/ga\/wp-json\/wp\/v2\/media\/14559"}],"wp:attachment":[{"href":"https:\/\/macchiaverde-bio.shop\/ga\/wp-json\/wp\/v2\/media?parent=14678"}],"wp:term":[{"taxonomy":"product_brand","embeddable":true,"href":"https:\/\/macchiaverde-bio.shop\/ga\/wp-json\/wp\/v2\/product_brand?post=14678"},{"taxonomy":"product_cat","embeddable":true,"href":"https:\/\/macchiaverde-bio.shop\/ga\/wp-json\/wp\/v2\/product_cat?post=14678"},{"taxonomy":"product_tag","embeddable":true,"href":"https:\/\/macchiaverde-bio.shop\/ga\/wp-json\/wp\/v2\/product_tag?post=14678"}],"curies":[{"name":"wp","href":"https:\/\/api.w.org\/{rel}","templated":true}]}}