{"id":14677,"date":"2020-04-05T04:36:31","date_gmt":"2020-04-05T02:36:31","guid":{"rendered":"https:\/\/macchiaverde-bio.shop\/produkt\/olive-oil-gift-box-2\/"},"modified":"2024-06-22T12:05:46","modified_gmt":"2024-06-22T10:05:46","slug":"bosca-bronntanais-ola-oloige-2","status":"publish","type":"product","link":"https:\/\/macchiaverde-bio.shop\/ga\/produkt\/bosca-bronntanais-ola-oloige-2\/","title":{"rendered":"Bosca bronntanais ola ol\u00f3ige2"},"content":{"rendered":"","protected":false},"excerpt":{"rendered":"<p><strong>&#8211; Ola ol\u00f3ige pac\u00e1iste bronntanais &#8211;<\/strong><br \/>\nBeidh an bosca bronntanais foodie seo an-iontach agus t\u00fa ag tabhairt bronntanais do dhaoine g\u00e9arch\u00faiseacha.<\/p>\n<p>T\u00e1 dh\u00e1 bhuid\u00e9al 500ml ann:<br \/>\n1 x Smeraldo, ola glas saibhir l\u00e1nchorpach den chaighde\u00e1n is airde<br \/>\nbr\u00faite \u00f3 ol\u00f3ga Coratina 100%. Bliain i ndiaidh bliana ghlac s\u00e9 p\u00e1irt i ngach com\u00f3rtas n\u00e1isi\u00fanta agus idirn\u00e1isi\u00fanta agus bronnadh bonn \u00f3ir air sa chatag\u00f3ir \u201ctortha\u00ed ioml\u00e1na\u201d. Agus a polyphenols 710 mg\/kg (f\u00f3mhar 2019\/2020) t\u00e1 s\u00e9 ag barr an t\u00e1irgthe ola idirn\u00e1isi\u00fanta.<br \/>\n1x Eliodoro, ola chothromaithe bu\u00ed \u00f3rga den chaighde\u00e1n is airde<br \/>\na fhaightear \u00f3 70% Coratina agus 30% ol\u00f3ga Ogliarola. Ghlac s\u00e9 p\u00e1irt i ngach com\u00f3rtas n\u00e1isi\u00fanta agus idirn\u00e1isi\u00fanta agus bronnadh boinn airgid uirthi sa chatag\u00f3ir \u201cme\u00e1n-thortha\u00ed\u201d.<\/p>\n","protected":false},"featured_media":14561,"comment_status":"open","ping_status":"closed","template":"","meta":[],"product_brand":[],"product_cat":[1425,1424],"product_tag":[1419,1426,1427,1420],"class_list":{"0":"post-14677","1":"product","2":"type-product","3":"status-publish","4":"has-post-thumbnail","6":"product_cat-gift-boxes-ga","7":"product_cat-olive-oil-bottles-ga","8":"product_tag-fruity-ga","9":"product_tag-intense-ga","10":"product_tag-offer-ga","11":"product_tag-olivenoel-ga","13":"first","14":"instock","15":"taxable","16":"shipping-taxable","17":"purchasable","18":"product-type-simple"},"_links":{"self":[{"href":"https:\/\/macchiaverde-bio.shop\/ga\/wp-json\/wp\/v2\/product\/14677","targetHints":{"allow":["GET"]}}],"collection":[{"href":"https:\/\/macchiaverde-bio.shop\/ga\/wp-json\/wp\/v2\/product"}],"about":[{"href":"https:\/\/macchiaverde-bio.shop\/ga\/wp-json\/wp\/v2\/types\/product"}],"replies":[{"embeddable":true,"href":"https:\/\/macchiaverde-bio.shop\/ga\/wp-json\/wp\/v2\/comments?post=14677"}],"wp:featuredmedia":[{"embeddable":true,"href":"https:\/\/macchiaverde-bio.shop\/ga\/wp-json\/wp\/v2\/media\/14561"}],"wp:attachment":[{"href":"https:\/\/macchiaverde-bio.shop\/ga\/wp-json\/wp\/v2\/media?parent=14677"}],"wp:term":[{"taxonomy":"product_brand","embeddable":true,"href":"https:\/\/macchiaverde-bio.shop\/ga\/wp-json\/wp\/v2\/product_brand?post=14677"},{"taxonomy":"product_cat","embeddable":true,"href":"https:\/\/macchiaverde-bio.shop\/ga\/wp-json\/wp\/v2\/product_cat?post=14677"},{"taxonomy":"product_tag","embeddable":true,"href":"https:\/\/macchiaverde-bio.shop\/ga\/wp-json\/wp\/v2\/product_tag?post=14677"}],"curies":[{"name":"wp","href":"https:\/\/api.w.org\/{rel}","templated":true}]}}