{"id":14676,"date":"2020-04-29T00:57:50","date_gmt":"2020-04-28T22:57:50","guid":{"rendered":"https:\/\/macchiaverde-bio.shop\/produkt\/bio-olive-oil-lo-smeraldo-leliodoro-bag-in-box-2-x-5-l\/"},"modified":"2024-06-22T12:05:44","modified_gmt":"2024-06-22T10:05:44","slug":"organach-oloige-ola-lo-smeraldo-leliodoro-mala-i-bosca-2-x-5-l","status":"publish","type":"product","link":"https:\/\/macchiaverde-bio.shop\/ga\/produkt\/organach-oloige-ola-lo-smeraldo-leliodoro-mala-i-bosca-2-x-5-l\/","title":{"rendered":"Ola Ol\u00f3ige Org\u00e1nach &#8211; Lo Smeraldo + L&#8217;Eliodoro &#8211; M\u00e1la sa Bhosca 2 x 5 L"},"content":{"rendered":"","protected":false},"excerpt":{"rendered":"<p><strong>Ola Ol\u00f3ige Org\u00e1nach: Smeraldo + Eliodoro &#8211; m\u00e1la 2 x 5 l\u00edtear sa bhosca &#8211;<\/strong><\/p>\n<p>Is ola glas pr\u00e9imhe, saibhir agus l\u00e1n-chorpach \u00e9 Lo Smeraldo br\u00faite \u00f3 ol\u00f3ga Coratina 100%. Ghlac s\u00e9 p\u00e1irt i ngach com\u00f3rtas n\u00e1isi\u00fanta agus idirn\u00e1isi\u00fanta bliain i ndiaidh bliana agus bronnadh platanam ar\u00eds agus ar\u00eds eile sa chatag\u00f3ir \u201cl\u00e1n-thortha\u00ed\u201d. Le <strong>1246 mg\/kg<\/strong> polyphenols, t\u00e1 s\u00e9 ar cheann de na pr\u00edomh-ola\u00ed ol\u00f3ige idirn\u00e1isi\u00fanta. Is ola chothromaithe, \u00f3rga-bu\u00ed den chaighde\u00e1n is airde \u00e9 Eliodoro, d\u00e9anta as ol\u00f3ga 70 faoin gc\u00e9ad Coratina agus 30 faoin gc\u00e9ad Ogliarola. Bronnadh boinn airgid air sa chatag\u00f3ir \u201cme\u00e1n-thortha\u00ed\u201d ag com\u00f3rtais n\u00e1isi\u00fanta agus idirn\u00e1isi\u00fanta agus t\u00e1 s\u00e9 ag barr na catag\u00f3ire seo le 714 mg\/kg de pholaphen\u00f3il.<\/p>\n","protected":false},"featured_media":14585,"comment_status":"closed","ping_status":"closed","template":"","meta":[],"product_brand":[],"product_cat":[1417,1418],"product_tag":[1419,1420],"class_list":{"0":"post-14676","1":"product","2":"type-product","3":"status-publish","4":"has-post-thumbnail","6":"product_cat-oliveoil-bag-in-box-ga","7":"product_cat-oliveoil-specials-ga","8":"product_tag-fruity-ga","9":"product_tag-olivenoel-ga","11":"first","12":"instock","13":"taxable","14":"shipping-taxable","15":"purchasable","16":"product-type-simple"},"_links":{"self":[{"href":"https:\/\/macchiaverde-bio.shop\/ga\/wp-json\/wp\/v2\/product\/14676","targetHints":{"allow":["GET"]}}],"collection":[{"href":"https:\/\/macchiaverde-bio.shop\/ga\/wp-json\/wp\/v2\/product"}],"about":[{"href":"https:\/\/macchiaverde-bio.shop\/ga\/wp-json\/wp\/v2\/types\/product"}],"replies":[{"embeddable":true,"href":"https:\/\/macchiaverde-bio.shop\/ga\/wp-json\/wp\/v2\/comments?post=14676"}],"wp:featuredmedia":[{"embeddable":true,"href":"https:\/\/macchiaverde-bio.shop\/ga\/wp-json\/wp\/v2\/media\/14585"}],"wp:attachment":[{"href":"https:\/\/macchiaverde-bio.shop\/ga\/wp-json\/wp\/v2\/media?parent=14676"}],"wp:term":[{"taxonomy":"product_brand","embeddable":true,"href":"https:\/\/macchiaverde-bio.shop\/ga\/wp-json\/wp\/v2\/product_brand?post=14676"},{"taxonomy":"product_cat","embeddable":true,"href":"https:\/\/macchiaverde-bio.shop\/ga\/wp-json\/wp\/v2\/product_cat?post=14676"},{"taxonomy":"product_tag","embeddable":true,"href":"https:\/\/macchiaverde-bio.shop\/ga\/wp-json\/wp\/v2\/product_tag?post=14676"}],"curies":[{"name":"wp","href":"https:\/\/api.w.org\/{rel}","templated":true}]}}