{"id":14695,"date":"2019-08-21T19:34:58","date_gmt":"2019-08-21T17:34:58","guid":{"rendered":"https:\/\/macchiaverde-bio.shop\/payment-methods\/"},"modified":"2022-08-04T14:03:28","modified_gmt":"2022-08-04T12:03:28","slug":"payment-methods","status":"publish","type":"page","link":"https:\/\/macchiaverde-bio.shop\/ga\/payment-methods\/","title":{"rendered":"Payment methods"},"content":{"rendered":"\n<div class=\"container section-title-container\" ><h1 class=\"section-title section-title-normal\"><b aria-hidden=\"true\"><\/b><span class=\"section-title-main\" >Zahlungsm\u00f6glichkeiten<\/span><b aria-hidden=\"true\"><\/b><\/h1><\/div>\n\n<section class=\"av_textblock_section\">\n<div class=\"avia_textblock\">\n<p>EDet \u00e4r mycket enkelt att g\u00f6ra en best\u00e4llning i v\u00e5r webbutik f\u00f6r olivolja. <br \/>Oavsett om p\u00e5 den mobila enheten eller med en PC!<br \/>Med ett stort urval av de vanligaste betalningsmetoderna kan du enkelt behandla dem p\u00e5 v\u00e5r plattform.<\/p>\n<\/div>\n<\/section>\n<section class=\"av_textblock_section\">\n<div class=\"avia_textblock\">\n<h3>PayPal<\/h3>\n<p>Anv\u00e4nd din <strong>PayPal<\/strong> Konto och best\u00e4ll lika bekv\u00e4mt som vanligt.<\/p>\n<h3>kreditkort<strong><br \/><\/strong><\/h3>\n<p><strong>Mastercard, Visa, American Express<\/strong> st\u00e5r till ditt f\u00f6rfogande.<br \/>Observera att du kan beh\u00f6va ditt \u00e5tkomstl\u00f6senord f\u00f6r ditt kreditkort<br \/>(Verifierad av Visa eller MasterCard 3D-Secure) beh\u00f6va.<\/p>\n<h3>Giropay<\/h3>\n<p>Du initierar betalningen direkt via online\u00e5tkomst i<strong>Internet bank<\/strong>.<\/p>\n<\/div>\n<\/section>\n\t<div class=\"img has-hover x md-x lg-x y md-y lg-y\" id=\"image_400882611\">\n\t\t\t\t\t\t\t\t<div class=\"img-inner dark\" >\n\t\t\t<img loading=\"lazy\" decoding=\"async\" width=\"920\" height=\"90\" src=\"https:\/\/macchiaverde-bio.shop\/wp-content\/uploads\/2022\/03\/olivenoel-zahlungsmethoden.webp\" class=\"attachment-large size-large\" alt=\"\" srcset=\"https:\/\/macchiaverde-bio.shop\/wp-content\/uploads\/2022\/03\/olivenoel-zahlungsmethoden.webp 920w, https:\/\/macchiaverde-bio.shop\/wp-content\/uploads\/2022\/03\/olivenoel-zahlungsmethoden-800x78.webp 800w, https:\/\/macchiaverde-bio.shop\/wp-content\/uploads\/2022\/03\/olivenoel-zahlungsmethoden-768x75.webp 768w, https:\/\/macchiaverde-bio.shop\/wp-content\/uploads\/2022\/03\/olivenoel-zahlungsmethoden-510x50.webp 510w\" sizes=\"auto, (max-width: 920px) 100vw, 920px\" \/>\t\t\t\t\t\t\n\t\t\t\t\t<\/div>\n\t\t\t\t\t\t\t\t\n<style>\n#image_400882611 {\n  width: 100%;\n}\n<\/style>\n\t<\/div>\n\t\n\n\n","protected":false},"excerpt":{"rendered":"","protected":false},"author":1,"featured_media":0,"parent":0,"menu_order":11,"comment_status":"closed","ping_status":"closed","template":"","meta":{"footnotes":""},"class_list":["post-14695","page","type-page","status-publish","hentry"],"_links":{"self":[{"href":"https:\/\/macchiaverde-bio.shop\/ga\/wp-json\/wp\/v2\/pages\/14695","targetHints":{"allow":["GET"]}}],"collection":[{"href":"https:\/\/macchiaverde-bio.shop\/ga\/wp-json\/wp\/v2\/pages"}],"about":[{"href":"https:\/\/macchiaverde-bio.shop\/ga\/wp-json\/wp\/v2\/types\/page"}],"author":[{"embeddable":true,"href":"https:\/\/macchiaverde-bio.shop\/ga\/wp-json\/wp\/v2\/users\/1"}],"replies":[{"embeddable":true,"href":"https:\/\/macchiaverde-bio.shop\/ga\/wp-json\/wp\/v2\/comments?post=14695"}],"version-history":[{"count":0,"href":"https:\/\/macchiaverde-bio.shop\/ga\/wp-json\/wp\/v2\/pages\/14695\/revisions"}],"wp:attachment":[{"href":"https:\/\/macchiaverde-bio.shop\/ga\/wp-json\/wp\/v2\/media?parent=14695"}],"curies":[{"name":"wp","href":"https:\/\/api.w.org\/{rel}","templated":true}]}}