{"id":15886,"date":"2023-03-06T19:25:46","date_gmt":"2023-03-06T18:25:46","guid":{"rendered":"https:\/\/macchiaverde-bio.shop\/?post_type=product&#038;p=15886"},"modified":"2024-06-22T12:09:26","modified_gmt":"2024-06-22T10:09:26","slug":"olives-melangees-dans-un-pot-1-kg-qualite-gourmande-3x","status":"publish","type":"product","link":"https:\/\/macchiaverde-bio.shop\/fr\/produkt\/olives-melangees-dans-un-pot-1-kg-qualite-gourmande-3x\/","title":{"rendered":"M\u00e9lange d&rsquo;olives en bocal 1 kg &#8211; qualit\u00e9 gourmande (3x)"},"content":{"rendered":"","protected":false},"excerpt":{"rendered":"<p><strong>M\u00e9lange d&rsquo;olives en bocal 1 kg &#8211; qualit\u00e9 gourmande (3x)<\/strong><br \/>\nUn ensemble des trois vari\u00e9t\u00e9s pour les gourmets :<br \/>\n1x olives<br \/>\n1x olives farcies aux amandes<br \/>\n1x olives piquantes<\/p>\n","protected":false},"featured_media":15947,"comment_status":"open","ping_status":"closed","template":"","meta":[],"product_brand":[],"product_cat":[1486],"product_tag":[],"class_list":{"0":"post-15886","1":"product","2":"type-product","3":"status-publish","4":"has-post-thumbnail","6":"product_cat-olives-fr","8":"first","9":"instock","10":"taxable","11":"shipping-taxable","12":"purchasable","13":"product-type-simple"},"_links":{"self":[{"href":"https:\/\/macchiaverde-bio.shop\/fr\/wp-json\/wp\/v2\/product\/15886","targetHints":{"allow":["GET"]}}],"collection":[{"href":"https:\/\/macchiaverde-bio.shop\/fr\/wp-json\/wp\/v2\/product"}],"about":[{"href":"https:\/\/macchiaverde-bio.shop\/fr\/wp-json\/wp\/v2\/types\/product"}],"replies":[{"embeddable":true,"href":"https:\/\/macchiaverde-bio.shop\/fr\/wp-json\/wp\/v2\/comments?post=15886"}],"wp:featuredmedia":[{"embeddable":true,"href":"https:\/\/macchiaverde-bio.shop\/fr\/wp-json\/wp\/v2\/media\/15947"}],"wp:attachment":[{"href":"https:\/\/macchiaverde-bio.shop\/fr\/wp-json\/wp\/v2\/media?parent=15886"}],"wp:term":[{"taxonomy":"product_brand","embeddable":true,"href":"https:\/\/macchiaverde-bio.shop\/fr\/wp-json\/wp\/v2\/product_brand?post=15886"},{"taxonomy":"product_cat","embeddable":true,"href":"https:\/\/macchiaverde-bio.shop\/fr\/wp-json\/wp\/v2\/product_cat?post=15886"},{"taxonomy":"product_tag","embeddable":true,"href":"https:\/\/macchiaverde-bio.shop\/fr\/wp-json\/wp\/v2\/product_tag?post=15886"}],"curies":[{"name":"wp","href":"https:\/\/api.w.org\/{rel}","templated":true}]}}