{"id":15835,"date":"2023-03-06T19:07:46","date_gmt":"2023-03-06T18:07:46","guid":{"rendered":"https:\/\/macchiaverde-bio.shop\/?post_type=product&#038;p=15835"},"modified":"2024-06-22T12:10:00","modified_gmt":"2024-06-22T10:10:00","slug":"olives-piquantes-en-pot-1-kg-qualite-gourmande-2x","status":"publish","type":"product","link":"https:\/\/macchiaverde-bio.shop\/fr\/produkt\/olives-piquantes-en-pot-1-kg-qualite-gourmande-2x\/","title":{"rendered":"Olives \u00e9pic\u00e9es en bocal 1 kg &#8211; qualit\u00e9 gourmet (2x)"},"content":{"rendered":"","protected":false},"excerpt":{"rendered":"<p><strong>Olives en bocal, d\u00e9noyaut\u00e9es et marin\u00e9es 1 kg<\/strong><br \/>\nLes olives MACCHIA VERDE sont un produit haut de gamme purement artisanal, ces petites huiles locales sont soigneusement d\u00e9noyaut\u00e9es et marin\u00e9es avec des herbes et du piment, bien s\u00fbr avec l&rsquo;ajout de notre huile d&rsquo;olive. Les olives sont exemptes de toute manipulation chimique et sont trait\u00e9es selon les normes traditionnelles, elles sont conserv\u00e9es avec de l&rsquo;huile d&rsquo;olive biologique Macchia Verde, cette huile \u00e9pic\u00e9e doit \u00e9galement \u00eatre utilis\u00e9e apr\u00e8s la consommation des olives.<\/p>\n","protected":false},"featured_media":15897,"comment_status":"open","ping_status":"closed","template":"","meta":[],"product_brand":[],"product_cat":[1486],"product_tag":[],"class_list":{"0":"post-15835","1":"product","2":"type-product","3":"status-publish","4":"has-post-thumbnail","6":"product_cat-olives-fr","8":"first","9":"instock","10":"taxable","11":"shipping-taxable","12":"purchasable","13":"product-type-simple"},"_links":{"self":[{"href":"https:\/\/macchiaverde-bio.shop\/fr\/wp-json\/wp\/v2\/product\/15835","targetHints":{"allow":["GET"]}}],"collection":[{"href":"https:\/\/macchiaverde-bio.shop\/fr\/wp-json\/wp\/v2\/product"}],"about":[{"href":"https:\/\/macchiaverde-bio.shop\/fr\/wp-json\/wp\/v2\/types\/product"}],"replies":[{"embeddable":true,"href":"https:\/\/macchiaverde-bio.shop\/fr\/wp-json\/wp\/v2\/comments?post=15835"}],"wp:featuredmedia":[{"embeddable":true,"href":"https:\/\/macchiaverde-bio.shop\/fr\/wp-json\/wp\/v2\/media\/15897"}],"wp:attachment":[{"href":"https:\/\/macchiaverde-bio.shop\/fr\/wp-json\/wp\/v2\/media?parent=15835"}],"wp:term":[{"taxonomy":"product_brand","embeddable":true,"href":"https:\/\/macchiaverde-bio.shop\/fr\/wp-json\/wp\/v2\/product_brand?post=15835"},{"taxonomy":"product_cat","embeddable":true,"href":"https:\/\/macchiaverde-bio.shop\/fr\/wp-json\/wp\/v2\/product_cat?post=15835"},{"taxonomy":"product_tag","embeddable":true,"href":"https:\/\/macchiaverde-bio.shop\/fr\/wp-json\/wp\/v2\/product_tag?post=15835"}],"curies":[{"name":"wp","href":"https:\/\/api.w.org\/{rel}","templated":true}]}}