{"id":15442,"date":"2022-12-22T22:53:08","date_gmt":"2022-12-22T21:53:08","guid":{"rendered":"https:\/\/macchiaverde-bio.shop\/?post_type=product&#038;p=15442"},"modified":"2024-06-22T12:10:16","modified_gmt":"2024-06-22T10:10:16","slug":"coffret-cadeau-huile-dolive-4x","status":"publish","type":"product","link":"https:\/\/macchiaverde-bio.shop\/fr\/produkt\/coffret-cadeau-huile-dolive-4x\/","title":{"rendered":"Coffret cadeau huile d&rsquo;olive (4x)"},"content":{"rendered":"","protected":false},"excerpt":{"rendered":"<p><strong>&#8211; Coffret cadeau huile d&rsquo;olive (4x) &#8211; corporatif et priv\u00e9<br \/>\n<\/strong><\/p>\n<p>Ce coffret cadeau gourmand sera un succ\u00e8s lors d&rsquo;un cadeau aux personnes exigeantes.<\/p>\n<p>L&rsquo;ensemble contient en option une s\u00e9lection des coffrets cadeaux propos\u00e9s, s\u00e9lectionner et<br \/>\nDans le champ des notes lors de la commande, utilisez le terme :<br \/>\n<strong>Coffret cadeau 1<\/strong> <strong>x 4 ou 2<\/strong> ou un choix de 4 coffrets<strong><br \/>\n<\/strong>par ex. \u00c9crire <strong>bo\u00eete-cadeau 1<\/strong> <strong>x 1, bo\u00eete-cadeau 2 x 1, bo\u00eete-cadeau 3 x 1, bo\u00eete-cadeau 4 x 1<\/strong><\/p>\n<p>Smeraldo, une huile verte riche et cors\u00e9e de la plus haute qualit\u00e9<br \/>\nest press\u00e9 \u00e0 partir d&rsquo;olives 100% Coratina. Ann\u00e9e apr\u00e8s ann\u00e9e, il a particip\u00e9 \u00e0 tous les concours nationaux et internationaux et a \u00e9t\u00e9 r\u00e9compens\u00e9 jusqu&rsquo;\u00e0 des m\u00e9dailles de platine dans les cat\u00e9gories Healthclaim et \u00ab\u00a0Full Fruity\u00a0\u00bb. Avec ses polyph\u00e9nols allant jusqu&rsquo;\u00e0 1081mg\/kg (r\u00e9colte 2021\/2022) elle est au top de la production p\u00e9troli\u00e8re internationale.<br \/>\n1x Eliodoro, une huile jaune dor\u00e9e \u00e9quilibr\u00e9e de la plus haute qualit\u00e9<br \/>\nest obtenu \u00e0 partir de 70% d&rsquo;olives Coratina et 30% d&rsquo;olives Ogliarola. Il a particip\u00e9 \u00e0 tous les concours nationaux et internationaux et a \u00e9t\u00e9 m\u00e9daill\u00e9 d&rsquo;or dans la cat\u00e9gorie \u00ab\u00a0fruit\u00e9 moyen\u00a0\u00bb.<\/p>\n","protected":false},"featured_media":15373,"comment_status":"open","ping_status":"closed","template":"","meta":[],"product_brand":[],"product_cat":[1278,1369],"product_tag":[1282,1283,1347,1281],"class_list":{"0":"post-15442","1":"product","2":"type-product","3":"status-publish","4":"has-post-thumbnail","6":"product_cat-bouteilles-dhuile-dolive","7":"product_cat-coffrets-cadeaux","8":"product_tag-fruite","9":"product_tag-intensif","10":"product_tag-offre","11":"product_tag-olivenoel-fr","13":"first","14":"instock","15":"taxable","16":"shipping-taxable","17":"purchasable","18":"product-type-simple"},"_links":{"self":[{"href":"https:\/\/macchiaverde-bio.shop\/fr\/wp-json\/wp\/v2\/product\/15442","targetHints":{"allow":["GET"]}}],"collection":[{"href":"https:\/\/macchiaverde-bio.shop\/fr\/wp-json\/wp\/v2\/product"}],"about":[{"href":"https:\/\/macchiaverde-bio.shop\/fr\/wp-json\/wp\/v2\/types\/product"}],"replies":[{"embeddable":true,"href":"https:\/\/macchiaverde-bio.shop\/fr\/wp-json\/wp\/v2\/comments?post=15442"}],"wp:featuredmedia":[{"embeddable":true,"href":"https:\/\/macchiaverde-bio.shop\/fr\/wp-json\/wp\/v2\/media\/15373"}],"wp:attachment":[{"href":"https:\/\/macchiaverde-bio.shop\/fr\/wp-json\/wp\/v2\/media?parent=15442"}],"wp:term":[{"taxonomy":"product_brand","embeddable":true,"href":"https:\/\/macchiaverde-bio.shop\/fr\/wp-json\/wp\/v2\/product_brand?post=15442"},{"taxonomy":"product_cat","embeddable":true,"href":"https:\/\/macchiaverde-bio.shop\/fr\/wp-json\/wp\/v2\/product_cat?post=15442"},{"taxonomy":"product_tag","embeddable":true,"href":"https:\/\/macchiaverde-bio.shop\/fr\/wp-json\/wp\/v2\/product_tag?post=15442"}],"curies":[{"name":"wp","href":"https:\/\/api.w.org\/{rel}","templated":true}]}}