{"id":15402,"date":"2022-12-22T22:43:48","date_gmt":"2022-12-22T21:43:48","guid":{"rendered":"https:\/\/macchiaverde-bio.shop\/?post_type=product&#038;p=15402"},"modified":"2024-06-22T12:10:24","modified_gmt":"2024-06-22T10:10:24","slug":"huile-dolive-bio-lo-smeraldo-bouteilles-12-x-250-ml","status":"publish","type":"product","link":"https:\/\/macchiaverde-bio.shop\/fr\/produkt\/huile-dolive-bio-lo-smeraldo-bouteilles-12-x-250-ml\/","title":{"rendered":"Huile d&rsquo;olive biologique &#8211; Lo Smeraldo &#8211; Bouteilles 12 x 250 ml"},"content":{"rendered":"","protected":false},"excerpt":{"rendered":"<p><strong>&#8211; Carton de 12 bouteilles &#8211;<\/strong><\/p>\n<p id=\"tw-target-text\" class=\"tw-data-text tw-text-large tw-ta\" dir=\"ltr\" data-placeholder=\"\u00dcbersetzung\"><span lang=\"de\">La Smeraldo est une huile d&rsquo;olive verte au corps de haute qualit\u00e9, \u00e9galement issue d&rsquo;olive 100% Coratina. L&rsquo;ann\u00e9e derni\u00e8re, nous avons particip\u00e9 \u00e0 des concours nationaux et internationaux et avons re\u00e7u le Platinum Award dans les cat\u00e9gories \u00ab\u00a0Full fruit\u00e9\u00a0\u00bb et \u00ab\u00a0Health Claim\u00a0\u00bb, bas\u00e9es sur la production internationale d&rsquo;huile d&rsquo;olive.<\/span><\/p>\n<p class=\"tw-data-text tw-text-large tw-ta\" dir=\"ltr\" data-placeholder=\"\u00dcbersetzung\"><span lang=\"de\">Merci \u00e0 l&rsquo;utilisation exclusive de <strong>l&rsquo;olive Coratina<\/strong> , le Smeraldo se caract\u00e9rise par <strong>l&rsquo;altissimo<\/strong> <strong>contenu des polifenoli<\/strong> . Soprattutto le contenu haut des polifenoli conf\u00e8re \u00e0 l&rsquo;olio di Coratina un go\u00fbt <strong>intense, fruit\u00e9 et frais<\/strong> . Le parfum de l&rsquo;olive est limpide et incommode, m\u00eame note claire de fruit cruda al gusto et note de fra\u00eecheur mandorle verdi.<\/span><\/p>\n<p dir=\"ltr\" data-placeholder=\"\u00dcbersetzung\">Lo Smeraldo est id\u00e9al pour <strong>les pizzas<\/strong> et <strong>les primi<\/strong> piatti, notamment les focacce, <strong>les biscuits<\/strong> et <strong>les piatti alla griglia<\/strong> . Cela rend \u00e9galement l&rsquo;huile d&rsquo;olive id\u00e9ale pour <strong>mariner les grigliates<\/strong> et pour la d\u00e9capitation, de sorte que la teneur massive en polifenoli p\u00e9n\u00e8tre dans la viande et transporte l&rsquo;ar\u00f4me de l&rsquo;esp\u00e8ce.<\/p>\n","protected":false},"featured_media":15433,"comment_status":"closed","ping_status":"closed","template":"","meta":[],"product_brand":[],"product_cat":[1278],"product_tag":[],"class_list":{"0":"post-15402","1":"product","2":"type-product","3":"status-publish","4":"has-post-thumbnail","6":"product_cat-bouteilles-dhuile-dolive","8":"first","9":"instock","10":"taxable","11":"shipping-taxable","12":"purchasable","13":"product-type-simple"},"_links":{"self":[{"href":"https:\/\/macchiaverde-bio.shop\/fr\/wp-json\/wp\/v2\/product\/15402","targetHints":{"allow":["GET"]}}],"collection":[{"href":"https:\/\/macchiaverde-bio.shop\/fr\/wp-json\/wp\/v2\/product"}],"about":[{"href":"https:\/\/macchiaverde-bio.shop\/fr\/wp-json\/wp\/v2\/types\/product"}],"replies":[{"embeddable":true,"href":"https:\/\/macchiaverde-bio.shop\/fr\/wp-json\/wp\/v2\/comments?post=15402"}],"wp:featuredmedia":[{"embeddable":true,"href":"https:\/\/macchiaverde-bio.shop\/fr\/wp-json\/wp\/v2\/media\/15433"}],"wp:attachment":[{"href":"https:\/\/macchiaverde-bio.shop\/fr\/wp-json\/wp\/v2\/media?parent=15402"}],"wp:term":[{"taxonomy":"product_brand","embeddable":true,"href":"https:\/\/macchiaverde-bio.shop\/fr\/wp-json\/wp\/v2\/product_brand?post=15402"},{"taxonomy":"product_cat","embeddable":true,"href":"https:\/\/macchiaverde-bio.shop\/fr\/wp-json\/wp\/v2\/product_cat?post=15402"},{"taxonomy":"product_tag","embeddable":true,"href":"https:\/\/macchiaverde-bio.shop\/fr\/wp-json\/wp\/v2\/product_tag?post=15402"}],"curies":[{"name":"wp","href":"https:\/\/api.w.org\/{rel}","templated":true}]}}