{"id":15392,"date":"2022-12-22T22:41:34","date_gmt":"2022-12-22T21:41:34","guid":{"rendered":"https:\/\/macchiaverde-bio.shop\/?post_type=product&#038;p=15392"},"modified":"2024-06-22T12:10:55","modified_gmt":"2024-06-22T10:10:55","slug":"bouteilles-dhuile-dolive-bio-leliodoro-12-x-250-ml","status":"publish","type":"product","link":"https:\/\/macchiaverde-bio.shop\/fr\/produkt\/bouteilles-dhuile-dolive-bio-leliodoro-12-x-250-ml\/","title":{"rendered":"Huile d&rsquo;Olive Bio &#8211; L&rsquo;Eliodoro &#8211; Bouteilles 12 x 250 ml"},"content":{"rendered":"","protected":false},"excerpt":{"rendered":"<p>&#8211;  <span><strong>Carton de 12 bouteilles &#8211;<\/strong><br \/>\nL&rsquo;Eliodoro est une huile d&rsquo;olive \u00e9quilibr\u00e9e, de la plus haute qualit\u00e9, comprenant 70% d&rsquo;olive Coratina et 30% d&rsquo;Ogliarola. C&rsquo;est un prix dans les concours nationaux et internationaux, avec une m\u00e9daille d&rsquo;or dans la cat\u00e9gorie \u00ab\u00a0Fruttato medium\u00a0\u00bb, et est l&rsquo;un des enfants de cette cat\u00e9gorie avec une teneur en polyf\u00e9noles de 714 mg\/kg.<\/span><\/p>\n","protected":false},"featured_media":15352,"comment_status":"open","ping_status":"closed","template":"","meta":[],"product_brand":[],"product_cat":[1278],"product_tag":[1282,1283,1281],"class_list":{"0":"post-15392","1":"product","2":"type-product","3":"status-publish","4":"has-post-thumbnail","6":"product_cat-bouteilles-dhuile-dolive","7":"product_tag-fruite","8":"product_tag-intensif","9":"product_tag-olivenoel-fr","11":"first","12":"instock","13":"taxable","14":"shipping-taxable","15":"purchasable","16":"product-type-simple"},"_links":{"self":[{"href":"https:\/\/macchiaverde-bio.shop\/fr\/wp-json\/wp\/v2\/product\/15392","targetHints":{"allow":["GET"]}}],"collection":[{"href":"https:\/\/macchiaverde-bio.shop\/fr\/wp-json\/wp\/v2\/product"}],"about":[{"href":"https:\/\/macchiaverde-bio.shop\/fr\/wp-json\/wp\/v2\/types\/product"}],"replies":[{"embeddable":true,"href":"https:\/\/macchiaverde-bio.shop\/fr\/wp-json\/wp\/v2\/comments?post=15392"}],"wp:featuredmedia":[{"embeddable":true,"href":"https:\/\/macchiaverde-bio.shop\/fr\/wp-json\/wp\/v2\/media\/15352"}],"wp:attachment":[{"href":"https:\/\/macchiaverde-bio.shop\/fr\/wp-json\/wp\/v2\/media?parent=15392"}],"wp:term":[{"taxonomy":"product_brand","embeddable":true,"href":"https:\/\/macchiaverde-bio.shop\/fr\/wp-json\/wp\/v2\/product_brand?post=15392"},{"taxonomy":"product_cat","embeddable":true,"href":"https:\/\/macchiaverde-bio.shop\/fr\/wp-json\/wp\/v2\/product_cat?post=15392"},{"taxonomy":"product_tag","embeddable":true,"href":"https:\/\/macchiaverde-bio.shop\/fr\/wp-json\/wp\/v2\/product_tag?post=15392"}],"curies":[{"name":"wp","href":"https:\/\/api.w.org\/{rel}","templated":true}]}}