{"id":15382,"date":"2022-12-22T22:38:56","date_gmt":"2022-12-22T21:38:56","guid":{"rendered":"https:\/\/macchiaverde-bio.shop\/?post_type=product&#038;p=15382"},"modified":"2024-06-22T12:11:03","modified_gmt":"2024-06-22T10:11:03","slug":"bidon-classique-d-huile-d-olive-biologique-5-l","status":"publish","type":"product","link":"https:\/\/macchiaverde-bio.shop\/fr\/produkt\/bidon-classique-d-huile-d-olive-biologique-5-l\/","title":{"rendered":"Huile d&rsquo;Olive Bio &#8211; Classique &#8211; Bidon 5 L"},"content":{"rendered":"","protected":false},"excerpt":{"rendered":"<p><strong>\u2013 Huile d&rsquo;Olive Bio &#8211; Classique &#8211; Bidon 5 L \u2013<\/strong><br \/>\nClassic est une huile d&rsquo;olive \u00e9quilibr\u00e9e de haute qualit\u00e9, un m\u00e9lange d&rsquo;olives Coratina et Ogliarola. Il a une couleur jaune dor\u00e9 avec des reflets verts, fruit\u00e9 moyen, cors\u00e9, avec des notes d&rsquo;amandes et d&rsquo;artichauts. Elle convient \u00e0 une large gamme de plats et pourrait \u00e9galement \u00eatre d\u00e9crite comme \u00ab\u00a0l&rsquo;huile d&rsquo;olive de tous les jours\u00a0\u00bb.<\/p>\n","protected":false},"featured_media":15363,"comment_status":"open","ping_status":"closed","template":"","meta":[],"product_brand":[],"product_cat":[1411],"product_tag":[1282,1283,1281],"class_list":{"0":"post-15382","1":"product","2":"type-product","3":"status-publish","4":"has-post-thumbnail","6":"product_cat-bidons-dhuile-dolive","7":"product_tag-fruite","8":"product_tag-intensif","9":"product_tag-olivenoel-fr","11":"first","12":"instock","13":"taxable","14":"shipping-taxable","15":"purchasable","16":"product-type-simple"},"_links":{"self":[{"href":"https:\/\/macchiaverde-bio.shop\/fr\/wp-json\/wp\/v2\/product\/15382","targetHints":{"allow":["GET"]}}],"collection":[{"href":"https:\/\/macchiaverde-bio.shop\/fr\/wp-json\/wp\/v2\/product"}],"about":[{"href":"https:\/\/macchiaverde-bio.shop\/fr\/wp-json\/wp\/v2\/types\/product"}],"replies":[{"embeddable":true,"href":"https:\/\/macchiaverde-bio.shop\/fr\/wp-json\/wp\/v2\/comments?post=15382"}],"wp:featuredmedia":[{"embeddable":true,"href":"https:\/\/macchiaverde-bio.shop\/fr\/wp-json\/wp\/v2\/media\/15363"}],"wp:attachment":[{"href":"https:\/\/macchiaverde-bio.shop\/fr\/wp-json\/wp\/v2\/media?parent=15382"}],"wp:term":[{"taxonomy":"product_brand","embeddable":true,"href":"https:\/\/macchiaverde-bio.shop\/fr\/wp-json\/wp\/v2\/product_brand?post=15382"},{"taxonomy":"product_cat","embeddable":true,"href":"https:\/\/macchiaverde-bio.shop\/fr\/wp-json\/wp\/v2\/product_cat?post=15382"},{"taxonomy":"product_tag","embeddable":true,"href":"https:\/\/macchiaverde-bio.shop\/fr\/wp-json\/wp\/v2\/product_tag?post=15382"}],"curies":[{"name":"wp","href":"https:\/\/api.w.org\/{rel}","templated":true}]}}