{"id":15269,"date":"2022-12-16T19:18:11","date_gmt":"2022-12-16T18:18:11","guid":{"rendered":"https:\/\/macchiaverde-bio.shop\/produkt\/melange-dolives-220-g-6x\/"},"modified":"2024-06-22T12:04:27","modified_gmt":"2024-06-22T10:04:27","slug":"olives-mixtes-220-g-6x","status":"publish","type":"product","link":"https:\/\/macchiaverde-bio.shop\/fr\/produkt\/olives-mixtes-220-g-6x\/","title":{"rendered":"M\u00e9lange d&rsquo;olives 220 g (6x)"},"content":{"rendered":"","protected":false},"excerpt":{"rendered":"<p><strong>Olives en bocal 3 types 220 g (6x)<\/strong><\/p>\n<p>Les olives MACCHIA VERDE sont un produit haut de gamme purement artisanal, vous obtenez 3 types d&rsquo;olives diff\u00e9rents :<\/p>\n<p>1. Grosses olives farcies aux amandes<br \/>\n2. Petites olives m\u00e9lang\u00e9es, d\u00e9noyaut\u00e9es et marin\u00e9es<br \/>\n3. La vari\u00e9t\u00e9 gastronomique locale \u00ab\u00a0Termiti di Bitetto\u00a0\u00bb marin\u00e9e au laurier.<\/p>\n<p>Les 3 vari\u00e9t\u00e9s sont exemptes de toute manipulation chimique et trait\u00e9es selon les normes traditionnelles. Ils sont tous farcis d&rsquo;huile d&rsquo;olive MACCHIA VERDE BIO. Vous devriez \u00e9galement utiliser cette huile \u00e9pic\u00e9e si les olives qu&rsquo;elle contient ont \u00e9t\u00e9 mang\u00e9es.<\/p>\n<p>L&rsquo;ensemble contient 1 verre de chaque vari\u00e9t\u00e9.<\/p>\n","protected":false},"featured_media":14948,"comment_status":"closed","ping_status":"closed","template":"","meta":[],"product_brand":[],"product_cat":[1484],"product_tag":[],"class_list":{"0":"post-15269","1":"product","2":"type-product","3":"status-publish","4":"has-post-thumbnail","6":"product_cat-coffrets-gourmands","8":"first","9":"instock","10":"taxable","11":"shipping-taxable","12":"purchasable","13":"product-type-simple"},"_links":{"self":[{"href":"https:\/\/macchiaverde-bio.shop\/fr\/wp-json\/wp\/v2\/product\/15269","targetHints":{"allow":["GET"]}}],"collection":[{"href":"https:\/\/macchiaverde-bio.shop\/fr\/wp-json\/wp\/v2\/product"}],"about":[{"href":"https:\/\/macchiaverde-bio.shop\/fr\/wp-json\/wp\/v2\/types\/product"}],"replies":[{"embeddable":true,"href":"https:\/\/macchiaverde-bio.shop\/fr\/wp-json\/wp\/v2\/comments?post=15269"}],"wp:featuredmedia":[{"embeddable":true,"href":"https:\/\/macchiaverde-bio.shop\/fr\/wp-json\/wp\/v2\/media\/14948"}],"wp:attachment":[{"href":"https:\/\/macchiaverde-bio.shop\/fr\/wp-json\/wp\/v2\/media?parent=15269"}],"wp:term":[{"taxonomy":"product_brand","embeddable":true,"href":"https:\/\/macchiaverde-bio.shop\/fr\/wp-json\/wp\/v2\/product_brand?post=15269"},{"taxonomy":"product_cat","embeddable":true,"href":"https:\/\/macchiaverde-bio.shop\/fr\/wp-json\/wp\/v2\/product_cat?post=15269"},{"taxonomy":"product_tag","embeddable":true,"href":"https:\/\/macchiaverde-bio.shop\/fr\/wp-json\/wp\/v2\/product_tag?post=15269"}],"curies":[{"name":"wp","href":"https:\/\/api.w.org\/{rel}","templated":true}]}}