{"id":15267,"date":"2022-12-16T19:05:51","date_gmt":"2022-12-16T18:05:51","guid":{"rendered":"https:\/\/macchiaverde-bio.shop\/produkt\/pate-a-tartiner-creme-mixte-220-g-6x\/"},"modified":"2024-06-22T12:04:38","modified_gmt":"2024-06-22T10:04:38","slug":"pate-a-tartiner-mixte-220-g-6x","status":"publish","type":"product","link":"https:\/\/macchiaverde-bio.shop\/fr\/produkt\/pate-a-tartiner-mixte-220-g-6x\/","title":{"rendered":"Tartinade, cr\u00e8me m\u00e9lang\u00e9e 220 g (6x)"},"content":{"rendered":"","protected":false},"excerpt":{"rendered":"<p><strong>Cr\u00e8mes\/cr\u00e8mes en pot 3 types 220 g (6x)<\/strong><\/p>\n<p>Les cr\u00e8mes \u00e0 tartiner bio de MACCHIA VERDE sont un produit haut de gamme enti\u00e8rement fabriqu\u00e9 \u00e0 la main.<br \/>\n3 types de cr\u00e8mes diff\u00e9rentes sont obtenues :<\/p>\n<p>1. \u00e0 base de tomates cerises s\u00e9ch\u00e9es<br \/>\n2. de grosses olives vertes<br \/>\n3. \u00e0 partir de diff\u00e9rents types de l\u00e9gumes avec des \u00e9pices \u00e9pic\u00e9es.<\/p>\n<p>Exemptes de toute manipulation chimique, les 3 vari\u00e9t\u00e9s sont trait\u00e9es selon les normes traditionnelles et toutes sont \u00e9labor\u00e9es avec de l&rsquo;huile d&rsquo;olive biologique MACCHIA VERDE BIO.<\/p>\n<p>L&rsquo;ensemble contient 1 verre de chaque vari\u00e9t\u00e9.<\/p>\n","protected":false},"featured_media":15189,"comment_status":"open","ping_status":"closed","template":"","meta":[],"product_brand":[],"product_cat":[1484,1487],"product_tag":[],"class_list":{"0":"post-15267","1":"product","2":"type-product","3":"status-publish","4":"has-post-thumbnail","6":"product_cat-coffrets-gourmands","7":"product_cat-pates-a-tartiner-cremes","9":"first","10":"instock","11":"taxable","12":"shipping-taxable","13":"purchasable","14":"product-type-simple"},"_links":{"self":[{"href":"https:\/\/macchiaverde-bio.shop\/fr\/wp-json\/wp\/v2\/product\/15267","targetHints":{"allow":["GET"]}}],"collection":[{"href":"https:\/\/macchiaverde-bio.shop\/fr\/wp-json\/wp\/v2\/product"}],"about":[{"href":"https:\/\/macchiaverde-bio.shop\/fr\/wp-json\/wp\/v2\/types\/product"}],"replies":[{"embeddable":true,"href":"https:\/\/macchiaverde-bio.shop\/fr\/wp-json\/wp\/v2\/comments?post=15267"}],"wp:featuredmedia":[{"embeddable":true,"href":"https:\/\/macchiaverde-bio.shop\/fr\/wp-json\/wp\/v2\/media\/15189"}],"wp:attachment":[{"href":"https:\/\/macchiaverde-bio.shop\/fr\/wp-json\/wp\/v2\/media?parent=15267"}],"wp:term":[{"taxonomy":"product_brand","embeddable":true,"href":"https:\/\/macchiaverde-bio.shop\/fr\/wp-json\/wp\/v2\/product_brand?post=15267"},{"taxonomy":"product_cat","embeddable":true,"href":"https:\/\/macchiaverde-bio.shop\/fr\/wp-json\/wp\/v2\/product_cat?post=15267"},{"taxonomy":"product_tag","embeddable":true,"href":"https:\/\/macchiaverde-bio.shop\/fr\/wp-json\/wp\/v2\/product_tag?post=15267"}],"curies":[{"name":"wp","href":"https:\/\/api.w.org\/{rel}","templated":true}]}}