{"id":15264,"date":"2022-12-16T18:48:11","date_gmt":"2022-12-16T17:48:11","guid":{"rendered":"https:\/\/macchiaverde-bio.shop\/?post_type=product&#038;p=15264"},"modified":"2024-06-22T12:05:01","modified_gmt":"2024-06-22T10:05:01","slug":"olives-en-pot-1-kg-2x","status":"publish","type":"product","link":"https:\/\/macchiaverde-bio.shop\/fr\/produkt\/olives-en-pot-1-kg-2x\/","title":{"rendered":"Olives en pot 1 kg (2x) &#8211; qualit\u00e9 gourmande"},"content":{"rendered":"","protected":false},"excerpt":{"rendered":"<p><strong>Olives en pot, vari\u00e9t\u00e9 \u00ab\u00a0Termiti di Bitetto\u00a0\u00bb 1 kg x 2<\/strong><br \/>\nLes olives MACCHIA VERDE sont un produit haut de gamme, purement artisanal, la vari\u00e9t\u00e9 gourmande locale \u00ab\u00a0Termiti di Bitetto\u00a0\u00bb conserv\u00e9e \u00e0 l&rsquo;huile de laurier. Les olives sont exemptes de toute manipulation chimique et sont trait\u00e9es selon les normes traditionnelles, elles sont marin\u00e9es avec de l&rsquo;huile d&rsquo;olive biologique Macchia Verde, cette huile de laurier \u00e9pic\u00e9e doit \u00e9galement \u00eatre utilis\u00e9e apr\u00e8s la consommation des olives.<\/p>\n","protected":false},"featured_media":15139,"comment_status":"open","ping_status":"closed","template":"","meta":[],"product_brand":[],"product_cat":[1484,1486],"product_tag":[],"class_list":{"0":"post-15264","1":"product","2":"type-product","3":"status-publish","4":"has-post-thumbnail","6":"product_cat-coffrets-gourmands","7":"product_cat-olives-fr","9":"first","10":"instock","11":"taxable","12":"shipping-taxable","13":"purchasable","14":"product-type-simple"},"_links":{"self":[{"href":"https:\/\/macchiaverde-bio.shop\/fr\/wp-json\/wp\/v2\/product\/15264","targetHints":{"allow":["GET"]}}],"collection":[{"href":"https:\/\/macchiaverde-bio.shop\/fr\/wp-json\/wp\/v2\/product"}],"about":[{"href":"https:\/\/macchiaverde-bio.shop\/fr\/wp-json\/wp\/v2\/types\/product"}],"replies":[{"embeddable":true,"href":"https:\/\/macchiaverde-bio.shop\/fr\/wp-json\/wp\/v2\/comments?post=15264"}],"wp:featuredmedia":[{"embeddable":true,"href":"https:\/\/macchiaverde-bio.shop\/fr\/wp-json\/wp\/v2\/media\/15139"}],"wp:attachment":[{"href":"https:\/\/macchiaverde-bio.shop\/fr\/wp-json\/wp\/v2\/media?parent=15264"}],"wp:term":[{"taxonomy":"product_brand","embeddable":true,"href":"https:\/\/macchiaverde-bio.shop\/fr\/wp-json\/wp\/v2\/product_brand?post=15264"},{"taxonomy":"product_cat","embeddable":true,"href":"https:\/\/macchiaverde-bio.shop\/fr\/wp-json\/wp\/v2\/product_cat?post=15264"},{"taxonomy":"product_tag","embeddable":true,"href":"https:\/\/macchiaverde-bio.shop\/fr\/wp-json\/wp\/v2\/product_tag?post=15264"}],"curies":[{"name":"wp","href":"https:\/\/api.w.org\/{rel}","templated":true}]}}