{"id":15263,"date":"2022-12-16T18:45:48","date_gmt":"2022-12-16T17:45:48","guid":{"rendered":"https:\/\/macchiaverde-bio.shop\/produkt\/olives-en-bocal-1-kg-qualite-gourmet\/"},"modified":"2024-06-22T12:05:09","modified_gmt":"2024-06-22T10:05:09","slug":"olives-en-bocal-1-kg","status":"publish","type":"product","link":"https:\/\/macchiaverde-bio.shop\/fr\/produkt\/olives-en-bocal-1-kg\/","title":{"rendered":"Olives en bocal 1 kg &#8211; qualit\u00e9 gourmet"},"content":{"rendered":"","protected":false},"excerpt":{"rendered":"<p><strong>Olives en bocal, vari\u00e9t\u00e9 \u00ab\u00a0Termiti di Bitetto\u00a0\u00bb 1 kg<\/strong><br \/>\nLes olives MACCHIA VERDE sont un produit haut de gamme, purement artisanal, la vari\u00e9t\u00e9 gourmande locale \u00ab\u00a0Termiti di Bitetto\u00a0\u00bb conserv\u00e9e \u00e0 l&rsquo;huile de laurier. Les olives sont exemptes de toute manipulation chimique et sont trait\u00e9es selon les normes traditionnelles, elles sont marin\u00e9es avec de l&rsquo;huile d&rsquo;olive biologique Macchia Verde, cette huile de laurier \u00e9pic\u00e9e doit \u00e9galement \u00eatre utilis\u00e9e apr\u00e8s la consommation des olives.<\/p>\n","protected":false},"featured_media":14938,"comment_status":"open","ping_status":"closed","template":"","meta":[],"product_brand":[],"product_cat":[1486],"product_tag":[],"class_list":{"0":"post-15263","1":"product","2":"type-product","3":"status-publish","4":"has-post-thumbnail","6":"product_cat-olives-fr","8":"first","9":"instock","10":"taxable","11":"shipping-taxable","12":"purchasable","13":"product-type-simple"},"_links":{"self":[{"href":"https:\/\/macchiaverde-bio.shop\/fr\/wp-json\/wp\/v2\/product\/15263","targetHints":{"allow":["GET"]}}],"collection":[{"href":"https:\/\/macchiaverde-bio.shop\/fr\/wp-json\/wp\/v2\/product"}],"about":[{"href":"https:\/\/macchiaverde-bio.shop\/fr\/wp-json\/wp\/v2\/types\/product"}],"replies":[{"embeddable":true,"href":"https:\/\/macchiaverde-bio.shop\/fr\/wp-json\/wp\/v2\/comments?post=15263"}],"wp:featuredmedia":[{"embeddable":true,"href":"https:\/\/macchiaverde-bio.shop\/fr\/wp-json\/wp\/v2\/media\/14938"}],"wp:attachment":[{"href":"https:\/\/macchiaverde-bio.shop\/fr\/wp-json\/wp\/v2\/media?parent=15263"}],"wp:term":[{"taxonomy":"product_brand","embeddable":true,"href":"https:\/\/macchiaverde-bio.shop\/fr\/wp-json\/wp\/v2\/product_brand?post=15263"},{"taxonomy":"product_cat","embeddable":true,"href":"https:\/\/macchiaverde-bio.shop\/fr\/wp-json\/wp\/v2\/product_cat?post=15263"},{"taxonomy":"product_tag","embeddable":true,"href":"https:\/\/macchiaverde-bio.shop\/fr\/wp-json\/wp\/v2\/product_tag?post=15263"}],"curies":[{"name":"wp","href":"https:\/\/api.w.org\/{rel}","templated":true}]}}