{"id":15261,"date":"2022-12-16T18:26:19","date_gmt":"2022-12-16T17:26:19","guid":{"rendered":"https:\/\/macchiaverde-bio.shop\/produkt\/amandes-bio-4-x-500-g\/"},"modified":"2024-06-22T12:05:28","modified_gmt":"2024-06-22T10:05:28","slug":"amandes-bio-4-x-500-g","status":"publish","type":"product","link":"https:\/\/macchiaverde-bio.shop\/fr\/produkt\/amandes-bio-4-x-500-g\/","title":{"rendered":"Amandes Bio 4 x 500 g"},"content":{"rendered":"","protected":false},"excerpt":{"rendered":"<p><strong>Vari\u00e9t\u00e9 d&rsquo;amandes bio \u00ab\u00a0Filippo Cea\u00a0\u00bb 500 gx 4<\/strong><br \/>\n Les amandes de la vari\u00e9t\u00e9 \u00ab\u00a0Filippo Cea\u00a0\u00bb sont reconnues par les connaisseurs comme la reine des amandes, et dans les Pouilles, o\u00f9 elle est principalement cultiv\u00e9e, c&rsquo;est l&rsquo;amande des p\u00e2tissiers par excellence. Non seulement en termes de go\u00fbt, mais aussi en termes de teneur en vitamines et oligo-\u00e9l\u00e9ments, il est in\u00e9gal\u00e9. Vous les recevrez de notre part en qualit\u00e9 biologique, fra\u00eechement pel\u00e9s et emball\u00e9s.<\/p>\n","protected":false},"featured_media":15119,"comment_status":"open","ping_status":"closed","template":"","meta":[],"product_brand":[],"product_cat":[1485,1484],"product_tag":[],"class_list":{"0":"post-15261","1":"product","2":"type-product","3":"status-publish","4":"has-post-thumbnail","6":"product_cat-amandes-fr","7":"product_cat-coffrets-gourmands","9":"first","10":"instock","11":"taxable","12":"shipping-taxable","13":"purchasable","14":"product-type-simple"},"_links":{"self":[{"href":"https:\/\/macchiaverde-bio.shop\/fr\/wp-json\/wp\/v2\/product\/15261","targetHints":{"allow":["GET"]}}],"collection":[{"href":"https:\/\/macchiaverde-bio.shop\/fr\/wp-json\/wp\/v2\/product"}],"about":[{"href":"https:\/\/macchiaverde-bio.shop\/fr\/wp-json\/wp\/v2\/types\/product"}],"replies":[{"embeddable":true,"href":"https:\/\/macchiaverde-bio.shop\/fr\/wp-json\/wp\/v2\/comments?post=15261"}],"wp:featuredmedia":[{"embeddable":true,"href":"https:\/\/macchiaverde-bio.shop\/fr\/wp-json\/wp\/v2\/media\/15119"}],"wp:attachment":[{"href":"https:\/\/macchiaverde-bio.shop\/fr\/wp-json\/wp\/v2\/media?parent=15261"}],"wp:term":[{"taxonomy":"product_brand","embeddable":true,"href":"https:\/\/macchiaverde-bio.shop\/fr\/wp-json\/wp\/v2\/product_brand?post=15261"},{"taxonomy":"product_cat","embeddable":true,"href":"https:\/\/macchiaverde-bio.shop\/fr\/wp-json\/wp\/v2\/product_cat?post=15261"},{"taxonomy":"product_tag","embeddable":true,"href":"https:\/\/macchiaverde-bio.shop\/fr\/wp-json\/wp\/v2\/product_tag?post=15261"}],"curies":[{"name":"wp","href":"https:\/\/api.w.org\/{rel}","templated":true}]}}