{"id":15260,"date":"2022-12-16T18:25:46","date_gmt":"2022-12-16T17:25:46","guid":{"rendered":"https:\/\/macchiaverde-bio.shop\/produkt\/amandes-bio-2-x-500-g\/"},"modified":"2024-06-22T12:05:36","modified_gmt":"2024-06-22T10:05:36","slug":"amandes-bio-2-x-500-g","status":"publish","type":"product","link":"https:\/\/macchiaverde-bio.shop\/fr\/produkt\/amandes-bio-2-x-500-g\/","title":{"rendered":"Amandes Bio 2 x 500 g"},"content":{"rendered":"","protected":false},"excerpt":{"rendered":"<p>Amandes bio de la vari\u00e9t\u00e9 \u00ab\u00a0Filippo Cea\u00a0\u00bb 500 gx 2<br \/>\nL&rsquo;amande de la vari\u00e9t\u00e9 \u00ab\u00a0Filippo Cea\u00a0\u00bb est consid\u00e9r\u00e9e par les connaisseurs comme la reine des amandes et est l&rsquo;amande par excellence des p\u00e2tissiers des Pouilles, o\u00f9 elle est principalement cultiv\u00e9e. Il est in\u00e9gal\u00e9 non seulement en termes de go\u00fbt, mais \u00e9galement en termes de teneur en vitamines et oligo-\u00e9l\u00e9ments. Ils nous parviennent en qualit\u00e9 biologique, fra\u00eechement \u00e9pluch\u00e9s et emball\u00e9s.<\/p>\n","protected":false},"featured_media":15109,"comment_status":"open","ping_status":"closed","template":"","meta":[],"product_brand":[],"product_cat":[1485,1484],"product_tag":[],"class_list":{"0":"post-15260","1":"product","2":"type-product","3":"status-publish","4":"has-post-thumbnail","6":"product_cat-amandes-fr","7":"product_cat-coffrets-gourmands","8":"product_shipping_class-reduzierte-pauschale-fr","10":"first","11":"instock","12":"taxable","13":"shipping-taxable","14":"purchasable","15":"product-type-simple"},"_links":{"self":[{"href":"https:\/\/macchiaverde-bio.shop\/fr\/wp-json\/wp\/v2\/product\/15260","targetHints":{"allow":["GET"]}}],"collection":[{"href":"https:\/\/macchiaverde-bio.shop\/fr\/wp-json\/wp\/v2\/product"}],"about":[{"href":"https:\/\/macchiaverde-bio.shop\/fr\/wp-json\/wp\/v2\/types\/product"}],"replies":[{"embeddable":true,"href":"https:\/\/macchiaverde-bio.shop\/fr\/wp-json\/wp\/v2\/comments?post=15260"}],"wp:featuredmedia":[{"embeddable":true,"href":"https:\/\/macchiaverde-bio.shop\/fr\/wp-json\/wp\/v2\/media\/15109"}],"wp:attachment":[{"href":"https:\/\/macchiaverde-bio.shop\/fr\/wp-json\/wp\/v2\/media?parent=15260"}],"wp:term":[{"taxonomy":"product_brand","embeddable":true,"href":"https:\/\/macchiaverde-bio.shop\/fr\/wp-json\/wp\/v2\/product_brand?post=15260"},{"taxonomy":"product_cat","embeddable":true,"href":"https:\/\/macchiaverde-bio.shop\/fr\/wp-json\/wp\/v2\/product_cat?post=15260"},{"taxonomy":"product_tag","embeddable":true,"href":"https:\/\/macchiaverde-bio.shop\/fr\/wp-json\/wp\/v2\/product_tag?post=15260"}],"curies":[{"name":"wp","href":"https:\/\/api.w.org\/{rel}","templated":true}]}}