{"id":14168,"date":"2020-04-05T04:05:37","date_gmt":"2020-04-05T02:05:37","guid":{"rendered":"https:\/\/macchiaverde-bio.shop\/produkt\/coffret-cadeau-huile-dolive-1\/"},"modified":"2024-06-22T12:06:00","modified_gmt":"2024-06-22T10:06:00","slug":"coffret-cadeau-huile-dolive-1","status":"publish","type":"product","link":"https:\/\/macchiaverde-bio.shop\/fr\/produkt\/coffret-cadeau-huile-dolive-1\/","title":{"rendered":"Coffret cadeau huile d&rsquo;olive 1"},"content":{"rendered":"","protected":false},"excerpt":{"rendered":"<p><strong>&#8211; Coffret Cadeau Huile d&rsquo;Olive &#8211;<\/strong><br \/>\nCe coffret cadeau gourmand est un succ\u00e8s parmi les cadeaux pour les plus exigeants.<\/p>\n<p>Il contient:<br \/>\nUne bouteille de 500 ml de Smeraldo, une huile verte riche et cors\u00e9e de la plus haute qualit\u00e9, press\u00e9e \u00e0 partir d&rsquo;olives 100% Coratina. Elle a particip\u00e9 ann\u00e9e apr\u00e8s ann\u00e9e \u00e0 toutes les comp\u00e9titions nationales et internationales, remportant des m\u00e9dailles d&rsquo;or dans la cat\u00e9gorie \u00ab\u00a0Full Fruit\u00a0\u00bb et est \u00e0 la pointe de la production internationale d&rsquo;huile d&rsquo;olive avec ses polyph\u00e9nols de 1081 mg\/kg (r\u00e9colte 2021\/2022).<\/p>\n<p>Les amandes \u00ab\u00a0Filippo Cea\u00a0\u00bb, la reine des amandes en termes de saveur et d&rsquo;ingr\u00e9dients (gr\u00e2ce \u00e0 leur teneur en calcium, magn\u00e9sium, potassium et vitamines E et B),<\/p>\n<p>et nos olives g\u00e9antes farcies en saumure dans notre huile d&rsquo;olive.<\/p>\n","protected":false},"featured_media":13893,"comment_status":"open","ping_status":"closed","template":"","meta":[],"product_brand":[],"product_cat":[1278,1369],"product_tag":[1282,1283,1347,1281],"class_list":{"0":"post-14168","1":"product","2":"type-product","3":"status-publish","4":"has-post-thumbnail","6":"product_cat-bouteilles-dhuile-dolive","7":"product_cat-coffrets-cadeaux","8":"product_tag-fruite","9":"product_tag-intensif","10":"product_tag-offre","11":"product_tag-olivenoel-fr","13":"first","14":"instock","15":"taxable","16":"shipping-taxable","17":"purchasable","18":"product-type-simple"},"_links":{"self":[{"href":"https:\/\/macchiaverde-bio.shop\/fr\/wp-json\/wp\/v2\/product\/14168","targetHints":{"allow":["GET"]}}],"collection":[{"href":"https:\/\/macchiaverde-bio.shop\/fr\/wp-json\/wp\/v2\/product"}],"about":[{"href":"https:\/\/macchiaverde-bio.shop\/fr\/wp-json\/wp\/v2\/types\/product"}],"replies":[{"embeddable":true,"href":"https:\/\/macchiaverde-bio.shop\/fr\/wp-json\/wp\/v2\/comments?post=14168"}],"wp:featuredmedia":[{"embeddable":true,"href":"https:\/\/macchiaverde-bio.shop\/fr\/wp-json\/wp\/v2\/media\/13893"}],"wp:attachment":[{"href":"https:\/\/macchiaverde-bio.shop\/fr\/wp-json\/wp\/v2\/media?parent=14168"}],"wp:term":[{"taxonomy":"product_brand","embeddable":true,"href":"https:\/\/macchiaverde-bio.shop\/fr\/wp-json\/wp\/v2\/product_brand?post=14168"},{"taxonomy":"product_cat","embeddable":true,"href":"https:\/\/macchiaverde-bio.shop\/fr\/wp-json\/wp\/v2\/product_cat?post=14168"},{"taxonomy":"product_tag","embeddable":true,"href":"https:\/\/macchiaverde-bio.shop\/fr\/wp-json\/wp\/v2\/product_tag?post=14168"}],"curies":[{"name":"wp","href":"https:\/\/api.w.org\/{rel}","templated":true}]}}