{"id":14167,"date":"2020-04-05T04:36:31","date_gmt":"2020-04-05T02:36:31","guid":{"rendered":"https:\/\/macchiaverde-bio.shop\/produkt\/coffret-cadeau-huile-dolive-2\/"},"modified":"2024-06-22T12:05:57","modified_gmt":"2024-06-22T10:05:57","slug":"coffret-cadeau-huile-dolive-2","status":"publish","type":"product","link":"https:\/\/macchiaverde-bio.shop\/fr\/produkt\/coffret-cadeau-huile-dolive-2\/","title":{"rendered":"Coffret cadeau huile d&rsquo;olive 2"},"content":{"rendered":"","protected":false},"excerpt":{"rendered":"<p><strong>&#8211; Coffret cadeau huile d&rsquo;olive &#8211;<\/strong><br \/>\nCe coffret cadeau gourmand sera un succ\u00e8s lors d&rsquo;un cadeau aux personnes exigeantes.<\/p>\n<p>Il contient deux flacons de 500 ml :<br \/>\n1 x Smeraldo, une huile verte riche et cors\u00e9e de la plus haute qualit\u00e9<br \/>\nest press\u00e9 \u00e0 partir d&rsquo;olives 100% Coratina. Ann\u00e9e apr\u00e8s ann\u00e9e, il a particip\u00e9 \u00e0 tous les concours nationaux et internationaux et s&rsquo;est vu d\u00e9cerner une m\u00e9daille d&rsquo;or dans la cat\u00e9gorie \u00ab\u00a0plein fruit\u00a0\u00bb. Avec ses 710 mg\/kg de polyph\u00e9nols (r\u00e9colte 2019\/2020) elle est en t\u00eate de la production mondiale d&rsquo;huile.<br \/>\n1x Eliodoro, une huile jaune dor\u00e9e \u00e9quilibr\u00e9e de la plus haute qualit\u00e9<br \/>\nest obtenu \u00e0 partir de 70% d&rsquo;olives Coratina et 30% d&rsquo;olives Ogliarola. Il a particip\u00e9 \u00e0 tous les concours nationaux et internationaux et a \u00e9t\u00e9 m\u00e9daill\u00e9 d&rsquo;argent dans la cat\u00e9gorie \u00ab mi-fruit\u00e9 \u00bb.<\/p>\n","protected":false},"featured_media":13899,"comment_status":"open","ping_status":"closed","template":"","meta":[],"product_brand":[],"product_cat":[1278,1369],"product_tag":[1282,1283,1347,1281],"class_list":{"0":"post-14167","1":"product","2":"type-product","3":"status-publish","4":"has-post-thumbnail","6":"product_cat-bouteilles-dhuile-dolive","7":"product_cat-coffrets-cadeaux","8":"product_tag-fruite","9":"product_tag-intensif","10":"product_tag-offre","11":"product_tag-olivenoel-fr","13":"first","14":"instock","15":"taxable","16":"shipping-taxable","17":"purchasable","18":"product-type-simple"},"_links":{"self":[{"href":"https:\/\/macchiaverde-bio.shop\/fr\/wp-json\/wp\/v2\/product\/14167","targetHints":{"allow":["GET"]}}],"collection":[{"href":"https:\/\/macchiaverde-bio.shop\/fr\/wp-json\/wp\/v2\/product"}],"about":[{"href":"https:\/\/macchiaverde-bio.shop\/fr\/wp-json\/wp\/v2\/types\/product"}],"replies":[{"embeddable":true,"href":"https:\/\/macchiaverde-bio.shop\/fr\/wp-json\/wp\/v2\/comments?post=14167"}],"wp:featuredmedia":[{"embeddable":true,"href":"https:\/\/macchiaverde-bio.shop\/fr\/wp-json\/wp\/v2\/media\/13899"}],"wp:attachment":[{"href":"https:\/\/macchiaverde-bio.shop\/fr\/wp-json\/wp\/v2\/media?parent=14167"}],"wp:term":[{"taxonomy":"product_brand","embeddable":true,"href":"https:\/\/macchiaverde-bio.shop\/fr\/wp-json\/wp\/v2\/product_brand?post=14167"},{"taxonomy":"product_cat","embeddable":true,"href":"https:\/\/macchiaverde-bio.shop\/fr\/wp-json\/wp\/v2\/product_cat?post=14167"},{"taxonomy":"product_tag","embeddable":true,"href":"https:\/\/macchiaverde-bio.shop\/fr\/wp-json\/wp\/v2\/product_tag?post=14167"}],"curies":[{"name":"wp","href":"https:\/\/api.w.org\/{rel}","templated":true}]}}