{"id":14166,"date":"2020-04-29T00:57:50","date_gmt":"2020-04-28T22:57:50","guid":{"rendered":"https:\/\/macchiaverde-bio.shop\/produkt\/huile-dolive-biologique-lo-smeraldo-leliodoro-bag-in-box-2-x-5-l\/"},"modified":"2024-06-22T12:05:45","modified_gmt":"2024-06-22T10:05:45","slug":"huile-dolive-bio-lo-smeraldo-leliodoro-bag-in-box-2-x-5-l","status":"publish","type":"product","link":"https:\/\/macchiaverde-bio.shop\/fr\/produkt\/huile-dolive-bio-lo-smeraldo-leliodoro-bag-in-box-2-x-5-l\/","title":{"rendered":"Huile d&rsquo;olive biologique &#8211; Lo Smeraldo + L&rsquo;Eliodoro &#8211; Bag in Box 2 x 5 L"},"content":{"rendered":"","protected":false},"excerpt":{"rendered":"<p><strong>Huile d&rsquo;Olive Bio : Smeraldo + Eliodoro &#8211; 2 x 5 litres bag in box &#8211;<\/strong><\/p>\n<p>Lo Smeraldo est une huile verte de premi\u00e8re qualit\u00e9, riche et cors\u00e9e, press\u00e9e \u00e0 partir d&rsquo;olives 100% Coratina. Il a particip\u00e9 ann\u00e9e apr\u00e8s ann\u00e9e \u00e0 tous les concours nationaux et internationaux et a re\u00e7u plusieurs prix de platine dans la cat\u00e9gorie \u00ab full fruit\u00e9 \u00bb. Avec <strong>1246 mg\/kg<\/strong> de polyph\u00e9nols, elle est l&rsquo;une des principales huiles d&rsquo;olive internationales. Eliodoro est une huile jaune dor\u00e9e \u00e9quilibr\u00e9e de la plus haute qualit\u00e9, compos\u00e9e \u00e0 70% d&rsquo;olives Coratina et \u00e0 30% d&rsquo;olives Ogliarola. Il a \u00e9t\u00e9 m\u00e9daill\u00e9 d&rsquo;argent dans la cat\u00e9gorie \u00ab fruit\u00e9 moyen \u00bb lors de concours nationaux et internationaux et se classe en t\u00eate de cette cat\u00e9gorie avec 714 mg\/kg de polyph\u00e9nols.<\/p>\n","protected":false},"featured_media":14019,"comment_status":"closed","ping_status":"closed","template":"","meta":[],"product_brand":[],"product_cat":[1361,1279],"product_tag":[1282,1281],"class_list":{"0":"post-14166","1":"product","2":"type-product","3":"status-publish","4":"has-post-thumbnail","6":"product_cat-bag-in-box-dhuile-dolive","7":"product_cat-offres-speciales","8":"product_tag-fruite","9":"product_tag-olivenoel-fr","11":"first","12":"instock","13":"taxable","14":"shipping-taxable","15":"purchasable","16":"product-type-simple"},"_links":{"self":[{"href":"https:\/\/macchiaverde-bio.shop\/fr\/wp-json\/wp\/v2\/product\/14166","targetHints":{"allow":["GET"]}}],"collection":[{"href":"https:\/\/macchiaverde-bio.shop\/fr\/wp-json\/wp\/v2\/product"}],"about":[{"href":"https:\/\/macchiaverde-bio.shop\/fr\/wp-json\/wp\/v2\/types\/product"}],"replies":[{"embeddable":true,"href":"https:\/\/macchiaverde-bio.shop\/fr\/wp-json\/wp\/v2\/comments?post=14166"}],"wp:featuredmedia":[{"embeddable":true,"href":"https:\/\/macchiaverde-bio.shop\/fr\/wp-json\/wp\/v2\/media\/14019"}],"wp:attachment":[{"href":"https:\/\/macchiaverde-bio.shop\/fr\/wp-json\/wp\/v2\/media?parent=14166"}],"wp:term":[{"taxonomy":"product_brand","embeddable":true,"href":"https:\/\/macchiaverde-bio.shop\/fr\/wp-json\/wp\/v2\/product_brand?post=14166"},{"taxonomy":"product_cat","embeddable":true,"href":"https:\/\/macchiaverde-bio.shop\/fr\/wp-json\/wp\/v2\/product_cat?post=14166"},{"taxonomy":"product_tag","embeddable":true,"href":"https:\/\/macchiaverde-bio.shop\/fr\/wp-json\/wp\/v2\/product_tag?post=14166"}],"curies":[{"name":"wp","href":"https:\/\/api.w.org\/{rel}","templated":true}]}}