{"id":14165,"date":"2020-03-16T00:31:53","date_gmt":"2020-03-15T23:31:53","guid":{"rendered":"https:\/\/macchiaverde-bio.shop\/produkt\/huile-dolive-bio-leliodoro-bag-in-box-2-x-5-l\/"},"modified":"2024-06-22T12:06:25","modified_gmt":"2024-06-22T10:06:25","slug":"huile-d-olive-bio-eliodoro-bag-in-box-2-x-5-l","status":"publish","type":"product","link":"https:\/\/macchiaverde-bio.shop\/fr\/produkt\/huile-d-olive-bio-eliodoro-bag-in-box-2-x-5-l\/","title":{"rendered":"Huile d&rsquo;Olive Bio &#8211; L&rsquo;Eliodoro &#8211; Bag In Box 2 x 5 L"},"content":{"rendered":"","protected":false},"excerpt":{"rendered":"<p>&#8211; <strong>2 x sacchetto de 5 litres en scatola &#8211;<\/strong><br \/>\nL&rsquo;Eliodoro est une huile d&rsquo;olive dor\u00e9e avec un \u00e9quilibre qualitatif \u00e9lev\u00e9, avec 70% de Coratina et 30% d&rsquo;olive Ogliarola. C&rsquo;est un prix dans les concours nationaux et internationaux pour toutes les m\u00e9dailles d&rsquo;argent dans la cat\u00e9gorie \u00ab\u00a0Fruttato medium\u00a0\u00bb, avec un maximum de 714 mg\/kg de polyfenoli et est l&rsquo;un des leaders de cette cat\u00e9gorie. Dans le pratique \u00ab\u00a0bag in box\u00a0\u00bb, l&rsquo;huile d&rsquo;olive est fra\u00eechement pr\u00e9par\u00e9e chaque jour, d\u00e8s le premier jour.<\/p>\n","protected":false},"featured_media":14016,"comment_status":"open","ping_status":"closed","template":"","meta":[],"product_brand":[],"product_cat":[1361,1279],"product_tag":[1282,1283,1347,1281],"class_list":{"0":"post-14165","1":"product","2":"type-product","3":"status-publish","4":"has-post-thumbnail","6":"product_cat-bag-in-box-dhuile-dolive","7":"product_cat-offres-speciales","8":"product_tag-fruite","9":"product_tag-intensif","10":"product_tag-offre","11":"product_tag-olivenoel-fr","13":"first","14":"instock","15":"taxable","16":"shipping-taxable","17":"purchasable","18":"product-type-simple"},"_links":{"self":[{"href":"https:\/\/macchiaverde-bio.shop\/fr\/wp-json\/wp\/v2\/product\/14165","targetHints":{"allow":["GET"]}}],"collection":[{"href":"https:\/\/macchiaverde-bio.shop\/fr\/wp-json\/wp\/v2\/product"}],"about":[{"href":"https:\/\/macchiaverde-bio.shop\/fr\/wp-json\/wp\/v2\/types\/product"}],"replies":[{"embeddable":true,"href":"https:\/\/macchiaverde-bio.shop\/fr\/wp-json\/wp\/v2\/comments?post=14165"}],"wp:featuredmedia":[{"embeddable":true,"href":"https:\/\/macchiaverde-bio.shop\/fr\/wp-json\/wp\/v2\/media\/14016"}],"wp:attachment":[{"href":"https:\/\/macchiaverde-bio.shop\/fr\/wp-json\/wp\/v2\/media?parent=14165"}],"wp:term":[{"taxonomy":"product_brand","embeddable":true,"href":"https:\/\/macchiaverde-bio.shop\/fr\/wp-json\/wp\/v2\/product_brand?post=14165"},{"taxonomy":"product_cat","embeddable":true,"href":"https:\/\/macchiaverde-bio.shop\/fr\/wp-json\/wp\/v2\/product_cat?post=14165"},{"taxonomy":"product_tag","embeddable":true,"href":"https:\/\/macchiaverde-bio.shop\/fr\/wp-json\/wp\/v2\/product_tag?post=14165"}],"curies":[{"name":"wp","href":"https:\/\/api.w.org\/{rel}","templated":true}]}}